{"id":13182,"date":"2024-10-22T10:14:53","date_gmt":"2024-10-22T10:14:53","guid":{"rendered":"https:\/\/pararepublique.com\/?post_type=product&#038;p=13182"},"modified":"2024-10-22T10:14:53","modified_gmt":"2024-10-22T10:14:53","slug":"mustele-bb-gel-lavant-cold-cream","status":"publish","type":"product","link":"https:\/\/pararepublique.com\/index.php\/product\/mustele-bb-gel-lavant-cold-cream\/","title":{"rendered":"MUSTELE BB GEL LAVANT COLD  CREAM"},"content":{"rendered":"<h3><strong>Mustela B\u00e9b\u00e9 Gel Lavant Cold Cream \u2013 2-en-1 Corps et Cheveux<\/strong><\/h3>\n<p>Le <strong>Gel Lavant Cold Cream<\/strong> de Mustela est sp\u00e9cialement formul\u00e9 pour nettoyer en douceur et nourrir intens\u00e9ment la peau s\u00e8che et fragile des b\u00e9b\u00e9s d\u00e8s la naissance. Id\u00e9al pour les peaux qui n\u00e9cessitent une protection suppl\u00e9mentaire contre le dess\u00e8chement.<\/p>\n<ul>\n<li><strong>Nettoyage Doux et Nourrissant<\/strong> : Enrichi en <strong>Cold Cream naturelle<\/strong> et en pers\u00e9ose d\u2019avocat, ce gel lavant nettoie efficacement la peau et les cheveux tout en pr\u00e9servant la barri\u00e8re cutan\u00e9e et en renfor\u00e7ant l&rsquo;hydratation naturelle de la peau.<\/li>\n<li><strong>Hydratation Intense<\/strong> : Gr\u00e2ce \u00e0 sa formule au Cold Cream, il nourrit intens\u00e9ment la peau s\u00e8che et la prot\u00e8ge des agressions ext\u00e9rieures, telles que le vent ou le froid.<\/li>\n<li><strong>Soin Corps et Cheveux<\/strong> : Ce gel 2-en-1 est id\u00e9al pour une utilisation quotidienne, apportant douceur et confort \u00e0 la peau tout en laissant les cheveux propres et soyeux.<\/li>\n<li><strong>Formulation Hypoallerg\u00e9nique<\/strong> : Test\u00e9 sous contr\u00f4le dermatologique et p\u00e9diatrique, il est adapt\u00e9 d\u00e8s la naissance et con\u00e7u pour minimiser les risques d&rsquo;allergie.<\/li>\n<li><strong>Sans Savon, Parfum L\u00e9ger<\/strong> : Formul\u00e9 sans savon, ce gel lavant respecte l&rsquo;\u00e9quilibre fragile de la peau et du cuir chevelu tout en laissant un parfum doux et agr\u00e9able.<\/li>\n<\/ul>\n<p>Le <strong>Mustela B\u00e9b\u00e9 Gel Lavant Cold Cream<\/strong> est parfait pour les b\u00e9b\u00e9s ayant la peau s\u00e8che ou expos\u00e9s \u00e0 des conditions climatiques difficiles, offrant un nettoyage tout en douceur, tout en nourrissant et prot\u00e9geant la peau et les cheveux.<\/p>\n","protected":false},"excerpt":{"rendered":"<p>Le <strong>Gel Lavant Cold Cream<\/strong> de Mustela est sp\u00e9cialement formul\u00e9 pour nettoyer en douceur et nourrir intens\u00e9ment la peau s\u00e8che et fragile des b\u00e9b\u00e9s d\u00e8s la naissance. Id\u00e9al pour les peaux qui n\u00e9cessitent une protection suppl\u00e9mentaire contre le dess\u00e8chement.<\/p>\n<ul>\n<li><\/li>\n<\/ul>\n","protected":false},"featured_media":13183,"comment_status":"open","ping_status":"closed","template":"","meta":{"inline_featured_image":false,"_monsterinsights_skip_tracking":false,"_monsterinsights_sitenote_active":false,"_monsterinsights_sitenote_note":"","_monsterinsights_sitenote_category":0,"_joinchat":[]},"product_cat":[150],"product_tag":[],"class_list":{"0":"post-13182","1":"product","2":"type-product","3":"status-publish","4":"has-post-thumbnail","6":"product_cat-mustela","8":"first","9":"instock","10":"shipping-taxable","11":"purchasable","12":"product-type-simple","13":"add-to-wishlist-after_add_to_cart"},"aioseo_notices":[],"_links":{"self":[{"href":"https:\/\/pararepublique.com\/index.php\/wp-json\/wp\/v2\/product\/13182","targetHints":{"allow":["GET"]}}],"collection":[{"href":"https:\/\/pararepublique.com\/index.php\/wp-json\/wp\/v2\/product"}],"about":[{"href":"https:\/\/pararepublique.com\/index.php\/wp-json\/wp\/v2\/types\/product"}],"replies":[{"embeddable":true,"href":"https:\/\/pararepublique.com\/index.php\/wp-json\/wp\/v2\/comments?post=13182"}],"version-history":[{"count":2,"href":"https:\/\/pararepublique.com\/index.php\/wp-json\/wp\/v2\/product\/13182\/revisions"}],"predecessor-version":[{"id":13185,"href":"https:\/\/pararepublique.com\/index.php\/wp-json\/wp\/v2\/product\/13182\/revisions\/13185"}],"wp:featuredmedia":[{"embeddable":true,"href":"https:\/\/pararepublique.com\/index.php\/wp-json\/wp\/v2\/media\/13183"}],"wp:attachment":[{"href":"https:\/\/pararepublique.com\/index.php\/wp-json\/wp\/v2\/media?parent=13182"}],"wp:term":[{"taxonomy":"product_cat","embeddable":true,"href":"https:\/\/pararepublique.com\/index.php\/wp-json\/wp\/v2\/product_cat?post=13182"},{"taxonomy":"product_tag","embeddable":true,"href":"https:\/\/pararepublique.com\/index.php\/wp-json\/wp\/v2\/product_tag?post=13182"}],"curies":[{"name":"wp","href":"https:\/\/api.w.org\/{rel}","templated":true}]}}