{"id":13189,"date":"2024-10-22T10:20:54","date_gmt":"2024-10-22T10:20:54","guid":{"rendered":"https:\/\/pararepublique.com\/?post_type=product&#038;p=13189"},"modified":"2024-10-22T10:20:55","modified_gmt":"2024-10-22T10:20:55","slug":"mustele-bb-gel-lavant-doux-cheveux-et-corps","status":"publish","type":"product","link":"https:\/\/pararepublique.com\/index.php\/product\/mustele-bb-gel-lavant-doux-cheveux-et-corps\/","title":{"rendered":"MUSTELE BB GEL LAVANT DOUX CHEVEUX ET CORPS"},"content":{"rendered":"<p>Le <strong>Gel Lavant Doux Cheveux et Corps<\/strong> de Mustela est con\u00e7u pour nettoyer en douceur la peau et les cheveux d\u00e9licats des b\u00e9b\u00e9s et des jeunes enfants, tout en respectant leur \u00e9quilibre cutan\u00e9 fragile.<\/p>\n<ul>\n<li><strong>Nettoyage 2-en-1<\/strong> : Formul\u00e9 pour nettoyer \u00e0 la fois le corps et les cheveux, ce gel lavant doux est pratique pour un bain complet, sans irriter la peau ou le cuir chevelu d\u00e9licat de b\u00e9b\u00e9.<\/li>\n<li><strong>Hydratation et Protection<\/strong> : Enrichi en pers\u00e9ose d\u2019avocat, il aide \u00e0 renforcer la barri\u00e8re cutan\u00e9e et \u00e0 prot\u00e9ger la peau contre le dess\u00e8chement, tout en maintenant son hydratation naturelle.<\/li>\n<li><strong>Formule Douce et Respectueuse<\/strong> : Sa formule sans savon et au pH neutre respecte l\u2019\u00e9quilibre fragile de la peau et du cuir chevelu, et convient d\u00e8s la naissance.<\/li>\n<li><strong>Facile \u00e0 Rincer<\/strong> : Sa mousse l\u00e9g\u00e8re et agr\u00e9able se rince facilement, laissant la peau douce et les cheveux propres, soyeux et l\u00e9g\u00e8rement parfum\u00e9s.<\/li>\n<li><strong>Hypoallerg\u00e9nique<\/strong> : Test\u00e9 sous contr\u00f4le dermatologique et p\u00e9diatrique, il est adapt\u00e9 aux peaux sensibles et \u00e0 un usage quotidien sans risque d&rsquo;irritation.<\/li>\n<\/ul>\n<p>Le <strong>Mustela B\u00e9b\u00e9 Gel Lavant Doux Cheveux et Corps<\/strong> est le choix id\u00e9al pour un bain rapide et efficace, apportant fra\u00eecheur, douceur et hydratation \u00e0 la peau et aux cheveux de votre b\u00e9b\u00e9.<\/p>\n","protected":false},"excerpt":{"rendered":"<p>Le <strong>Gel Lavant Doux Cheveux et Corps<\/strong> de Mustela est con\u00e7u pour nettoyer en douceur la peau et les cheveux d\u00e9licats des b\u00e9b\u00e9s et des jeunes enfants, tout en respectant leur \u00e9quilibre cutan\u00e9 fragile.<\/p>\n","protected":false},"featured_media":13190,"comment_status":"open","ping_status":"closed","template":"","meta":{"inline_featured_image":false,"_monsterinsights_skip_tracking":false,"_monsterinsights_sitenote_active":false,"_monsterinsights_sitenote_note":"","_monsterinsights_sitenote_category":0,"_joinchat":[]},"product_cat":[150],"product_tag":[],"class_list":{"0":"post-13189","1":"product","2":"type-product","3":"status-publish","4":"has-post-thumbnail","6":"product_cat-mustela","8":"first","9":"instock","10":"shipping-taxable","11":"purchasable","12":"product-type-simple","13":"add-to-wishlist-after_add_to_cart"},"aioseo_notices":[],"_links":{"self":[{"href":"https:\/\/pararepublique.com\/index.php\/wp-json\/wp\/v2\/product\/13189","targetHints":{"allow":["GET"]}}],"collection":[{"href":"https:\/\/pararepublique.com\/index.php\/wp-json\/wp\/v2\/product"}],"about":[{"href":"https:\/\/pararepublique.com\/index.php\/wp-json\/wp\/v2\/types\/product"}],"replies":[{"embeddable":true,"href":"https:\/\/pararepublique.com\/index.php\/wp-json\/wp\/v2\/comments?post=13189"}],"version-history":[{"count":1,"href":"https:\/\/pararepublique.com\/index.php\/wp-json\/wp\/v2\/product\/13189\/revisions"}],"predecessor-version":[{"id":13191,"href":"https:\/\/pararepublique.com\/index.php\/wp-json\/wp\/v2\/product\/13189\/revisions\/13191"}],"wp:featuredmedia":[{"embeddable":true,"href":"https:\/\/pararepublique.com\/index.php\/wp-json\/wp\/v2\/media\/13190"}],"wp:attachment":[{"href":"https:\/\/pararepublique.com\/index.php\/wp-json\/wp\/v2\/media?parent=13189"}],"wp:term":[{"taxonomy":"product_cat","embeddable":true,"href":"https:\/\/pararepublique.com\/index.php\/wp-json\/wp\/v2\/product_cat?post=13189"},{"taxonomy":"product_tag","embeddable":true,"href":"https:\/\/pararepublique.com\/index.php\/wp-json\/wp\/v2\/product_tag?post=13189"}],"curies":[{"name":"wp","href":"https:\/\/api.w.org\/{rel}","templated":true}]}}