{"id":13192,"date":"2024-10-22T10:23:20","date_gmt":"2024-10-22T10:23:20","guid":{"rendered":"https:\/\/pararepublique.com\/?post_type=product&#038;p=13192"},"modified":"2024-10-22T10:23:20","modified_gmt":"2024-10-22T10:23:20","slug":"mustele-bb-huile-massage-100ml","status":"publish","type":"product","link":"https:\/\/pararepublique.com\/index.php\/product\/mustele-bb-huile-massage-100ml\/","title":{"rendered":"MUSTELE BB HUILE MASSAGE  100ML"},"content":{"rendered":"<p>Offrez \u00e0 votre b\u00e9b\u00e9 un moment de d\u00e9tente et de douceur avec l&rsquo;<strong>Huile de Massage Mustela B\u00e9b\u00e9<\/strong>. Sp\u00e9cialement formul\u00e9e pour nourrir et prot\u00e9ger la peau d\u00e9licate des b\u00e9b\u00e9s, cette huile rend le massage un moment de complicit\u00e9 agr\u00e9able et apaisant.<\/p>\n<ul>\n<li><strong>Hydratation et Protection<\/strong> : Enrichie en huile d&rsquo;avocat d&rsquo;origine naturelle, cette huile nourrit intens\u00e9ment et prot\u00e8ge la peau fragile des tout-petits, en pr\u00e9servant l&rsquo;hydratation naturelle.<\/li>\n<li><strong>Texture Soyeuse et Non Grasse<\/strong> : Sa texture s\u00e8che et soyeuse glisse facilement sur la peau sans laisser de film gras, permettant un massage agr\u00e9able tout en douceur.<\/li>\n<li><strong>Apaisante et Relaxante<\/strong> : L&rsquo;huile aide \u00e0 apaiser et \u00e0 relaxer b\u00e9b\u00e9 pendant le massage, offrant un moment de bien-\u00eatre et de confort.<\/li>\n<li><strong>Formule Hypoallerg\u00e9nique<\/strong> : Test\u00e9e sous contr\u00f4le dermatologique et p\u00e9diatrique, elle est parfaitement adapt\u00e9e d\u00e8s la naissance et convient m\u00eame aux peaux les plus sensibles.<\/li>\n<li><strong>Sans Parfum<\/strong> : Sans parfum ajout\u00e9, elle respecte la sensibilit\u00e9 olfactive des b\u00e9b\u00e9s tout en garantissant un soin doux et naturel.<\/li>\n<\/ul>\n<p>Le format de <strong>100 ml<\/strong> est parfait pour une utilisation r\u00e9guli\u00e8re, permettant de nourrir et prot\u00e9ger la peau tout en partageant des moments de tendresse avec votre b\u00e9b\u00e9.<\/p>\n","protected":false},"excerpt":{"rendered":"<p>Offrez \u00e0 votre b\u00e9b\u00e9 un moment de d\u00e9tente et de douceur avec l&rsquo;<strong>Huile de Massage Mustela B\u00e9b\u00e9<\/strong>. Sp\u00e9cialement formul\u00e9e pour nourrir et prot\u00e9ger la peau d\u00e9licate des b\u00e9b\u00e9s, cette huile rend le massage un moment de complicit\u00e9 agr\u00e9able et apaisant.<\/p>\n","protected":false},"featured_media":13193,"comment_status":"open","ping_status":"closed","template":"","meta":{"inline_featured_image":false,"_monsterinsights_skip_tracking":false,"_monsterinsights_sitenote_active":false,"_monsterinsights_sitenote_note":"","_monsterinsights_sitenote_category":0,"_joinchat":[]},"product_cat":[150],"product_tag":[],"class_list":{"0":"post-13192","1":"product","2":"type-product","3":"status-publish","4":"has-post-thumbnail","6":"product_cat-mustela","8":"first","9":"instock","10":"shipping-taxable","11":"purchasable","12":"product-type-simple","13":"add-to-wishlist-after_add_to_cart"},"aioseo_notices":[],"_links":{"self":[{"href":"https:\/\/pararepublique.com\/index.php\/wp-json\/wp\/v2\/product\/13192","targetHints":{"allow":["GET"]}}],"collection":[{"href":"https:\/\/pararepublique.com\/index.php\/wp-json\/wp\/v2\/product"}],"about":[{"href":"https:\/\/pararepublique.com\/index.php\/wp-json\/wp\/v2\/types\/product"}],"replies":[{"embeddable":true,"href":"https:\/\/pararepublique.com\/index.php\/wp-json\/wp\/v2\/comments?post=13192"}],"version-history":[{"count":1,"href":"https:\/\/pararepublique.com\/index.php\/wp-json\/wp\/v2\/product\/13192\/revisions"}],"predecessor-version":[{"id":13194,"href":"https:\/\/pararepublique.com\/index.php\/wp-json\/wp\/v2\/product\/13192\/revisions\/13194"}],"wp:featuredmedia":[{"embeddable":true,"href":"https:\/\/pararepublique.com\/index.php\/wp-json\/wp\/v2\/media\/13193"}],"wp:attachment":[{"href":"https:\/\/pararepublique.com\/index.php\/wp-json\/wp\/v2\/media?parent=13192"}],"wp:term":[{"taxonomy":"product_cat","embeddable":true,"href":"https:\/\/pararepublique.com\/index.php\/wp-json\/wp\/v2\/product_cat?post=13192"},{"taxonomy":"product_tag","embeddable":true,"href":"https:\/\/pararepublique.com\/index.php\/wp-json\/wp\/v2\/product_tag?post=13192"}],"curies":[{"name":"wp","href":"https:\/\/api.w.org\/{rel}","templated":true}]}}