{"id":13195,"date":"2024-10-22T10:27:47","date_gmt":"2024-10-22T10:27:47","guid":{"rendered":"https:\/\/pararepublique.com\/?post_type=product&#038;p=13195"},"modified":"2024-10-22T10:27:47","modified_gmt":"2024-10-22T10:27:47","slug":"mustele-bb-lait-hydra-bebe-40ml","status":"publish","type":"product","link":"https:\/\/pararepublique.com\/index.php\/product\/mustele-bb-lait-hydra-bebe-40ml\/","title":{"rendered":"MUSTELE BB LAIT HYDRA BEBE  40ML"},"content":{"rendered":"<p>Le <strong>Lait Hydra B\u00e9b\u00e9<\/strong> de Mustela est sp\u00e9cialement formul\u00e9 pour hydrater et prot\u00e9ger la peau d\u00e9licate des b\u00e9b\u00e9s. Ce format pratique de 40 ml est id\u00e9al pour une utilisation quotidienne et lors des d\u00e9placements.<\/p>\n<ul>\n<li><strong>Hydratation Longue Dur\u00e9e<\/strong> : Enrichi en pers\u00e9ose d\u2019avocat, ce lait hydrate en profondeur la peau fragile des b\u00e9b\u00e9s, tout en aidant \u00e0 renforcer la barri\u00e8re cutan\u00e9e pour la prot\u00e9ger des agressions ext\u00e9rieures.<\/li>\n<li><strong>Texture L\u00e9g\u00e8re et Non Grasse<\/strong> : Sa texture fluide et l\u00e9g\u00e8re p\u00e9n\u00e8tre rapidement dans la peau sans laisser de film gras, pour un confort imm\u00e9diat et une peau douce et souple.<\/li>\n<li><strong>Protection et Apaisement<\/strong> : Formul\u00e9 avec de la vitamine E et de l\u2019huile de jojoba, ce lait apaise la peau tout en la prot\u00e9geant contre les s\u00e9cheresses futures.<\/li>\n<li><strong>Hypoallerg\u00e9nique<\/strong> : Test\u00e9 sous contr\u00f4le dermatologique et p\u00e9diatrique, il est con\u00e7u pour minimiser les risques d\u2019allergies et convient \u00e0 un usage quotidien d\u00e8s la naissance.<\/li>\n<li><strong>Parfum Doux et Agr\u00e9able<\/strong> : Laisse sur la peau un l\u00e9ger parfum frais et d\u00e9licat, pour une sensation de bien-\u00eatre durable.<\/li>\n<\/ul>\n<p>Le <strong>Mustela B\u00e9b\u00e9 Lait Hydra B\u00e9b\u00e9 40 ml<\/strong> est parfait pour hydrater quotidiennement la peau de votre b\u00e9b\u00e9, offrant une protection tout en douceur et un soin efficace en petit format pratique.<\/p>\n","protected":false},"excerpt":{"rendered":"<p>Le <strong>Lait Hydra B\u00e9b\u00e9<\/strong> de Mustela est sp\u00e9cialement formul\u00e9 pour hydrater et prot\u00e9ger la peau d\u00e9licate des b\u00e9b\u00e9s. Ce format pratique de 40 ml est id\u00e9al pour une utilisation quotidienne et lors des d\u00e9placements.<\/p>\n","protected":false},"featured_media":13196,"comment_status":"open","ping_status":"closed","template":"","meta":{"inline_featured_image":false,"_monsterinsights_skip_tracking":false,"_monsterinsights_sitenote_active":false,"_monsterinsights_sitenote_note":"","_monsterinsights_sitenote_category":0,"_joinchat":[]},"product_cat":[150],"product_tag":[],"class_list":{"0":"post-13195","1":"product","2":"type-product","3":"status-publish","4":"has-post-thumbnail","6":"product_cat-mustela","8":"first","9":"instock","10":"shipping-taxable","11":"purchasable","12":"product-type-simple","13":"add-to-wishlist-after_add_to_cart"},"aioseo_notices":[],"_links":{"self":[{"href":"https:\/\/pararepublique.com\/index.php\/wp-json\/wp\/v2\/product\/13195","targetHints":{"allow":["GET"]}}],"collection":[{"href":"https:\/\/pararepublique.com\/index.php\/wp-json\/wp\/v2\/product"}],"about":[{"href":"https:\/\/pararepublique.com\/index.php\/wp-json\/wp\/v2\/types\/product"}],"replies":[{"embeddable":true,"href":"https:\/\/pararepublique.com\/index.php\/wp-json\/wp\/v2\/comments?post=13195"}],"version-history":[{"count":1,"href":"https:\/\/pararepublique.com\/index.php\/wp-json\/wp\/v2\/product\/13195\/revisions"}],"predecessor-version":[{"id":13197,"href":"https:\/\/pararepublique.com\/index.php\/wp-json\/wp\/v2\/product\/13195\/revisions\/13197"}],"wp:featuredmedia":[{"embeddable":true,"href":"https:\/\/pararepublique.com\/index.php\/wp-json\/wp\/v2\/media\/13196"}],"wp:attachment":[{"href":"https:\/\/pararepublique.com\/index.php\/wp-json\/wp\/v2\/media?parent=13195"}],"wp:term":[{"taxonomy":"product_cat","embeddable":true,"href":"https:\/\/pararepublique.com\/index.php\/wp-json\/wp\/v2\/product_cat?post=13195"},{"taxonomy":"product_tag","embeddable":true,"href":"https:\/\/pararepublique.com\/index.php\/wp-json\/wp\/v2\/product_tag?post=13195"}],"curies":[{"name":"wp","href":"https:\/\/api.w.org\/{rel}","templated":true}]}}