{"id":13201,"date":"2024-10-22T10:33:18","date_gmt":"2024-10-22T10:33:18","guid":{"rendered":"https:\/\/pararepublique.com\/?post_type=product&#038;p=13201"},"modified":"2024-10-22T10:33:18","modified_gmt":"2024-10-22T10:33:18","slug":"mustele-bb-lait-hydra-bebe-750ml","status":"publish","type":"product","link":"https:\/\/pararepublique.com\/index.php\/product\/mustele-bb-lait-hydra-bebe-750ml\/","title":{"rendered":"MUSTELE BB LAIT HYDRA BEBE  750ML"},"content":{"rendered":"<p>Le <strong>Lait Hydra B\u00e9b\u00e9<\/strong> de Mustela est sp\u00e9cialement con\u00e7u pour hydrater et prot\u00e9ger la peau d\u00e9licate des b\u00e9b\u00e9s. Ce grand format de 750 ml est parfait pour une utilisation quotidienne, offrant un soin longue dur\u00e9e pour une peau douce et prot\u00e9g\u00e9e.<\/p>\n<ul>\n<li><strong>Hydratation Longue Dur\u00e9e<\/strong> : Formul\u00e9 avec du pers\u00e9ose d\u2019avocat, un ingr\u00e9dient naturel brevet\u00e9, ce lait aide \u00e0 renforcer la barri\u00e8re cutan\u00e9e tout en hydratant la peau en profondeur.<\/li>\n<li><strong>Texture L\u00e9g\u00e8re et Non Grasse<\/strong> : Sa texture fluide et l\u00e9g\u00e8re p\u00e9n\u00e8tre rapidement dans la peau sans laisser de film gras, assurant un confort imm\u00e9diat et durable.<\/li>\n<li><strong>Protection et Apaisement<\/strong> : Gr\u00e2ce \u00e0 la vitamine E et aux agents hydratants tels que l\u2019huile de jojoba, ce lait apaise la peau s\u00e8che et la prot\u00e8ge des agressions ext\u00e9rieures tout en pr\u00e9venant les irritations.<\/li>\n<li><strong>Hypoallerg\u00e9nique<\/strong> : Test\u00e9 sous contr\u00f4le dermatologique et p\u00e9diatrique, il est formul\u00e9 pour minimiser les risques de r\u00e9action allergique, et est adapt\u00e9 d\u00e8s la naissance.<\/li>\n<li><strong>Parfum Doux et Agr\u00e9able<\/strong> : Laisse sur la peau un parfum l\u00e9ger et agr\u00e9able, apportant une sensation de fra\u00eecheur et de bien-\u00eatre tout au long de la journ\u00e9e.<\/li>\n<\/ul>\n<p>Avec son format pratique de <strong>750 ml<\/strong>, le <strong>Mustela B\u00e9b\u00e9 Lait Hydra B\u00e9b\u00e9<\/strong> est le soin id\u00e9al pour offrir \u00e0 votre b\u00e9b\u00e9 une hydratation quotidienne, douce et protectrice, tout en prenant soin de sa peau sensible.<\/p>\n","protected":false},"excerpt":{"rendered":"<p>Le <strong>Lait Hydra B\u00e9b\u00e9<\/strong> de Mustela est sp\u00e9cialement con\u00e7u pour hydrater et prot\u00e9ger la peau d\u00e9licate des b\u00e9b\u00e9s. Ce grand format de 750 ml est parfait pour une utilisation quotidienne, offrant un soin longue dur\u00e9e pour une peau douce et prot\u00e9g\u00e9e.<\/p>\n","protected":false},"featured_media":13202,"comment_status":"open","ping_status":"closed","template":"","meta":{"inline_featured_image":false,"_monsterinsights_skip_tracking":false,"_monsterinsights_sitenote_active":false,"_monsterinsights_sitenote_note":"","_monsterinsights_sitenote_category":0,"_joinchat":[]},"product_cat":[150],"product_tag":[],"class_list":{"0":"post-13201","1":"product","2":"type-product","3":"status-publish","4":"has-post-thumbnail","6":"product_cat-mustela","8":"first","9":"instock","10":"shipping-taxable","11":"purchasable","12":"product-type-simple","13":"add-to-wishlist-after_add_to_cart"},"aioseo_notices":[],"_links":{"self":[{"href":"https:\/\/pararepublique.com\/index.php\/wp-json\/wp\/v2\/product\/13201","targetHints":{"allow":["GET"]}}],"collection":[{"href":"https:\/\/pararepublique.com\/index.php\/wp-json\/wp\/v2\/product"}],"about":[{"href":"https:\/\/pararepublique.com\/index.php\/wp-json\/wp\/v2\/types\/product"}],"replies":[{"embeddable":true,"href":"https:\/\/pararepublique.com\/index.php\/wp-json\/wp\/v2\/comments?post=13201"}],"version-history":[{"count":1,"href":"https:\/\/pararepublique.com\/index.php\/wp-json\/wp\/v2\/product\/13201\/revisions"}],"predecessor-version":[{"id":13203,"href":"https:\/\/pararepublique.com\/index.php\/wp-json\/wp\/v2\/product\/13201\/revisions\/13203"}],"wp:featuredmedia":[{"embeddable":true,"href":"https:\/\/pararepublique.com\/index.php\/wp-json\/wp\/v2\/media\/13202"}],"wp:attachment":[{"href":"https:\/\/pararepublique.com\/index.php\/wp-json\/wp\/v2\/media?parent=13201"}],"wp:term":[{"taxonomy":"product_cat","embeddable":true,"href":"https:\/\/pararepublique.com\/index.php\/wp-json\/wp\/v2\/product_cat?post=13201"},{"taxonomy":"product_tag","embeddable":true,"href":"https:\/\/pararepublique.com\/index.php\/wp-json\/wp\/v2\/product_tag?post=13201"}],"curies":[{"name":"wp","href":"https:\/\/api.w.org\/{rel}","templated":true}]}}