{"id":13207,"date":"2024-10-22T10:38:54","date_gmt":"2024-10-22T10:38:54","guid":{"rendered":"https:\/\/pararepublique.com\/?post_type=product&#038;p=13207"},"modified":"2024-10-22T10:38:55","modified_gmt":"2024-10-22T10:38:55","slug":"mustele-bb-liniment","status":"publish","type":"product","link":"https:\/\/pararepublique.com\/index.php\/product\/mustele-bb-liniment\/","title":{"rendered":"MUSTELE BB LINIMENT"},"content":{"rendered":"<p>Le <strong>Liniment Mustela B\u00e9b\u00e9<\/strong> est un soin nettoyant et protecteur con\u00e7u pour le change de votre b\u00e9b\u00e9. Sa formule traditionnelle \u00e0 base d&rsquo;huile d&rsquo;olive bio est id\u00e9ale pour nettoyer et prot\u00e9ger la peau fragile du si\u00e8ge.<\/p>\n<ul>\n<li><strong>Nettoyage Doux et Naturel<\/strong> : Formul\u00e9 avec 99% d&rsquo;ingr\u00e9dients d&rsquo;origine naturelle, dont de l&rsquo;huile d&rsquo;olive bio, ce liniment nettoie efficacement la peau du si\u00e8ge tout en la nourrissant.<\/li>\n<li><strong>Protection Contre les Irritations<\/strong> : Cr\u00e9e une barri\u00e8re protectrice qui aide \u00e0 pr\u00e9venir les rougeurs et les irritations li\u00e9es au frottement des couches et \u00e0 l&rsquo;humidit\u00e9.<\/li>\n<li><strong>Hydratation et Confort<\/strong> : Gr\u00e2ce \u00e0 sa texture riche et onctueuse, il hydrate la peau et la laisse douce, souple et prot\u00e9g\u00e9e.<\/li>\n<li><strong>Formulation Hypoallerg\u00e9nique<\/strong> : Test\u00e9 sous contr\u00f4le dermatologique et p\u00e9diatrique, il est con\u00e7u pour minimiser les risques d\u2019allergies et convient d\u00e8s la naissance.<\/li>\n<li><strong>Sans Parfum et Sans Conservateurs<\/strong> : Sa formule simple et naturelle respecte la peau sensible des b\u00e9b\u00e9s, tout en offrant une solution nettoyante douce et efficace.<\/li>\n<\/ul>\n<p>Le <strong>Mustela B\u00e9b\u00e9 Liniment<\/strong> est un soin incontournable pour un change tout en douceur, nettoyant et prot\u00e9geant efficacement la peau d\u00e9licate de votre b\u00e9b\u00e9.<\/p>\n","protected":false},"excerpt":{"rendered":"<p>Le <strong>Liniment Mustela B\u00e9b\u00e9<\/strong> est un soin nettoyant et protecteur con\u00e7u pour le change de votre b\u00e9b\u00e9. Sa formule traditionnelle \u00e0 base d&rsquo;huile d&rsquo;olive bio est id\u00e9ale pour nettoyer et prot\u00e9ger la peau fragile du si\u00e8ge.<\/p>\n","protected":false},"featured_media":13208,"comment_status":"open","ping_status":"closed","template":"","meta":{"inline_featured_image":false,"_monsterinsights_skip_tracking":false,"_monsterinsights_sitenote_active":false,"_monsterinsights_sitenote_note":"","_monsterinsights_sitenote_category":0,"_joinchat":[]},"product_cat":[150],"product_tag":[],"class_list":{"0":"post-13207","1":"product","2":"type-product","3":"status-publish","4":"has-post-thumbnail","6":"product_cat-mustela","8":"first","9":"instock","10":"shipping-taxable","11":"purchasable","12":"product-type-simple","13":"add-to-wishlist-after_add_to_cart"},"aioseo_notices":[],"_links":{"self":[{"href":"https:\/\/pararepublique.com\/index.php\/wp-json\/wp\/v2\/product\/13207","targetHints":{"allow":["GET"]}}],"collection":[{"href":"https:\/\/pararepublique.com\/index.php\/wp-json\/wp\/v2\/product"}],"about":[{"href":"https:\/\/pararepublique.com\/index.php\/wp-json\/wp\/v2\/types\/product"}],"replies":[{"embeddable":true,"href":"https:\/\/pararepublique.com\/index.php\/wp-json\/wp\/v2\/comments?post=13207"}],"version-history":[{"count":1,"href":"https:\/\/pararepublique.com\/index.php\/wp-json\/wp\/v2\/product\/13207\/revisions"}],"predecessor-version":[{"id":13209,"href":"https:\/\/pararepublique.com\/index.php\/wp-json\/wp\/v2\/product\/13207\/revisions\/13209"}],"wp:featuredmedia":[{"embeddable":true,"href":"https:\/\/pararepublique.com\/index.php\/wp-json\/wp\/v2\/media\/13208"}],"wp:attachment":[{"href":"https:\/\/pararepublique.com\/index.php\/wp-json\/wp\/v2\/media?parent=13207"}],"wp:term":[{"taxonomy":"product_cat","embeddable":true,"href":"https:\/\/pararepublique.com\/index.php\/wp-json\/wp\/v2\/product_cat?post=13207"},{"taxonomy":"product_tag","embeddable":true,"href":"https:\/\/pararepublique.com\/index.php\/wp-json\/wp\/v2\/product_tag?post=13207"}],"curies":[{"name":"wp","href":"https:\/\/api.w.org\/{rel}","templated":true}]}}