{"id":13210,"date":"2024-10-22T10:40:54","date_gmt":"2024-10-22T10:40:54","guid":{"rendered":"https:\/\/pararepublique.com\/?post_type=product&#038;p=13210"},"modified":"2024-10-22T10:40:55","modified_gmt":"2024-10-22T10:40:55","slug":"mustele-bb-musti-eau-de-soin-50ml","status":"publish","type":"product","link":"https:\/\/pararepublique.com\/index.php\/product\/mustele-bb-musti-eau-de-soin-50ml\/","title":{"rendered":"MUSTELE BB MUSTI EAU DE SOIN 50ML"},"content":{"rendered":"<p>Offrez \u00e0 votre b\u00e9b\u00e9 une touche de fra\u00eecheur et de douceur avec l&rsquo;<strong>Eau de Soin Musti<\/strong> de Mustela. Ce parfum d\u00e9licat, formul\u00e9 sp\u00e9cialement pour la peau sensible des b\u00e9b\u00e9s, allie des notes subtiles de fleurs et de fruits, cr\u00e9ant une ambiance douce et apaisante.<\/p>\n<ul>\n<li><strong>Parfum L\u00e9ger et Doux<\/strong> : Un m\u00e9lange d\u00e9licat de notes florales et fruit\u00e9es, compos\u00e9 d\u2019extraits naturels de tilleul et de camomille, qui apaisent et procurent une agr\u00e9able sensation de fra\u00eecheur.<\/li>\n<li><strong>Formule Hypoallerg\u00e9nique<\/strong> : Con\u00e7u pour minimiser les risques de r\u00e9actions allergiques, ce soin est test\u00e9 sous contr\u00f4le dermatologique et p\u00e9diatrique, et est adapt\u00e9 \u00e0 la peau sensible des b\u00e9b\u00e9s d\u00e8s la naissance.<\/li>\n<li><strong>Sans Alcool<\/strong> : Sa formule douce, sans alcool, est parfaite pour rafra\u00eechir b\u00e9b\u00e9 sans irriter sa peau d\u00e9licate.<\/li>\n<li><strong>Utilisation Polyvalente<\/strong> : L&rsquo;<strong>Eau de Soin Musti<\/strong> peut \u00eatre utilis\u00e9e pour parfumer l\u00e9g\u00e8rement la peau, les v\u00eatements ou m\u00eame la literie de b\u00e9b\u00e9, tout en respectant sa sensibilit\u00e9.<\/li>\n<li><strong>Pratique et \u00c9l\u00e9gant<\/strong> : Le format de 50 ml est id\u00e9al pour une utilisation quotidienne \u00e0 la maison ou en d\u00e9placement, offrant \u00e0 b\u00e9b\u00e9 une touche de fra\u00eecheur tout au long de la journ\u00e9e.<\/li>\n<\/ul>\n<p>L&rsquo;<strong>Eau de Soin Musti<\/strong> de Mustela est parfaite pour ajouter une petite note parfum\u00e9e tout en douceur, contribuant \u00e0 un environnement apaisant pour votre b\u00e9b\u00e9.<\/p>\n","protected":false},"excerpt":{"rendered":"<p>Offrez \u00e0 votre b\u00e9b\u00e9 une touche de fra\u00eecheur et de douceur avec l&rsquo;<strong>Eau de Soin Musti<\/strong> de Mustela. Ce parfum d\u00e9licat, formul\u00e9 sp\u00e9cialement pour la peau sensible des b\u00e9b\u00e9s, allie des notes subtiles de fleurs et de fruits, cr\u00e9ant une ambiance douce et apaisante.<\/p>\n","protected":false},"featured_media":13211,"comment_status":"open","ping_status":"closed","template":"","meta":{"inline_featured_image":false,"_monsterinsights_skip_tracking":false,"_monsterinsights_sitenote_active":false,"_monsterinsights_sitenote_note":"","_monsterinsights_sitenote_category":0,"_joinchat":[]},"product_cat":[150],"product_tag":[],"class_list":{"0":"post-13210","1":"product","2":"type-product","3":"status-publish","4":"has-post-thumbnail","6":"product_cat-mustela","8":"first","9":"instock","10":"shipping-taxable","11":"purchasable","12":"product-type-simple","13":"add-to-wishlist-after_add_to_cart"},"aioseo_notices":[],"_links":{"self":[{"href":"https:\/\/pararepublique.com\/index.php\/wp-json\/wp\/v2\/product\/13210","targetHints":{"allow":["GET"]}}],"collection":[{"href":"https:\/\/pararepublique.com\/index.php\/wp-json\/wp\/v2\/product"}],"about":[{"href":"https:\/\/pararepublique.com\/index.php\/wp-json\/wp\/v2\/types\/product"}],"replies":[{"embeddable":true,"href":"https:\/\/pararepublique.com\/index.php\/wp-json\/wp\/v2\/comments?post=13210"}],"version-history":[{"count":1,"href":"https:\/\/pararepublique.com\/index.php\/wp-json\/wp\/v2\/product\/13210\/revisions"}],"predecessor-version":[{"id":13212,"href":"https:\/\/pararepublique.com\/index.php\/wp-json\/wp\/v2\/product\/13210\/revisions\/13212"}],"wp:featuredmedia":[{"embeddable":true,"href":"https:\/\/pararepublique.com\/index.php\/wp-json\/wp\/v2\/media\/13211"}],"wp:attachment":[{"href":"https:\/\/pararepublique.com\/index.php\/wp-json\/wp\/v2\/media?parent=13210"}],"wp:term":[{"taxonomy":"product_cat","embeddable":true,"href":"https:\/\/pararepublique.com\/index.php\/wp-json\/wp\/v2\/product_cat?post=13210"},{"taxonomy":"product_tag","embeddable":true,"href":"https:\/\/pararepublique.com\/index.php\/wp-json\/wp\/v2\/product_tag?post=13210"}],"curies":[{"name":"wp","href":"https:\/\/api.w.org\/{rel}","templated":true}]}}