{"id":13216,"date":"2024-10-22T10:45:23","date_gmt":"2024-10-22T10:45:23","guid":{"rendered":"https:\/\/pararepublique.com\/?post_type=product&#038;p=13216"},"modified":"2024-10-22T10:45:24","modified_gmt":"2024-10-22T10:45:24","slug":"mustele-bb-savon-100g","status":"publish","type":"product","link":"https:\/\/pararepublique.com\/index.php\/product\/mustele-bb-savon-100g\/","title":{"rendered":"MUSTELE BB SAVON 100G"},"content":{"rendered":"<p>Le <strong>Savon Doux Mustela B\u00e9b\u00e9<\/strong> est sp\u00e9cialement con\u00e7u pour nettoyer en douceur la peau d\u00e9licate des nourrissons et des jeunes enfants. Sa formule douce et hydratante respecte la sensibilit\u00e9 cutan\u00e9e des b\u00e9b\u00e9s d\u00e8s la naissance.<\/p>\n<ul>\n<li><strong>Nettoyage Doux et D\u00e9licat<\/strong> : Formul\u00e9 avec de la pers\u00e9ose d\u2019avocat, ce savon nettoie en douceur la peau de b\u00e9b\u00e9 tout en pr\u00e9servant l\u2019\u00e9quilibre hydrolipidique et en renfor\u00e7ant la barri\u00e8re cutan\u00e9e.<\/li>\n<li><strong>Hydratation et Protection<\/strong> : Enrichi en agents hydratants, il aide \u00e0 pr\u00e9venir le dess\u00e8chement de la peau, laissant une sensation de douceur et de confort apr\u00e8s chaque utilisation.<\/li>\n<li><strong>Formulation Hypoallerg\u00e9nique<\/strong> : Test\u00e9 sous contr\u00f4le dermatologique et p\u00e9diatrique, il est con\u00e7u pour minimiser les risques de r\u00e9actions allergiques, et convient d\u00e8s la naissance.<\/li>\n<li><strong>Texture Cr\u00e9meuse et Facile \u00e0 Rincer<\/strong> : Sa mousse l\u00e9g\u00e8re se rince facilement, laissant la peau propre, douce et apais\u00e9e, sans r\u00e9sidus ni irritation.<\/li>\n<li><strong>Sans Parfum Fort<\/strong> : Ce savon doux laisse une odeur agr\u00e9able et subtile, respectant la sensibilit\u00e9 olfactive des plus petits.<\/li>\n<\/ul>\n<p>Le <strong>Mustela B\u00e9b\u00e9 Savon Doux 100g<\/strong> est parfait pour le soin quotidien de la peau de votre b\u00e9b\u00e9, apportant propret\u00e9, douceur et hydratation en toute s\u00e9curit\u00e9.<\/p>\n","protected":false},"excerpt":{"rendered":"<p>Le <strong>Savon Doux Mustela B\u00e9b\u00e9<\/strong> est sp\u00e9cialement con\u00e7u pour nettoyer en douceur la peau d\u00e9licate des nourrissons et des jeunes enfants. Sa formule douce et hydratante respecte la sensibilit\u00e9 cutan\u00e9e des b\u00e9b\u00e9s d\u00e8s la naissance.<\/p>\n","protected":false},"featured_media":13217,"comment_status":"open","ping_status":"closed","template":"","meta":{"inline_featured_image":false,"_monsterinsights_skip_tracking":false,"_monsterinsights_sitenote_active":false,"_monsterinsights_sitenote_note":"","_monsterinsights_sitenote_category":0,"_joinchat":[]},"product_cat":[150],"product_tag":[],"class_list":{"0":"post-13216","1":"product","2":"type-product","3":"status-publish","4":"has-post-thumbnail","6":"product_cat-mustela","8":"first","9":"instock","10":"shipping-taxable","11":"purchasable","12":"product-type-simple","13":"add-to-wishlist-after_add_to_cart"},"aioseo_notices":[],"_links":{"self":[{"href":"https:\/\/pararepublique.com\/index.php\/wp-json\/wp\/v2\/product\/13216","targetHints":{"allow":["GET"]}}],"collection":[{"href":"https:\/\/pararepublique.com\/index.php\/wp-json\/wp\/v2\/product"}],"about":[{"href":"https:\/\/pararepublique.com\/index.php\/wp-json\/wp\/v2\/types\/product"}],"replies":[{"embeddable":true,"href":"https:\/\/pararepublique.com\/index.php\/wp-json\/wp\/v2\/comments?post=13216"}],"version-history":[{"count":1,"href":"https:\/\/pararepublique.com\/index.php\/wp-json\/wp\/v2\/product\/13216\/revisions"}],"predecessor-version":[{"id":13218,"href":"https:\/\/pararepublique.com\/index.php\/wp-json\/wp\/v2\/product\/13216\/revisions\/13218"}],"wp:featuredmedia":[{"embeddable":true,"href":"https:\/\/pararepublique.com\/index.php\/wp-json\/wp\/v2\/media\/13217"}],"wp:attachment":[{"href":"https:\/\/pararepublique.com\/index.php\/wp-json\/wp\/v2\/media?parent=13216"}],"wp:term":[{"taxonomy":"product_cat","embeddable":true,"href":"https:\/\/pararepublique.com\/index.php\/wp-json\/wp\/v2\/product_cat?post=13216"},{"taxonomy":"product_tag","embeddable":true,"href":"https:\/\/pararepublique.com\/index.php\/wp-json\/wp\/v2\/product_tag?post=13216"}],"curies":[{"name":"wp","href":"https:\/\/api.w.org\/{rel}","templated":true}]}}