{"id":13219,"date":"2024-10-22T10:47:31","date_gmt":"2024-10-22T10:47:31","guid":{"rendered":"https:\/\/pararepublique.com\/?post_type=product&#038;p=13219"},"modified":"2024-10-22T10:47:31","modified_gmt":"2024-10-22T10:47:31","slug":"mustele-bb-shampoing-500ml","status":"publish","type":"product","link":"https:\/\/pararepublique.com\/index.php\/product\/mustele-bb-shampoing-500ml\/","title":{"rendered":"MUSTELE BB SHAMPOING 500ML"},"content":{"rendered":"<p>Le <strong>Shampoing Doux Mustela B\u00e9b\u00e9<\/strong> est sp\u00e9cialement formul\u00e9 pour nettoyer en douceur le cuir chevelu sensible des b\u00e9b\u00e9s et des jeunes enfants, tout en facilitant le d\u00e9m\u00ealage des cheveux fins. Ce format de 500 ml est parfait pour un usage quotidien.<\/p>\n<ul>\n<li><strong>Nettoyage Doux<\/strong> : Formul\u00e9 avec de la pers\u00e9ose d\u2019avocat, ce shampoing nettoie d\u00e9licatement les cheveux tout en respectant l\u2019\u00e9quilibre du cuir chevelu fragile des b\u00e9b\u00e9s.<\/li>\n<li><strong>Facilite le D\u00e9m\u00ealage<\/strong> : Gr\u00e2ce \u00e0 sa formule douce, les cheveux fins des b\u00e9b\u00e9s sont faciles \u00e0 d\u00e9m\u00ealer et restent soyeux et brillants.<\/li>\n<li><strong>Ne Pique Pas les Yeux<\/strong> : Test\u00e9 sous contr\u00f4le ophtalmologique, ce shampoing est formul\u00e9 pour ne pas irriter les yeux, assurant une exp\u00e9rience de bain agr\u00e9able pour votre b\u00e9b\u00e9.<\/li>\n<li><strong>Hypoallerg\u00e9nique<\/strong> : Test\u00e9 sous contr\u00f4le dermatologique et p\u00e9diatrique, il est con\u00e7u pour minimiser les risques de r\u00e9action allergique et convient \u00e0 un usage quotidien d\u00e8s la naissance.<\/li>\n<li><strong>Parfum L\u00e9ger et Agr\u00e9able<\/strong> : Laisse un parfum doux et l\u00e9ger sur les cheveux, pour une sensation de fra\u00eecheur et de propret\u00e9 tout au long de la journ\u00e9e.<\/li>\n<li><strong>Facile \u00e0 Rincer<\/strong> : Sa mousse l\u00e9g\u00e8re se rince facilement, laissant les cheveux propres, doux et sans r\u00e9sidus.<\/li>\n<\/ul>\n<p>Le <strong>Mustela B\u00e9b\u00e9 Shampoing Doux 500 ml<\/strong> est id\u00e9al pour nettoyer et soigner les cheveux d\u00e9licats de votre b\u00e9b\u00e9, tout en respectant sa sensibilit\u00e9 cutan\u00e9e.<\/p>\n","protected":false},"excerpt":{"rendered":"<p>Le <strong>Shampoing Doux Mustela B\u00e9b\u00e9<\/strong> est sp\u00e9cialement formul\u00e9 pour nettoyer en douceur le cuir chevelu sensible des b\u00e9b\u00e9s et des jeunes enfants, tout en facilitant le d\u00e9m\u00ealage des cheveux fins. Ce format de 500 ml est parfait pour un usage quotidien.<\/p>\n","protected":false},"featured_media":13220,"comment_status":"open","ping_status":"closed","template":"","meta":{"inline_featured_image":false,"_monsterinsights_skip_tracking":false,"_monsterinsights_sitenote_active":false,"_monsterinsights_sitenote_note":"","_monsterinsights_sitenote_category":0,"_joinchat":[]},"product_cat":[150],"product_tag":[],"class_list":{"0":"post-13219","1":"product","2":"type-product","3":"status-publish","4":"has-post-thumbnail","6":"product_cat-mustela","8":"first","9":"instock","10":"shipping-taxable","11":"purchasable","12":"product-type-simple","13":"add-to-wishlist-after_add_to_cart"},"aioseo_notices":[],"_links":{"self":[{"href":"https:\/\/pararepublique.com\/index.php\/wp-json\/wp\/v2\/product\/13219","targetHints":{"allow":["GET"]}}],"collection":[{"href":"https:\/\/pararepublique.com\/index.php\/wp-json\/wp\/v2\/product"}],"about":[{"href":"https:\/\/pararepublique.com\/index.php\/wp-json\/wp\/v2\/types\/product"}],"replies":[{"embeddable":true,"href":"https:\/\/pararepublique.com\/index.php\/wp-json\/wp\/v2\/comments?post=13219"}],"version-history":[{"count":1,"href":"https:\/\/pararepublique.com\/index.php\/wp-json\/wp\/v2\/product\/13219\/revisions"}],"predecessor-version":[{"id":13221,"href":"https:\/\/pararepublique.com\/index.php\/wp-json\/wp\/v2\/product\/13219\/revisions\/13221"}],"wp:featuredmedia":[{"embeddable":true,"href":"https:\/\/pararepublique.com\/index.php\/wp-json\/wp\/v2\/media\/13220"}],"wp:attachment":[{"href":"https:\/\/pararepublique.com\/index.php\/wp-json\/wp\/v2\/media?parent=13219"}],"wp:term":[{"taxonomy":"product_cat","embeddable":true,"href":"https:\/\/pararepublique.com\/index.php\/wp-json\/wp\/v2\/product_cat?post=13219"},{"taxonomy":"product_tag","embeddable":true,"href":"https:\/\/pararepublique.com\/index.php\/wp-json\/wp\/v2\/product_tag?post=13219"}],"curies":[{"name":"wp","href":"https:\/\/api.w.org\/{rel}","templated":true}]}}