{"id":13226,"date":"2024-10-22T10:53:25","date_gmt":"2024-10-22T10:53:25","guid":{"rendered":"https:\/\/pararepublique.com\/?post_type=product&#038;p=13226"},"modified":"2024-10-22T10:53:26","modified_gmt":"2024-10-22T10:53:26","slug":"mustele-bb-stelatopia-creme-emoliante-visage","status":"publish","type":"product","link":"https:\/\/pararepublique.com\/index.php\/product\/mustele-bb-stelatopia-creme-emoliante-visage\/","title":{"rendered":"MUSTELE BB STELATOPIA CREME EMOLIANTE VISAGE"},"content":{"rendered":"<p>La <strong>Cr\u00e8me \u00c9molliente Visage Mustela B\u00e9b\u00e9 Stelatopia<\/strong> est sp\u00e9cialement formul\u00e9e pour les b\u00e9b\u00e9s ayant une peau s\u00e8che, \u00e0 tendance atopique. Elle hydrate, apaise et prot\u00e8ge la peau fragile du visage tout en r\u00e9duisant les sensations d&rsquo;inconfort.<\/p>\n<ul>\n<li><strong>Hydratation Intense<\/strong> : Enrichie en distillat de tournesol et en pers\u00e9ose d&rsquo;avocat, cette cr\u00e8me apporte une hydratation imm\u00e9diate et durable, aidant \u00e0 restaurer la barri\u00e8re cutan\u00e9e de la peau s\u00e8che ou atopique.<\/li>\n<li><strong>Apaisement Imm\u00e9diat<\/strong> : Sa formule douce et apaisante soulage instantan\u00e9ment les sensations d&rsquo;irritation et de d\u00e9mangeaisons, apportant un confort imm\u00e9diat aux peaux les plus sensibles.<\/li>\n<li><strong>Protection Renforc\u00e9e<\/strong> : La cr\u00e8me aide \u00e0 renforcer la barri\u00e8re cutan\u00e9e et prot\u00e8ge la peau des agressions ext\u00e9rieures, r\u00e9duisant ainsi les risques d&rsquo;irritation.<\/li>\n<li><strong>Texture L\u00e9g\u00e8re et Non Grasse<\/strong> : Sa texture fondante p\u00e9n\u00e8tre rapidement sans laisser de film gras, laissant la peau douce et confortable.<\/li>\n<li><strong>Hypoallerg\u00e9nique<\/strong> : Test\u00e9e sous contr\u00f4le dermatologique et p\u00e9diatrique, elle est sp\u00e9cialement formul\u00e9e pour minimiser les risques d&rsquo;allergies, sans parfum ni conservateurs agressifs, pour une tol\u00e9rance optimale.<\/li>\n<li><strong>Utilisation Quotidienne<\/strong> : Convient \u00e0 un usage quotidien pour apaiser et hydrater la peau fragile du visage des b\u00e9b\u00e9s d\u00e8s la naissance.<\/li>\n<\/ul>\n<p>La <strong>Mustela B\u00e9b\u00e9 Stelatopia Cr\u00e8me \u00c9molliente Visage<\/strong> est le soin id\u00e9al pour nourrir et apaiser la peau s\u00e8che et atopique de votre b\u00e9b\u00e9, tout en offrant une protection contre les irritations et les agressions ext\u00e9rieures.<\/p>\n","protected":false},"excerpt":{"rendered":"<p>La <strong>Cr\u00e8me \u00c9molliente Visage Mustela B\u00e9b\u00e9 Stelatopia<\/strong> est sp\u00e9cialement formul\u00e9e pour les b\u00e9b\u00e9s ayant une peau s\u00e8che, \u00e0 tendance atopique. Elle hydrate, apaise et prot\u00e8ge la peau fragile du visage tout en r\u00e9duisant les sensations d&rsquo;inconfort.<\/p>\n","protected":false},"featured_media":13227,"comment_status":"open","ping_status":"closed","template":"","meta":{"inline_featured_image":false,"_monsterinsights_skip_tracking":false,"_monsterinsights_sitenote_active":false,"_monsterinsights_sitenote_note":"","_monsterinsights_sitenote_category":0,"_joinchat":[]},"product_cat":[150],"product_tag":[],"class_list":{"0":"post-13226","1":"product","2":"type-product","3":"status-publish","4":"has-post-thumbnail","6":"product_cat-mustela","8":"first","9":"instock","10":"shipping-taxable","11":"purchasable","12":"product-type-simple","13":"add-to-wishlist-after_add_to_cart"},"aioseo_notices":[],"_links":{"self":[{"href":"https:\/\/pararepublique.com\/index.php\/wp-json\/wp\/v2\/product\/13226","targetHints":{"allow":["GET"]}}],"collection":[{"href":"https:\/\/pararepublique.com\/index.php\/wp-json\/wp\/v2\/product"}],"about":[{"href":"https:\/\/pararepublique.com\/index.php\/wp-json\/wp\/v2\/types\/product"}],"replies":[{"embeddable":true,"href":"https:\/\/pararepublique.com\/index.php\/wp-json\/wp\/v2\/comments?post=13226"}],"version-history":[{"count":1,"href":"https:\/\/pararepublique.com\/index.php\/wp-json\/wp\/v2\/product\/13226\/revisions"}],"predecessor-version":[{"id":13228,"href":"https:\/\/pararepublique.com\/index.php\/wp-json\/wp\/v2\/product\/13226\/revisions\/13228"}],"wp:featuredmedia":[{"embeddable":true,"href":"https:\/\/pararepublique.com\/index.php\/wp-json\/wp\/v2\/media\/13227"}],"wp:attachment":[{"href":"https:\/\/pararepublique.com\/index.php\/wp-json\/wp\/v2\/media?parent=13226"}],"wp:term":[{"taxonomy":"product_cat","embeddable":true,"href":"https:\/\/pararepublique.com\/index.php\/wp-json\/wp\/v2\/product_cat?post=13226"},{"taxonomy":"product_tag","embeddable":true,"href":"https:\/\/pararepublique.com\/index.php\/wp-json\/wp\/v2\/product_tag?post=13226"}],"curies":[{"name":"wp","href":"https:\/\/api.w.org\/{rel}","templated":true}]}}