{"id":13232,"date":"2024-10-22T11:00:09","date_gmt":"2024-10-22T11:00:09","guid":{"rendered":"https:\/\/pararepublique.com\/?post_type=product&#038;p=13232"},"modified":"2024-10-22T11:00:09","modified_gmt":"2024-10-22T11:00:09","slug":"mustele-eau-nettoyante-500ml","status":"publish","type":"product","link":"https:\/\/pararepublique.com\/index.php\/product\/mustele-eau-nettoyante-500ml\/","title":{"rendered":"MUSTELE EAU NETTOYANTE 500ML"},"content":{"rendered":"<p>L&rsquo;<strong>Eau Nettoyante Sans Rin\u00e7age Mustela B\u00e9b\u00e9<\/strong> est sp\u00e9cialement formul\u00e9e pour nettoyer en douceur le visage, le corps et le si\u00e8ge des b\u00e9b\u00e9s d\u00e8s la naissance. Sa formule douce et sans rin\u00e7age laisse la peau propre, douce et fra\u00eeche.<\/p>\n<ul>\n<li><strong>Nettoyage Doux et Efficace<\/strong> : Formul\u00e9e avec de la pers\u00e9ose d\u2019avocat, cette eau nettoyante \u00e9limine d\u00e9licatement les impuret\u00e9s tout en respectant la barri\u00e8re cutan\u00e9e naturelle des b\u00e9b\u00e9s.<\/li>\n<li><strong>Sans Rin\u00e7age<\/strong> : Pratique et rapide, cette eau ne n\u00e9cessite pas de rin\u00e7age, ce qui la rend id\u00e9ale pour les petits nettoyages quotidiens ou pour le change.<\/li>\n<li><strong>Hydratation et Protection<\/strong> : Enrichie en extraits d\u2019aloe vera, elle hydrate et apaise la peau, laissant une sensation de confort et de douceur.<\/li>\n<li><strong>Hypoallerg\u00e9nique<\/strong> : Test\u00e9e sous contr\u00f4le dermatologique et p\u00e9diatrique, elle est formul\u00e9e pour minimiser les risques d\u2019allergies et convient aux peaux les plus sensibles d\u00e8s la naissance.<\/li>\n<li><strong>Parfum Doux et L\u00e9ger<\/strong> : Laisse une agr\u00e9able sensation de fra\u00eecheur avec un parfum subtil et d\u00e9licat qui respecte la sensibilit\u00e9 olfactive des b\u00e9b\u00e9s.<\/li>\n<li><strong>Format Pratique<\/strong> : Le flacon de 500 ml avec pompe est id\u00e9al pour une utilisation facile \u00e0 la maison, assurant une hygi\u00e8ne parfaite au quotidien.<\/li>\n<\/ul>\n<p>L&rsquo;<strong>Eau Nettoyante Sans Rin\u00e7age Mustela B\u00e9b\u00e9<\/strong> est le choix id\u00e9al pour un nettoyage doux, rapide et sans effort, tout en prenant soin de la peau sensible de votre b\u00e9b\u00e9.<\/p>\n","protected":false},"excerpt":{"rendered":"<p>L&rsquo;<strong>Eau Nettoyante Sans Rin\u00e7age Mustela B\u00e9b\u00e9<\/strong> est sp\u00e9cialement formul\u00e9e pour nettoyer en douceur le visage, le corps et le si\u00e8ge des b\u00e9b\u00e9s d\u00e8s la naissance. Sa formule douce et sans rin\u00e7age laisse la peau propre, douce et fra\u00eeche.<\/p>\n","protected":false},"featured_media":13233,"comment_status":"open","ping_status":"closed","template":"","meta":{"inline_featured_image":false,"_monsterinsights_skip_tracking":false,"_monsterinsights_sitenote_active":false,"_monsterinsights_sitenote_note":"","_monsterinsights_sitenote_category":0,"_joinchat":[]},"product_cat":[150],"product_tag":[],"class_list":{"0":"post-13232","1":"product","2":"type-product","3":"status-publish","4":"has-post-thumbnail","6":"product_cat-mustela","8":"first","9":"instock","10":"shipping-taxable","11":"purchasable","12":"product-type-simple","13":"add-to-wishlist-after_add_to_cart"},"aioseo_notices":[],"_links":{"self":[{"href":"https:\/\/pararepublique.com\/index.php\/wp-json\/wp\/v2\/product\/13232","targetHints":{"allow":["GET"]}}],"collection":[{"href":"https:\/\/pararepublique.com\/index.php\/wp-json\/wp\/v2\/product"}],"about":[{"href":"https:\/\/pararepublique.com\/index.php\/wp-json\/wp\/v2\/types\/product"}],"replies":[{"embeddable":true,"href":"https:\/\/pararepublique.com\/index.php\/wp-json\/wp\/v2\/comments?post=13232"}],"version-history":[{"count":1,"href":"https:\/\/pararepublique.com\/index.php\/wp-json\/wp\/v2\/product\/13232\/revisions"}],"predecessor-version":[{"id":13234,"href":"https:\/\/pararepublique.com\/index.php\/wp-json\/wp\/v2\/product\/13232\/revisions\/13234"}],"wp:featuredmedia":[{"embeddable":true,"href":"https:\/\/pararepublique.com\/index.php\/wp-json\/wp\/v2\/media\/13233"}],"wp:attachment":[{"href":"https:\/\/pararepublique.com\/index.php\/wp-json\/wp\/v2\/media?parent=13232"}],"wp:term":[{"taxonomy":"product_cat","embeddable":true,"href":"https:\/\/pararepublique.com\/index.php\/wp-json\/wp\/v2\/product_cat?post=13232"},{"taxonomy":"product_tag","embeddable":true,"href":"https:\/\/pararepublique.com\/index.php\/wp-json\/wp\/v2\/product_tag?post=13232"}],"curies":[{"name":"wp","href":"https:\/\/api.w.org\/{rel}","templated":true}]}}