{"id":13235,"date":"2024-10-22T11:03:52","date_gmt":"2024-10-22T11:03:52","guid":{"rendered":"https:\/\/pararepublique.com\/?post_type=product&#038;p=13235"},"modified":"2024-10-22T11:03:52","modified_gmt":"2024-10-22T11:03:52","slug":"mustele-eau-toil-spray-200ml","status":"publish","type":"product","link":"https:\/\/pararepublique.com\/index.php\/product\/mustele-eau-toil-spray-200ml\/","title":{"rendered":"MUSTELE EAU TOIL SPRAY 200ML"},"content":{"rendered":"<p>L&rsquo;<strong>Eau de Toilette en Spray Mustela B\u00e9b\u00e9<\/strong> est id\u00e9ale pour rafra\u00eechir et parfumer d\u00e9licatement votre b\u00e9b\u00e9 tout au long de la journ\u00e9e. Sa formule douce respecte la peau sensible des b\u00e9b\u00e9s d\u00e8s la naissance, tout en offrant une sensation de propret\u00e9 imm\u00e9diate.<\/p>\n<ul>\n<li><strong>Parfum Frais et L\u00e9ger<\/strong> : Formul\u00e9e avec des extraits de camomille et de tilleul, cette eau de toilette apporte une touche de fra\u00eecheur d\u00e9licate \u00e0 la peau de votre b\u00e9b\u00e9, avec un parfum subtil et apaisant.<\/li>\n<li><strong>Douceur et Respect de la Peau<\/strong> : Sp\u00e9cialement con\u00e7ue pour la peau fragile des b\u00e9b\u00e9s, elle ne contient ni alcool, ni parab\u00e8nes, assurant une tol\u00e9rance optimale et minimisant les risques d&rsquo;irritations.<\/li>\n<li><strong>Formule Hypoallerg\u00e9nique<\/strong> : Test\u00e9e sous contr\u00f4le dermatologique et p\u00e9diatrique, cette eau de toilette est parfaitement adapt\u00e9e aux peaux sensibles d\u00e8s la naissance.<\/li>\n<li><strong>Utilisation Polyvalente<\/strong> : Peut \u00eatre utilis\u00e9e pour rafra\u00eechir b\u00e9b\u00e9 apr\u00e8s le bain, avant de sortir ou \u00e0 tout moment de la journ\u00e9e, et convient \u00e9galement pour parfumer ses v\u00eatements et son linge de lit.<\/li>\n<li><strong>Format Pratique en Spray<\/strong> : Le flacon spray de 200 ml permet une application rapide et facile, id\u00e9al pour une utilisation \u00e0 la maison ou en d\u00e9placement.<\/li>\n<\/ul>\n<p>L&rsquo;<strong>Eau de Toilette en Spray Mustela B\u00e9b\u00e9<\/strong> est parfaite pour rafra\u00eechir d\u00e9licatement et parfumer b\u00e9b\u00e9 en toute s\u00e9curit\u00e9, tout en respectant sa peau sensible.<\/p>\n","protected":false},"excerpt":{"rendered":"<p>L&rsquo;<strong>Eau de Toilette en Spray Mustela B\u00e9b\u00e9<\/strong> est id\u00e9ale pour rafra\u00eechir et parfumer d\u00e9licatement votre b\u00e9b\u00e9 tout au long de la journ\u00e9e. Sa formule douce respecte la peau sensible des b\u00e9b\u00e9s d\u00e8s la naissance, tout en offrant une sensation de propret\u00e9 imm\u00e9diate.<\/p>\n","protected":false},"featured_media":13236,"comment_status":"open","ping_status":"closed","template":"","meta":{"inline_featured_image":false,"_monsterinsights_skip_tracking":false,"_monsterinsights_sitenote_active":false,"_monsterinsights_sitenote_note":"","_monsterinsights_sitenote_category":0,"_joinchat":[]},"product_cat":[150],"product_tag":[],"class_list":{"0":"post-13235","1":"product","2":"type-product","3":"status-publish","4":"has-post-thumbnail","6":"product_cat-mustela","8":"first","9":"instock","10":"shipping-taxable","11":"purchasable","12":"product-type-simple","13":"add-to-wishlist-after_add_to_cart"},"aioseo_notices":[],"_links":{"self":[{"href":"https:\/\/pararepublique.com\/index.php\/wp-json\/wp\/v2\/product\/13235","targetHints":{"allow":["GET"]}}],"collection":[{"href":"https:\/\/pararepublique.com\/index.php\/wp-json\/wp\/v2\/product"}],"about":[{"href":"https:\/\/pararepublique.com\/index.php\/wp-json\/wp\/v2\/types\/product"}],"replies":[{"embeddable":true,"href":"https:\/\/pararepublique.com\/index.php\/wp-json\/wp\/v2\/comments?post=13235"}],"version-history":[{"count":1,"href":"https:\/\/pararepublique.com\/index.php\/wp-json\/wp\/v2\/product\/13235\/revisions"}],"predecessor-version":[{"id":13237,"href":"https:\/\/pararepublique.com\/index.php\/wp-json\/wp\/v2\/product\/13235\/revisions\/13237"}],"wp:featuredmedia":[{"embeddable":true,"href":"https:\/\/pararepublique.com\/index.php\/wp-json\/wp\/v2\/media\/13236"}],"wp:attachment":[{"href":"https:\/\/pararepublique.com\/index.php\/wp-json\/wp\/v2\/media?parent=13235"}],"wp:term":[{"taxonomy":"product_cat","embeddable":true,"href":"https:\/\/pararepublique.com\/index.php\/wp-json\/wp\/v2\/product_cat?post=13235"},{"taxonomy":"product_tag","embeddable":true,"href":"https:\/\/pararepublique.com\/index.php\/wp-json\/wp\/v2\/product_tag?post=13235"}],"curies":[{"name":"wp","href":"https:\/\/api.w.org\/{rel}","templated":true}]}}