{"id":13245,"date":"2024-10-22T11:17:44","date_gmt":"2024-10-22T11:17:44","guid":{"rendered":"https:\/\/pararepublique.com\/?post_type=product&#038;p=13245"},"modified":"2024-10-22T11:17:44","modified_gmt":"2024-10-22T11:17:44","slug":"mustele-gel-lavant-cold-creme-500ml","status":"publish","type":"product","link":"https:\/\/pararepublique.com\/index.php\/product\/mustele-gel-lavant-cold-creme-500ml\/","title":{"rendered":"MUSTELE GEL LAVANT COLD CREME 500ML"},"content":{"rendered":"<p>Le <strong>Gel Lavant Mustela Cold Cream<\/strong> est sp\u00e9cialement formul\u00e9 pour nettoyer en douceur et nourrir la peau s\u00e8che et d\u00e9licate des b\u00e9b\u00e9s. Ce soin 2-en-1 pour le corps et les cheveux prot\u00e8ge la peau fragile des agressions ext\u00e9rieures tout en pr\u00e9servant l\u2019hydratation.<\/p>\n<ul>\n<li><strong>Nettoyage Doux et Nourrissant<\/strong> : Enrichi en Cold Cream naturelle, ce gel nettoie d\u00e9licatement la peau tout en lui apportant une hydratation intense et en renfor\u00e7ant la barri\u00e8re cutan\u00e9e.<\/li>\n<li><strong>Protection contre le Dess\u00e8chement<\/strong> : Gr\u00e2ce \u00e0 sa formule sp\u00e9cialement con\u00e7ue pour les peaux s\u00e8ches, il prot\u00e8ge la peau des agressions ext\u00e9rieures (vent, froid) et pr\u00e9vient les tiraillements.<\/li>\n<li><strong>Formule 2-en-1<\/strong> : Ce gel lavant est id\u00e9al pour une utilisation quotidienne sur le corps et les cheveux, laissant la peau douce et les cheveux soyeux.<\/li>\n<li><strong>Hypoallerg\u00e9nique<\/strong> : Test\u00e9 sous contr\u00f4le dermatologique et p\u00e9diatrique, il est con\u00e7u pour minimiser les risques d&rsquo;allergies et convient d\u00e8s la naissance.<\/li>\n<li><strong>Sans Savon et Parfum L\u00e9ger<\/strong> : Sa formule sans savon respecte la peau d\u00e9licate des b\u00e9b\u00e9s, tandis que son parfum subtil laisse une agr\u00e9able sensation de fra\u00eecheur.<\/li>\n<li><strong>Facile \u00e0 Utiliser<\/strong> : Le format g\u00e9n\u00e9reux de 500 ml avec pompe est pratique pour une utilisation quotidienne, assurant une application facile et rapide.<\/li>\n<\/ul>\n<p>Le <strong>Mustela Gel Lavant Cold Cream 500 ml<\/strong> est parfait pour hydrater, prot\u00e9ger et nettoyer en douceur la peau s\u00e8che des b\u00e9b\u00e9s, tout en pr\u00e9servant sa souplesse et son confort.<\/p>\n","protected":false},"excerpt":{"rendered":"<p>Le <strong>Gel Lavant Mustela Cold Cream<\/strong> est sp\u00e9cialement formul\u00e9 pour nettoyer en douceur et nourrir la peau s\u00e8che et d\u00e9licate des b\u00e9b\u00e9s. Ce soin 2-en-1 pour le corps et les cheveux prot\u00e8ge la peau fragile des agressions ext\u00e9rieures tout en pr\u00e9servant l\u2019hydratation.<\/p>\n","protected":false},"featured_media":0,"comment_status":"open","ping_status":"closed","template":"","meta":{"inline_featured_image":false,"_monsterinsights_skip_tracking":false,"_monsterinsights_sitenote_active":false,"_monsterinsights_sitenote_note":"","_monsterinsights_sitenote_category":0,"_joinchat":[]},"product_cat":[150],"product_tag":[],"class_list":{"0":"post-13245","1":"product","2":"type-product","3":"status-publish","5":"product_cat-mustela","7":"first","8":"instock","9":"shipping-taxable","10":"purchasable","11":"product-type-simple","12":"add-to-wishlist-after_add_to_cart"},"aioseo_notices":[],"_links":{"self":[{"href":"https:\/\/pararepublique.com\/index.php\/wp-json\/wp\/v2\/product\/13245","targetHints":{"allow":["GET"]}}],"collection":[{"href":"https:\/\/pararepublique.com\/index.php\/wp-json\/wp\/v2\/product"}],"about":[{"href":"https:\/\/pararepublique.com\/index.php\/wp-json\/wp\/v2\/types\/product"}],"replies":[{"embeddable":true,"href":"https:\/\/pararepublique.com\/index.php\/wp-json\/wp\/v2\/comments?post=13245"}],"version-history":[{"count":1,"href":"https:\/\/pararepublique.com\/index.php\/wp-json\/wp\/v2\/product\/13245\/revisions"}],"predecessor-version":[{"id":13246,"href":"https:\/\/pararepublique.com\/index.php\/wp-json\/wp\/v2\/product\/13245\/revisions\/13246"}],"wp:attachment":[{"href":"https:\/\/pararepublique.com\/index.php\/wp-json\/wp\/v2\/media?parent=13245"}],"wp:term":[{"taxonomy":"product_cat","embeddable":true,"href":"https:\/\/pararepublique.com\/index.php\/wp-json\/wp\/v2\/product_cat?post=13245"},{"taxonomy":"product_tag","embeddable":true,"href":"https:\/\/pararepublique.com\/index.php\/wp-json\/wp\/v2\/product_tag?post=13245"}],"curies":[{"name":"wp","href":"https:\/\/api.w.org\/{rel}","templated":true}]}}