{"id":13260,"date":"2024-10-22T11:40:05","date_gmt":"2024-10-22T11:40:05","guid":{"rendered":"https:\/\/pararepublique.com\/?post_type=product&#038;p=13260"},"modified":"2024-10-22T11:40:06","modified_gmt":"2024-10-22T11:40:06","slug":"mustele-maternite-huile-vergeture","status":"publish","type":"product","link":"https:\/\/pararepublique.com\/index.php\/product\/mustele-maternite-huile-vergeture\/","title":{"rendered":"MUSTELE MATERNITE HUILE VERGETURE"},"content":{"rendered":"<p>L&rsquo;<strong>Huile Vergetures Mustela Maternit\u00e9<\/strong> est sp\u00e9cialement formul\u00e9e pour r\u00e9pondre aux besoins des futures et jeunes mamans. Gr\u00e2ce \u00e0 sa composition enrichie en huiles naturelles, cette huile aide \u00e0 pr\u00e9venir et \u00e0 r\u00e9duire l&rsquo;apparition des vergetures pendant la grossesse et apr\u00e8s l&rsquo;accouchement.<\/p>\n<ul>\n<li><strong>Pr\u00e9vention et R\u00e9duction des Vergetures<\/strong> : Enrichie en huile d&rsquo;avocat et en concentr\u00e9 d\u2019huiles v\u00e9g\u00e9tales, elle renforce l\u2019\u00e9lasticit\u00e9 de la peau, favorisant ainsi la pr\u00e9vention des vergetures.<\/li>\n<li><strong>Hydratation Intense<\/strong> : Sa formule nourrissante hydrate en profondeur, apaise la peau et la prot\u00e8ge des tiraillements, souvent ressentis pendant la grossesse.<\/li>\n<li><strong>Texture Non Grasse<\/strong> : Absorb\u00e9e rapidement, cette huile ne laisse pas de film gras, permettant une application facile et un confort imm\u00e9diat.<\/li>\n<li><strong>Formule 100% d&rsquo;Origine Naturelle<\/strong> : Compos\u00e9e exclusivement d\u2019ingr\u00e9dients d\u2019origine naturelle, elle est sans conservateurs, sans parab\u00e8nes et sans phtalates, garantissant une utilisation s\u00fbre pendant la grossesse et l\u2019allaitement.<\/li>\n<li><strong>Hypoallerg\u00e9nique<\/strong> : Test\u00e9e sous contr\u00f4le dermatologique, elle est con\u00e7ue pour minimiser les risques d\u2019allergies, tout en respectant la peau sensible des futures mamans.<\/li>\n<li><strong>Parfum L\u00e9ger et Agr\u00e9able<\/strong> : Laisse la peau d\u00e9licatement parfum\u00e9e, tout en apportant une sensation de bien-\u00eatre.<\/li>\n<\/ul>\n<p>L&rsquo;<strong>Huile Vergetures Mustela Maternit\u00e9<\/strong> est le soin id\u00e9al pour accompagner les femmes pendant leur grossesse, offrant une peau nourrie, souple et prot\u00e9g\u00e9e, tout en aidant \u00e0 pr\u00e9venir l&rsquo;apparition des vergetures.<\/p>\n","protected":false},"excerpt":{"rendered":"<p>L&rsquo;<strong>Huile Vergetures Mustela Maternit\u00e9<\/strong> est sp\u00e9cialement formul\u00e9e pour r\u00e9pondre aux besoins des futures et jeunes mamans. Gr\u00e2ce \u00e0 sa composition enrichie en huiles naturelles, cette huile aide \u00e0 pr\u00e9venir et \u00e0 r\u00e9duire l&rsquo;apparition des vergetures pendant la grossesse et apr\u00e8s l&rsquo;accouchement.<\/p>\n","protected":false},"featured_media":13261,"comment_status":"open","ping_status":"closed","template":"","meta":{"inline_featured_image":false,"_monsterinsights_skip_tracking":false,"_monsterinsights_sitenote_active":false,"_monsterinsights_sitenote_note":"","_monsterinsights_sitenote_category":0,"_joinchat":[]},"product_cat":[150],"product_tag":[],"class_list":{"0":"post-13260","1":"product","2":"type-product","3":"status-publish","4":"has-post-thumbnail","6":"product_cat-mustela","8":"first","9":"instock","10":"shipping-taxable","11":"purchasable","12":"product-type-simple","13":"add-to-wishlist-after_add_to_cart"},"aioseo_notices":[],"_links":{"self":[{"href":"https:\/\/pararepublique.com\/index.php\/wp-json\/wp\/v2\/product\/13260","targetHints":{"allow":["GET"]}}],"collection":[{"href":"https:\/\/pararepublique.com\/index.php\/wp-json\/wp\/v2\/product"}],"about":[{"href":"https:\/\/pararepublique.com\/index.php\/wp-json\/wp\/v2\/types\/product"}],"replies":[{"embeddable":true,"href":"https:\/\/pararepublique.com\/index.php\/wp-json\/wp\/v2\/comments?post=13260"}],"version-history":[{"count":1,"href":"https:\/\/pararepublique.com\/index.php\/wp-json\/wp\/v2\/product\/13260\/revisions"}],"predecessor-version":[{"id":13262,"href":"https:\/\/pararepublique.com\/index.php\/wp-json\/wp\/v2\/product\/13260\/revisions\/13262"}],"wp:featuredmedia":[{"embeddable":true,"href":"https:\/\/pararepublique.com\/index.php\/wp-json\/wp\/v2\/media\/13261"}],"wp:attachment":[{"href":"https:\/\/pararepublique.com\/index.php\/wp-json\/wp\/v2\/media?parent=13260"}],"wp:term":[{"taxonomy":"product_cat","embeddable":true,"href":"https:\/\/pararepublique.com\/index.php\/wp-json\/wp\/v2\/product_cat?post=13260"},{"taxonomy":"product_tag","embeddable":true,"href":"https:\/\/pararepublique.com\/index.php\/wp-json\/wp\/v2\/product_tag?post=13260"}],"curies":[{"name":"wp","href":"https:\/\/api.w.org\/{rel}","templated":true}]}}