{"id":13263,"date":"2024-10-22T11:43:44","date_gmt":"2024-10-22T11:43:44","guid":{"rendered":"https:\/\/pararepublique.com\/?post_type=product&#038;p=13263"},"modified":"2024-10-22T11:43:45","modified_gmt":"2024-10-22T11:43:45","slug":"mustele-maternite-serum-corecteur-vergeture","status":"publish","type":"product","link":"https:\/\/pararepublique.com\/index.php\/product\/mustele-maternite-serum-corecteur-vergeture\/","title":{"rendered":"MUSTELE MATERNITE SERUM CORECTEUR VERGETURE"},"content":{"rendered":"<p>Le <strong>S\u00e9rum Correcteur Vergetures Mustela Maternit\u00e9<\/strong> est sp\u00e9cialement formul\u00e9 pour r\u00e9duire l&rsquo;apparence des vergetures r\u00e9centes et favoriser la r\u00e9g\u00e9n\u00e9ration de la peau des futures et jeunes mamans. Ce soin cibl\u00e9 agit efficacement pour att\u00e9nuer la taille, la couleur et la texture des vergetures.<\/p>\n<ul>\n<li><strong>Action Correctrice Cibl\u00e9e<\/strong> : Enrichi en peptides d&rsquo;avocat et en actifs r\u00e9g\u00e9n\u00e9rants, ce s\u00e9rum aide \u00e0 att\u00e9nuer visiblement les vergetures r\u00e9centes en am\u00e9liorant l&rsquo;\u00e9lasticit\u00e9 et la souplesse de la peau.<\/li>\n<li><strong>R\u00e9g\u00e9n\u00e9ration et R\u00e9paration<\/strong> : Sa formule contient des ingr\u00e9dients comme l\u2019extrait de maracuja (fruit de la passion), qui stimule la r\u00e9g\u00e9n\u00e9ration cellulaire et aide \u00e0 r\u00e9parer la peau marqu\u00e9e par les vergetures.<\/li>\n<li><strong>Texture L\u00e9g\u00e8re et P\u00e9n\u00e9trante<\/strong> : Facile \u00e0 appliquer, ce s\u00e9rum p\u00e9n\u00e8tre rapidement et laisse la peau hydrat\u00e9e et lisse, sans sensation collante.<\/li>\n<li><strong>Utilisation S\u00fbre<\/strong> : Formul\u00e9 sans conservateurs, sans parab\u00e8nes, et sans phtalates, il est con\u00e7u pour \u00eatre utilis\u00e9 en toute s\u00e9curit\u00e9 pendant la grossesse et l&rsquo;allaitement.<\/li>\n<li><strong>Hypoallerg\u00e9nique<\/strong> : Test\u00e9 sous contr\u00f4le dermatologique, ce s\u00e9rum est adapt\u00e9 aux peaux sensibles et minimise les risques de r\u00e9actions allergiques.<\/li>\n<li><strong>Parfum Discret<\/strong> : Laisse la peau d\u00e9licatement parfum\u00e9e, apportant une sensation de confort et de bien-\u00eatre.<\/li>\n<\/ul>\n<p>Le <strong>S\u00e9rum Correcteur Vergetures Mustela Maternit\u00e9<\/strong> est id\u00e9al pour r\u00e9duire l&rsquo;apparence des vergetures r\u00e9centes et offrir \u00e0 la peau \u00e9lasticit\u00e9 et souplesse apr\u00e8s la grossesse.<\/p>\n","protected":false},"excerpt":{"rendered":"<p>Le <strong>S\u00e9rum Correcteur Vergetures Mustela Maternit\u00e9<\/strong> est sp\u00e9cialement formul\u00e9 pour r\u00e9duire l&rsquo;apparence des vergetures r\u00e9centes et favoriser la r\u00e9g\u00e9n\u00e9ration de la peau des futures et jeunes mamans. Ce soin cibl\u00e9 agit efficacement pour att\u00e9nuer la taille, la couleur et la texture des vergetures.<\/p>\n","protected":false},"featured_media":13264,"comment_status":"open","ping_status":"closed","template":"","meta":{"inline_featured_image":false,"_monsterinsights_skip_tracking":false,"_monsterinsights_sitenote_active":false,"_monsterinsights_sitenote_note":"","_monsterinsights_sitenote_category":0,"_joinchat":[]},"product_cat":[150],"product_tag":[],"class_list":{"0":"post-13263","1":"product","2":"type-product","3":"status-publish","4":"has-post-thumbnail","6":"product_cat-mustela","8":"first","9":"instock","10":"shipping-taxable","11":"purchasable","12":"product-type-simple","13":"add-to-wishlist-after_add_to_cart"},"aioseo_notices":[],"_links":{"self":[{"href":"https:\/\/pararepublique.com\/index.php\/wp-json\/wp\/v2\/product\/13263","targetHints":{"allow":["GET"]}}],"collection":[{"href":"https:\/\/pararepublique.com\/index.php\/wp-json\/wp\/v2\/product"}],"about":[{"href":"https:\/\/pararepublique.com\/index.php\/wp-json\/wp\/v2\/types\/product"}],"replies":[{"embeddable":true,"href":"https:\/\/pararepublique.com\/index.php\/wp-json\/wp\/v2\/comments?post=13263"}],"version-history":[{"count":1,"href":"https:\/\/pararepublique.com\/index.php\/wp-json\/wp\/v2\/product\/13263\/revisions"}],"predecessor-version":[{"id":13265,"href":"https:\/\/pararepublique.com\/index.php\/wp-json\/wp\/v2\/product\/13263\/revisions\/13265"}],"wp:featuredmedia":[{"embeddable":true,"href":"https:\/\/pararepublique.com\/index.php\/wp-json\/wp\/v2\/media\/13264"}],"wp:attachment":[{"href":"https:\/\/pararepublique.com\/index.php\/wp-json\/wp\/v2\/media?parent=13263"}],"wp:term":[{"taxonomy":"product_cat","embeddable":true,"href":"https:\/\/pararepublique.com\/index.php\/wp-json\/wp\/v2\/product_cat?post=13263"},{"taxonomy":"product_tag","embeddable":true,"href":"https:\/\/pararepublique.com\/index.php\/wp-json\/wp\/v2\/product_tag?post=13263"}],"curies":[{"name":"wp","href":"https:\/\/api.w.org\/{rel}","templated":true}]}}