{"id":13266,"date":"2024-10-22T11:49:09","date_gmt":"2024-10-22T11:49:09","guid":{"rendered":"https:\/\/pararepublique.com\/?post_type=product&#038;p=13266"},"modified":"2024-10-22T11:49:10","modified_gmt":"2024-10-22T11:49:10","slug":"mustele-maternite-baume-allait","status":"publish","type":"product","link":"https:\/\/pararepublique.com\/index.php\/product\/mustele-maternite-baume-allait\/","title":{"rendered":"MUSTELE MATERNITE BAUME  ALLAIT"},"content":{"rendered":"<p>Le <strong>Baume Allaitement Mustela Maternit\u00e9<\/strong> est sp\u00e9cialement con\u00e7u pour apaiser, prot\u00e9ger et r\u00e9parer les mamelons sensibles ou irrit\u00e9s pendant la p\u00e9riode d&rsquo;allaitement. Formul\u00e9 avec des ingr\u00e9dients d&rsquo;origine naturelle, il assure un confort optimal aux mamans allaitantes.<\/p>\n<ul>\n<li><strong>Apaisement Imm\u00e9diat<\/strong> : Enrichi en <strong>huile d\u2019olive bio<\/strong> pure, riche en om\u00e9ga 6 et 9, ce baume nourrit et adoucit la peau des mamelons sensibles ou irrit\u00e9s.<\/li>\n<li><strong>Protection et R\u00e9paration<\/strong> : Forme une barri\u00e8re protectrice qui aide \u00e0 pr\u00e9venir les irritations li\u00e9es \u00e0 l\u2019allaitement et favorise la r\u00e9paration de la peau fragilis\u00e9e.<\/li>\n<li><strong>Sans Rin\u00e7age<\/strong> : Sa formule naturelle est sans parfum, ni conservateur, et ne n\u00e9cessite pas de rin\u00e7age avant chaque t\u00e9t\u00e9e, garantissant un usage s\u00fbr pour le b\u00e9b\u00e9.<\/li>\n<li><strong>Texture Riche et Non Collante<\/strong> : Sa texture onctueuse fond sur la peau, offrant une sensation de confort imm\u00e9diat sans effet collant.<\/li>\n<li><strong>Formule 100% d&rsquo;Origine Naturelle<\/strong> : Compos\u00e9e exclusivement d&rsquo;ingr\u00e9dients naturels, elle est sans parab\u00e8nes, sans phtalates et sans conservateurs, id\u00e9ale pour une utilisation quotidienne pendant l&rsquo;allaitement.<\/li>\n<li><strong>Hypoallerg\u00e9nique<\/strong> : Test\u00e9e sous contr\u00f4le dermatologique, elle est sp\u00e9cialement con\u00e7ue pour minimiser les risques d\u2019allergies et convient aux peaux sensibles.<\/li>\n<\/ul>\n<p>Le <strong>Baume Allaitement Mustela Maternit\u00e9<\/strong> est le soin indispensable pour les mamans allaitantes, apportant confort et protection tout en assurant la s\u00e9curit\u00e9 de b\u00e9b\u00e9.<\/p>\n","protected":false},"excerpt":{"rendered":"<p>Le <strong>Baume Allaitement Mustela Maternit\u00e9<\/strong> est sp\u00e9cialement con\u00e7u pour apaiser, prot\u00e9ger et r\u00e9parer les mamelons sensibles ou irrit\u00e9s pendant la p\u00e9riode d&rsquo;allaitement. Formul\u00e9 avec des ingr\u00e9dients d&rsquo;origine naturelle, il assure un confort optimal aux mamans allaitantes.<\/p>\n","protected":false},"featured_media":13267,"comment_status":"open","ping_status":"closed","template":"","meta":{"inline_featured_image":false,"_monsterinsights_skip_tracking":false,"_monsterinsights_sitenote_active":false,"_monsterinsights_sitenote_note":"","_monsterinsights_sitenote_category":0,"_joinchat":[]},"product_cat":[150],"product_tag":[],"class_list":{"0":"post-13266","1":"product","2":"type-product","3":"status-publish","4":"has-post-thumbnail","6":"product_cat-mustela","8":"first","9":"instock","10":"shipping-taxable","11":"purchasable","12":"product-type-simple","13":"add-to-wishlist-after_add_to_cart"},"aioseo_notices":[],"_links":{"self":[{"href":"https:\/\/pararepublique.com\/index.php\/wp-json\/wp\/v2\/product\/13266","targetHints":{"allow":["GET"]}}],"collection":[{"href":"https:\/\/pararepublique.com\/index.php\/wp-json\/wp\/v2\/product"}],"about":[{"href":"https:\/\/pararepublique.com\/index.php\/wp-json\/wp\/v2\/types\/product"}],"replies":[{"embeddable":true,"href":"https:\/\/pararepublique.com\/index.php\/wp-json\/wp\/v2\/comments?post=13266"}],"version-history":[{"count":1,"href":"https:\/\/pararepublique.com\/index.php\/wp-json\/wp\/v2\/product\/13266\/revisions"}],"predecessor-version":[{"id":13268,"href":"https:\/\/pararepublique.com\/index.php\/wp-json\/wp\/v2\/product\/13266\/revisions\/13268"}],"wp:featuredmedia":[{"embeddable":true,"href":"https:\/\/pararepublique.com\/index.php\/wp-json\/wp\/v2\/media\/13267"}],"wp:attachment":[{"href":"https:\/\/pararepublique.com\/index.php\/wp-json\/wp\/v2\/media?parent=13266"}],"wp:term":[{"taxonomy":"product_cat","embeddable":true,"href":"https:\/\/pararepublique.com\/index.php\/wp-json\/wp\/v2\/product_cat?post=13266"},{"taxonomy":"product_tag","embeddable":true,"href":"https:\/\/pararepublique.com\/index.php\/wp-json\/wp\/v2\/product_tag?post=13266"}],"curies":[{"name":"wp","href":"https:\/\/api.w.org\/{rel}","templated":true}]}}