{"id":13285,"date":"2024-10-22T12:13:32","date_gmt":"2024-10-22T12:13:32","guid":{"rendered":"https:\/\/pararepublique.com\/?post_type=product&#038;p=13285"},"modified":"2024-10-22T12:13:33","modified_gmt":"2024-10-22T12:13:33","slug":"mustela-soin-croute-de-lait-40ml","status":"publish","type":"product","link":"https:\/\/pararepublique.com\/index.php\/product\/mustela-soin-croute-de-lait-40ml\/","title":{"rendered":"MUSTELA SOIN CROUTE DE LAIT  40ML"},"content":{"rendered":"<p>Le <strong>Soin Cro\u00fbtes de Lait Mustela<\/strong> est sp\u00e9cialement formul\u00e9 pour traiter et \u00e9liminer les cro\u00fbtes de lait chez les nourrissons. Doux et apaisant, ce soin aide \u00e0 assainir le cuir chevelu tout en respectant la peau fragile de b\u00e9b\u00e9.<\/p>\n<ul>\n<li><strong>Action Cibl\u00e9e contre les Cro\u00fbtes de Lait<\/strong> : Enrichi en actifs naturels, ce soin aide \u00e0 \u00e9liminer efficacement les cro\u00fbtes de lait pr\u00e9sentes sur le cuir chevelu de b\u00e9b\u00e9, en adoucissant les plaques et en favorisant leur disparition.<\/li>\n<li><strong>Apaisement et Confort<\/strong> : Formul\u00e9 avec des ingr\u00e9dients apaisants comme l&rsquo;extrait d&rsquo;avocat, il r\u00e9duit les sensations d&rsquo;inconfort et apaise les irritations du cuir chevelu.<\/li>\n<li><strong>Hydratation et Protection<\/strong> : Hydrate le cuir chevelu de b\u00e9b\u00e9, pr\u00e9venant ainsi la r\u00e9apparition des cro\u00fbtes de lait tout en respectant l\u2019\u00e9quilibre naturel de la peau.<\/li>\n<li><strong>Texture L\u00e9g\u00e8re et Non Grasse<\/strong> : Sa texture fluide et facile \u00e0 appliquer ne laisse pas de r\u00e9sidu gras et s\u2019absorbe rapidement, pour un confort imm\u00e9diat.<\/li>\n<li><strong>Hypoallerg\u00e9nique<\/strong> : Test\u00e9 sous contr\u00f4le dermatologique et p\u00e9diatrique, il est formul\u00e9 pour minimiser les risques d\u2019allergies et convient aux nourrissons d\u00e8s la naissance.<\/li>\n<li><strong>Sans Parfum<\/strong> : Sans parfum ajout\u00e9, il est sp\u00e9cialement con\u00e7u pour respecter la sensibilit\u00e9 olfactive des b\u00e9b\u00e9s et des jeunes enfants.<\/li>\n<\/ul>\n<p>Le <strong>Soin Cro\u00fbtes de Lait Mustela 40 ml<\/strong> est la solution id\u00e9ale pour prendre soin du cuir chevelu de b\u00e9b\u00e9, en \u00e9liminant les cro\u00fbtes de lait tout en apportant apaisement et hydratation.<\/p>\n","protected":false},"excerpt":{"rendered":"<p>Le <strong>Soin Cro\u00fbtes de Lait Mustela<\/strong> est sp\u00e9cialement formul\u00e9 pour traiter et \u00e9liminer les cro\u00fbtes de lait chez les nourrissons. Doux et apaisant, ce soin aide \u00e0 assainir le cuir chevelu tout en respectant la peau fragile de b\u00e9b\u00e9.<\/p>\n","protected":false},"featured_media":13286,"comment_status":"open","ping_status":"closed","template":"","meta":{"inline_featured_image":false,"_monsterinsights_skip_tracking":false,"_monsterinsights_sitenote_active":false,"_monsterinsights_sitenote_note":"","_monsterinsights_sitenote_category":0,"_joinchat":[]},"product_cat":[150],"product_tag":[],"class_list":{"0":"post-13285","1":"product","2":"type-product","3":"status-publish","4":"has-post-thumbnail","6":"product_cat-mustela","8":"first","9":"instock","10":"shipping-taxable","11":"purchasable","12":"product-type-simple","13":"add-to-wishlist-after_add_to_cart"},"aioseo_notices":[],"_links":{"self":[{"href":"https:\/\/pararepublique.com\/index.php\/wp-json\/wp\/v2\/product\/13285","targetHints":{"allow":["GET"]}}],"collection":[{"href":"https:\/\/pararepublique.com\/index.php\/wp-json\/wp\/v2\/product"}],"about":[{"href":"https:\/\/pararepublique.com\/index.php\/wp-json\/wp\/v2\/types\/product"}],"replies":[{"embeddable":true,"href":"https:\/\/pararepublique.com\/index.php\/wp-json\/wp\/v2\/comments?post=13285"}],"version-history":[{"count":1,"href":"https:\/\/pararepublique.com\/index.php\/wp-json\/wp\/v2\/product\/13285\/revisions"}],"predecessor-version":[{"id":13287,"href":"https:\/\/pararepublique.com\/index.php\/wp-json\/wp\/v2\/product\/13285\/revisions\/13287"}],"wp:featuredmedia":[{"embeddable":true,"href":"https:\/\/pararepublique.com\/index.php\/wp-json\/wp\/v2\/media\/13286"}],"wp:attachment":[{"href":"https:\/\/pararepublique.com\/index.php\/wp-json\/wp\/v2\/media?parent=13285"}],"wp:term":[{"taxonomy":"product_cat","embeddable":true,"href":"https:\/\/pararepublique.com\/index.php\/wp-json\/wp\/v2\/product_cat?post=13285"},{"taxonomy":"product_tag","embeddable":true,"href":"https:\/\/pararepublique.com\/index.php\/wp-json\/wp\/v2\/product_tag?post=13285"}],"curies":[{"name":"wp","href":"https:\/\/api.w.org\/{rel}","templated":true}]}}