{"id":13294,"date":"2024-10-22T12:22:35","date_gmt":"2024-10-22T12:22:35","guid":{"rendered":"https:\/\/pararepublique.com\/?post_type=product&#038;p=13294"},"modified":"2024-10-22T12:22:36","modified_gmt":"2024-10-22T12:22:36","slug":"mustela-stelatopia-baume","status":"publish","type":"product","link":"https:\/\/pararepublique.com\/index.php\/product\/mustela-stelatopia-baume\/","title":{"rendered":"MUSTELA STELATOPIA BAUME"},"content":{"rendered":"<p>Le <strong>Baume Mustela Stelatopia<\/strong> est sp\u00e9cialement formul\u00e9 pour apaiser, nourrir et prot\u00e9ger les peaux s\u00e8ches et \u00e0 tendance atopique des b\u00e9b\u00e9s et des jeunes enfants. Gr\u00e2ce \u00e0 sa texture riche et onctueuse, ce baume offre un confort optimal et une hydratation durable.<\/p>\n<ul>\n<li><strong>Hydratation Intense<\/strong> : Enrichi en distillat de tournesol et en pers\u00e9ose d\u2019avocat, ce baume nourrit intens\u00e9ment la peau, favorisant la restauration de la barri\u00e8re cutan\u00e9e et pr\u00e9venant le dess\u00e8chement.<\/li>\n<li><strong>Apaisement des Irritations<\/strong> : Sa formule sp\u00e9ciale soulage imm\u00e9diatement les sensations d&rsquo;irritation, de d\u00e9mangeaisons et d&rsquo;inconfort, apportant une sensation de douceur et de bien-\u00eatre.<\/li>\n<li><strong>R\u00e9g\u00e9n\u00e9ration de la Peau<\/strong> : Contribue \u00e0 restaurer l&rsquo;\u00e9lasticit\u00e9 et la souplesse de la peau gr\u00e2ce \u00e0 ses actifs r\u00e9g\u00e9n\u00e9rants, r\u00e9duisant ainsi l&rsquo;apparence des plaques s\u00e8ches et irrit\u00e9es.<\/li>\n<li><strong>Texture Riche et Non Grasse<\/strong> : Sa texture onctueuse p\u00e9n\u00e8tre rapidement sans laisser de film gras, facilitant l&rsquo;application et assurant un confort imm\u00e9diat.<\/li>\n<li><strong>Hypoallerg\u00e9nique<\/strong> : Test\u00e9 sous contr\u00f4le dermatologique et p\u00e9diatrique, il est con\u00e7u pour minimiser les risques d&rsquo;allergies et convient aux b\u00e9b\u00e9s d\u00e8s la naissance.<\/li>\n<li><strong>Utilisation Quotidienne<\/strong> : Id\u00e9al pour un usage quotidien, le baume peut \u00eatre appliqu\u00e9 sur les zones s\u00e8ches du corps et du visage pour une hydratation continue.<\/li>\n<\/ul>\n<p>Le <strong>Baume Mustela Stelatopia<\/strong> est le soin parfait pour les parents soucieux d\u2019offrir \u00e0 leur b\u00e9b\u00e9 une solution douce et efficace pour prendre soin des peaux s\u00e8ches et atopiques, assurant hydratation, apaisement et protection jour apr\u00e8s jour.<\/p>\n","protected":false},"excerpt":{"rendered":"<p>Le <strong>Baume Mustela Stelatopia<\/strong> est sp\u00e9cialement formul\u00e9 pour apaiser, nourrir et prot\u00e9ger les peaux s\u00e8ches et \u00e0 tendance atopique des b\u00e9b\u00e9s et des jeunes enfants. Gr\u00e2ce \u00e0 sa texture riche et onctueuse, ce baume offre un confort optimal et une hydratation durable.<\/p>\n","protected":false},"featured_media":13295,"comment_status":"open","ping_status":"closed","template":"","meta":{"inline_featured_image":false,"_monsterinsights_skip_tracking":false,"_monsterinsights_sitenote_active":false,"_monsterinsights_sitenote_note":"","_monsterinsights_sitenote_category":0,"_joinchat":[]},"product_cat":[150],"product_tag":[],"class_list":{"0":"post-13294","1":"product","2":"type-product","3":"status-publish","4":"has-post-thumbnail","6":"product_cat-mustela","8":"first","9":"instock","10":"shipping-taxable","11":"purchasable","12":"product-type-simple","13":"add-to-wishlist-after_add_to_cart"},"aioseo_notices":[],"_links":{"self":[{"href":"https:\/\/pararepublique.com\/index.php\/wp-json\/wp\/v2\/product\/13294","targetHints":{"allow":["GET"]}}],"collection":[{"href":"https:\/\/pararepublique.com\/index.php\/wp-json\/wp\/v2\/product"}],"about":[{"href":"https:\/\/pararepublique.com\/index.php\/wp-json\/wp\/v2\/types\/product"}],"replies":[{"embeddable":true,"href":"https:\/\/pararepublique.com\/index.php\/wp-json\/wp\/v2\/comments?post=13294"}],"version-history":[{"count":1,"href":"https:\/\/pararepublique.com\/index.php\/wp-json\/wp\/v2\/product\/13294\/revisions"}],"predecessor-version":[{"id":13296,"href":"https:\/\/pararepublique.com\/index.php\/wp-json\/wp\/v2\/product\/13294\/revisions\/13296"}],"wp:featuredmedia":[{"embeddable":true,"href":"https:\/\/pararepublique.com\/index.php\/wp-json\/wp\/v2\/media\/13295"}],"wp:attachment":[{"href":"https:\/\/pararepublique.com\/index.php\/wp-json\/wp\/v2\/media?parent=13294"}],"wp:term":[{"taxonomy":"product_cat","embeddable":true,"href":"https:\/\/pararepublique.com\/index.php\/wp-json\/wp\/v2\/product_cat?post=13294"},{"taxonomy":"product_tag","embeddable":true,"href":"https:\/\/pararepublique.com\/index.php\/wp-json\/wp\/v2\/product_tag?post=13294"}],"curies":[{"name":"wp","href":"https:\/\/api.w.org\/{rel}","templated":true}]}}