{"id":13301,"date":"2024-10-22T13:06:08","date_gmt":"2024-10-22T13:06:08","guid":{"rendered":"https:\/\/pararepublique.com\/?post_type=product&#038;p=13301"},"modified":"2024-10-22T13:06:08","modified_gmt":"2024-10-22T13:06:08","slug":"mustela-double-action-200ml","status":"publish","type":"product","link":"https:\/\/pararepublique.com\/index.php\/product\/mustela-double-action-200ml\/","title":{"rendered":"MUSTELA DOUBLE ACTION 200ML"},"content":{"rendered":"<p>La gamme <strong>Mustela Double Action<\/strong> est sp\u00e9cifiquement con\u00e7ue pour r\u00e9pondre aux besoins des peaux sensibles et d\u00e9licates des b\u00e9b\u00e9s et jeunes enfants. Avec sa formule douce et naturelle, elle offre une <strong>double action<\/strong> essentielle :<\/p>\n<h3>1. <strong>Hydratation intense et durable<\/strong><\/h3>\n<p>La peau des b\u00e9b\u00e9s est beaucoup plus fine et fragile que celle des adultes, elle n\u00e9cessite donc des soins sp\u00e9cifiques. Mustela Double Action hydrate profond\u00e9ment la peau gr\u00e2ce \u00e0 des ingr\u00e9dients naturels comme la glyc\u00e9rine et les huiles v\u00e9g\u00e9tales, qui aident \u00e0 renforcer la barri\u00e8re cutan\u00e9e et \u00e0 maintenir l\u2019\u00e9quilibre hydrique. Cette hydratation intense soulage les sensations de tiraillements et de s\u00e9cheresse, tout en laissant la peau douce et souple.<\/p>\n<h3>2. <strong>Protection et pr\u00e9vention des irritations<\/strong><\/h3>\n<p>Gr\u00e2ce \u00e0 sa composition enrichie en agents apaisants et anti-inflammatoires, tels que l&rsquo;extrait de pers\u00e9ose d&rsquo;avocat et le beurre de karit\u00e9, la gamme prot\u00e8ge la peau fragile des agressions ext\u00e9rieures (vent, froid, frottements). Elle forme une barri\u00e8re protectrice qui pr\u00e9vient les rougeurs, irritations et autres inconforts cutan\u00e9s, notamment dans les zones expos\u00e9es comme le visage, le corps ou le si\u00e8ge.<\/p>\n<h3><strong>Principaux ingr\u00e9dients actifs :<\/strong><\/h3>\n<ul>\n<li><strong>Pers\u00e9ose d&rsquo;avocat<\/strong> : Cet ingr\u00e9dient brevet\u00e9 aide \u00e0 prot\u00e9ger le capital cellulaire de la peau des tout-petits tout en renfor\u00e7ant sa barri\u00e8re naturelle.<\/li>\n<li><strong>Beurre de karit\u00e9<\/strong> : Naturellement riche en acides gras essentiels, il nourrit et adoucit la peau tout en lui apportant une protection renforc\u00e9e.<\/li>\n<li><strong>C\u00e9ramides<\/strong> : Favorisent la restauration de la barri\u00e8re cutan\u00e9e pour un effet protecteur et apaisant.<\/li>\n<\/ul>\n<h3><strong>Avantages cl\u00e9s :<\/strong><\/h3>\n<ul>\n<li><strong>Formule hypoallerg\u00e9nique<\/strong> : Test\u00e9e sous contr\u00f4le dermatologique et p\u00e9diatrique, elle est adapt\u00e9e m\u00eame aux peaux les plus sensibles.<\/li>\n<li><strong>Sans paraben, sans phtalate, sans ph\u00e9noxy\u00e9thanol<\/strong> : Elle respecte la peau fragile des b\u00e9b\u00e9s en \u00e9vitant les ingr\u00e9dients potentiellement irritants ou nocifs.<\/li>\n<li><strong>Absorption rapide<\/strong> : La texture l\u00e9g\u00e8re et non grasse permet une application facile et rapide, sans laisser de film collant.<\/li>\n<\/ul>\n<h3><strong>Utilisation recommand\u00e9e :<\/strong><\/h3>\n<p>Appliquer g\u00e9n\u00e9reusement sur les zones concern\u00e9es (visage, corps, si\u00e8ge) une \u00e0 deux fois par jour, ou \u00e0 chaque change pour les b\u00e9b\u00e9s, afin de garantir une protection continue et une hydratation optimale.<\/p>\n<p>&nbsp;<\/p>\n","protected":false},"excerpt":{"rendered":"<p>La gamme <strong>Mustela Double Action<\/strong> est sp\u00e9cifiquement con\u00e7ue pour r\u00e9pondre aux besoins des peaux sensibles et d\u00e9licates des b\u00e9b\u00e9s et jeunes enfants. Avec sa formule douce et naturelle, elle offre une <strong>double action<\/strong> essentielle :<\/p>\n","protected":false},"featured_media":0,"comment_status":"open","ping_status":"closed","template":"","meta":{"inline_featured_image":false,"_monsterinsights_skip_tracking":false,"_monsterinsights_sitenote_active":false,"_monsterinsights_sitenote_note":"","_monsterinsights_sitenote_category":0,"_joinchat":[]},"product_cat":[150],"product_tag":[],"class_list":{"0":"post-13301","1":"product","2":"type-product","3":"status-publish","5":"product_cat-mustela","7":"first","8":"instock","9":"shipping-taxable","10":"purchasable","11":"product-type-simple","12":"add-to-wishlist-after_add_to_cart"},"aioseo_notices":[],"_links":{"self":[{"href":"https:\/\/pararepublique.com\/index.php\/wp-json\/wp\/v2\/product\/13301","targetHints":{"allow":["GET"]}}],"collection":[{"href":"https:\/\/pararepublique.com\/index.php\/wp-json\/wp\/v2\/product"}],"about":[{"href":"https:\/\/pararepublique.com\/index.php\/wp-json\/wp\/v2\/types\/product"}],"replies":[{"embeddable":true,"href":"https:\/\/pararepublique.com\/index.php\/wp-json\/wp\/v2\/comments?post=13301"}],"version-history":[{"count":2,"href":"https:\/\/pararepublique.com\/index.php\/wp-json\/wp\/v2\/product\/13301\/revisions"}],"predecessor-version":[{"id":13303,"href":"https:\/\/pararepublique.com\/index.php\/wp-json\/wp\/v2\/product\/13301\/revisions\/13303"}],"wp:attachment":[{"href":"https:\/\/pararepublique.com\/index.php\/wp-json\/wp\/v2\/media?parent=13301"}],"wp:term":[{"taxonomy":"product_cat","embeddable":true,"href":"https:\/\/pararepublique.com\/index.php\/wp-json\/wp\/v2\/product_cat?post=13301"},{"taxonomy":"product_tag","embeddable":true,"href":"https:\/\/pararepublique.com\/index.php\/wp-json\/wp\/v2\/product_tag?post=13301"}],"curies":[{"name":"wp","href":"https:\/\/api.w.org\/{rel}","templated":true}]}}