{"id":13305,"date":"2024-10-22T13:10:25","date_gmt":"2024-10-22T13:10:25","guid":{"rendered":"https:\/\/pararepublique.com\/?post_type=product&#038;p=13305"},"modified":"2024-10-22T13:10:25","modified_gmt":"2024-10-22T13:10:25","slug":"mustela-lai-toilette-750ml","status":"publish","type":"product","link":"https:\/\/pararepublique.com\/index.php\/product\/mustela-lai-toilette-750ml\/","title":{"rendered":"MUSTELA LAI TOILETTE 750ML"},"content":{"rendered":"<p>Le <strong>Mustela Lait de Toilette<\/strong> allie douceur et efficacit\u00e9 pour nettoyer la peau des b\u00e9b\u00e9s tout en respectant son \u00e9quilibre naturel. Il contient des ingr\u00e9dients actifs d&rsquo;origine naturelle qui prot\u00e8gent et hydratent la peau d\u00e9licate des nourrissons.<\/p>\n<h3><strong>Propri\u00e9t\u00e9s principales :<\/strong><\/h3>\n<p><strong>Nettoyage doux et efficace :<\/strong><\/p>\n<p>Formul\u00e9 pour \u00e9liminer les impuret\u00e9s tout en respectant l&rsquo;\u00e9quilibre de la peau sensible des b\u00e9b\u00e9s, ce lait nettoie sans agresser et sans dess\u00e9cher. Il est particuli\u00e8rement adapt\u00e9 pour les zones sujettes aux irritations comme le visage et le si\u00e8ge.<\/p>\n<p><strong>Hydratation et protection :<\/strong><\/p>\n<ul>\n<li style=\"list-style-type: none;\">\n<ul>\n<li>Enrichi en agents hydratants comme le <strong>pers\u00e9ose d\u2019avocat<\/strong>, un actif brevet\u00e9 de Mustela, ce lait aide \u00e0 renforcer la barri\u00e8re cutan\u00e9e tout en pr\u00e9servant les ressources cellulaires de la peau.<\/li>\n<li>Gr\u00e2ce \u00e0 sa texture onctueuse, il laisse la peau douce, souple et prot\u00e9g\u00e9e contre les agressions ext\u00e9rieures.<\/li>\n<\/ul>\n<\/li>\n<\/ul>\n","protected":false},"excerpt":{"rendered":"<p>Le <strong>Mustela Lait de Toilette<\/strong> allie douceur et efficacit\u00e9 pour nettoyer la peau des b\u00e9b\u00e9s tout en respectant son \u00e9quilibre naturel. Il contient des ingr\u00e9dients actifs d&rsquo;origine naturelle qui prot\u00e8gent et hydratent la peau d\u00e9licate des nourrissons.<\/p>\n","protected":false},"featured_media":13306,"comment_status":"open","ping_status":"closed","template":"","meta":{"inline_featured_image":false,"_monsterinsights_skip_tracking":false,"_monsterinsights_sitenote_active":false,"_monsterinsights_sitenote_note":"","_monsterinsights_sitenote_category":0,"_joinchat":[]},"product_cat":[150],"product_tag":[],"class_list":{"0":"post-13305","1":"product","2":"type-product","3":"status-publish","4":"has-post-thumbnail","6":"product_cat-mustela","8":"first","9":"instock","10":"shipping-taxable","11":"purchasable","12":"product-type-simple","13":"add-to-wishlist-after_add_to_cart"},"aioseo_notices":[],"_links":{"self":[{"href":"https:\/\/pararepublique.com\/index.php\/wp-json\/wp\/v2\/product\/13305","targetHints":{"allow":["GET"]}}],"collection":[{"href":"https:\/\/pararepublique.com\/index.php\/wp-json\/wp\/v2\/product"}],"about":[{"href":"https:\/\/pararepublique.com\/index.php\/wp-json\/wp\/v2\/types\/product"}],"replies":[{"embeddable":true,"href":"https:\/\/pararepublique.com\/index.php\/wp-json\/wp\/v2\/comments?post=13305"}],"version-history":[{"count":1,"href":"https:\/\/pararepublique.com\/index.php\/wp-json\/wp\/v2\/product\/13305\/revisions"}],"predecessor-version":[{"id":13307,"href":"https:\/\/pararepublique.com\/index.php\/wp-json\/wp\/v2\/product\/13305\/revisions\/13307"}],"wp:featuredmedia":[{"embeddable":true,"href":"https:\/\/pararepublique.com\/index.php\/wp-json\/wp\/v2\/media\/13306"}],"wp:attachment":[{"href":"https:\/\/pararepublique.com\/index.php\/wp-json\/wp\/v2\/media?parent=13305"}],"wp:term":[{"taxonomy":"product_cat","embeddable":true,"href":"https:\/\/pararepublique.com\/index.php\/wp-json\/wp\/v2\/product_cat?post=13305"},{"taxonomy":"product_tag","embeddable":true,"href":"https:\/\/pararepublique.com\/index.php\/wp-json\/wp\/v2\/product_tag?post=13305"}],"curies":[{"name":"wp","href":"https:\/\/api.w.org\/{rel}","templated":true}]}}