{"id":13324,"date":"2024-10-23T13:25:29","date_gmt":"2024-10-23T13:25:29","guid":{"rendered":"https:\/\/pararepublique.com\/?post_type=product&#038;p=13324"},"modified":"2024-10-23T13:25:30","modified_gmt":"2024-10-23T13:25:30","slug":"uriage-1-er-lait-hydratant-visage-et-corps-500ml","status":"publish","type":"product","link":"https:\/\/pararepublique.com\/index.php\/product\/uriage-1-er-lait-hydratant-visage-et-corps-500ml\/","title":{"rendered":"URIAGE 1 ER LAIT HYDRATANT VISAGE ET CORPS 500ML"},"content":{"rendered":"<p>Le <strong>1er Lait Hydratant Visage et Corps d\u2019Uriage<\/strong> est sp\u00e9cialement formul\u00e9 pour la peau d\u00e9licate des b\u00e9b\u00e9s et des jeunes enfants. Ce lait hydratant \u00e0 la texture fluide et l\u00e9g\u00e8re p\u00e9n\u00e8tre rapidement pour nourrir, apaiser et prot\u00e9ger la peau fragile du visage et du corps. Enrichi en <strong>Eau Thermale d\u2019Uriage<\/strong>, il renforce la barri\u00e8re cutan\u00e9e tout en maintenant un taux d\u2019hydratation optimal.<\/p>\n<h4><strong>Caract\u00e9ristiques :<\/strong><\/h4>\n<ul>\n<li><strong>Hydrate intens\u00e9ment<\/strong> la peau fragile des b\u00e9b\u00e9s.<\/li>\n<li>Enrichi en <strong>Eau Thermale d&rsquo;Uriage<\/strong>, aux propri\u00e9t\u00e9s apaisantes et protectrices.<\/li>\n<li><strong>Texture l\u00e9g\u00e8re et non grasse<\/strong>, p\u00e9n\u00e8tre rapidement pour un confort imm\u00e9diat.<\/li>\n<li>Hypoallerg\u00e9nique, <strong>sans parab\u00e8nes<\/strong> et sans alcool.<\/li>\n<\/ul>\n<h4><strong>B\u00e9n\u00e9fices :<\/strong><\/h4>\n<ul>\n<li><strong>Nourrit et apaise<\/strong> les peaux s\u00e8ches et sensibles.<\/li>\n<li>Renforce la <strong>barri\u00e8re cutan\u00e9e naturelle<\/strong>.<\/li>\n<li>Laisse la peau douce, souple et d\u00e9licatement parfum\u00e9e.<\/li>\n<li>Utilisable d\u00e8s la naissance, parfait pour un usage quotidien.<\/li>\n<\/ul>\n<h4><strong>Utilisation :<\/strong><\/h4>\n<p>Appliquez quotidiennement sur le visage et le corps du b\u00e9b\u00e9, sur une peau propre et s\u00e8che. Massez d\u00e9licatement pour faire p\u00e9n\u00e9trer le produit.<\/p>\n<p>Gr\u00e2ce \u00e0 sa formule douce et respectueuse, le <strong>1er Lait Hydratant Uriage<\/strong> offre \u00e0 votre b\u00e9b\u00e9 une peau nourrie, prot\u00e9g\u00e9e et confortable tout au long de la journ\u00e9e.<\/p>\n","protected":false},"excerpt":{"rendered":"<p>Le <strong>1er Lait Hydratant Visage et Corps d\u2019Uriage<\/strong> est sp\u00e9cialement formul\u00e9 pour la peau d\u00e9licate des b\u00e9b\u00e9s et des jeunes enfants. Ce lait hydratant \u00e0 la texture fluide et l\u00e9g\u00e8re p\u00e9n\u00e8tre rapidement pour nourrir, apaiser et prot\u00e9ger la peau fragile du visage et du corps. Enrichi en <strong>Eau Thermale d\u2019Uriage<\/strong>, il renforce la barri\u00e8re cutan\u00e9e tout en maintenant un taux d\u2019hydratation optimal.<\/p>\n","protected":false},"featured_media":13325,"comment_status":"open","ping_status":"closed","template":"","meta":{"inline_featured_image":false,"_monsterinsights_skip_tracking":false,"_monsterinsights_sitenote_active":false,"_monsterinsights_sitenote_note":"","_monsterinsights_sitenote_category":0,"_joinchat":[]},"product_cat":[153],"product_tag":[],"class_list":{"0":"post-13324","1":"product","2":"type-product","3":"status-publish","4":"has-post-thumbnail","6":"product_cat-uriage-bebe","8":"first","9":"instock","10":"shipping-taxable","11":"purchasable","12":"product-type-simple","13":"add-to-wishlist-after_add_to_cart"},"aioseo_notices":[],"_links":{"self":[{"href":"https:\/\/pararepublique.com\/index.php\/wp-json\/wp\/v2\/product\/13324","targetHints":{"allow":["GET"]}}],"collection":[{"href":"https:\/\/pararepublique.com\/index.php\/wp-json\/wp\/v2\/product"}],"about":[{"href":"https:\/\/pararepublique.com\/index.php\/wp-json\/wp\/v2\/types\/product"}],"replies":[{"embeddable":true,"href":"https:\/\/pararepublique.com\/index.php\/wp-json\/wp\/v2\/comments?post=13324"}],"version-history":[{"count":1,"href":"https:\/\/pararepublique.com\/index.php\/wp-json\/wp\/v2\/product\/13324\/revisions"}],"predecessor-version":[{"id":13326,"href":"https:\/\/pararepublique.com\/index.php\/wp-json\/wp\/v2\/product\/13324\/revisions\/13326"}],"wp:featuredmedia":[{"embeddable":true,"href":"https:\/\/pararepublique.com\/index.php\/wp-json\/wp\/v2\/media\/13325"}],"wp:attachment":[{"href":"https:\/\/pararepublique.com\/index.php\/wp-json\/wp\/v2\/media?parent=13324"}],"wp:term":[{"taxonomy":"product_cat","embeddable":true,"href":"https:\/\/pararepublique.com\/index.php\/wp-json\/wp\/v2\/product_cat?post=13324"},{"taxonomy":"product_tag","embeddable":true,"href":"https:\/\/pararepublique.com\/index.php\/wp-json\/wp\/v2\/product_tag?post=13324"}],"curies":[{"name":"wp","href":"https:\/\/api.w.org\/{rel}","templated":true}]}}