{"id":13327,"date":"2024-10-23T13:32:16","date_gmt":"2024-10-23T13:32:16","guid":{"rendered":"https:\/\/pararepublique.com\/?post_type=product&#038;p=13327"},"modified":"2024-10-23T13:32:16","modified_gmt":"2024-10-23T13:32:16","slug":"luriage-1-er-bb-eau-nettoyant-500ml","status":"publish","type":"product","link":"https:\/\/pararepublique.com\/index.php\/product\/luriage-1-er-bb-eau-nettoyant-500ml\/","title":{"rendered":"LURIAGE 1 ER BB EAU NETTOYANT  500ML"},"content":{"rendered":"<p>L&rsquo;<strong>Eau Nettoyante Uriage 1er B\u00e9b\u00e9<\/strong> est sp\u00e9cialement con\u00e7ue pour la toilette quotidienne des tout-petits. Elle nettoie en douceur et \u00e9limine efficacement les impuret\u00e9s du visage, du corps et de la zone du si\u00e8ge, tout en respectant la peau fragile des b\u00e9b\u00e9s. Enrichie en <strong>Eau Thermale d&rsquo;Uriage<\/strong>, cette formule sans rin\u00e7age apaise, hydrate et prot\u00e8ge la peau d\u00e9licate, laissant une sensation de fra\u00eecheur et de confort.<\/p>\n<h4><strong>Caract\u00e9ristiques :<\/strong><\/h4>\n<ul>\n<li><strong>Nettoie et \u00e9limine<\/strong> les impuret\u00e9s en douceur.<\/li>\n<li>Formule enrichie en <strong>Eau Thermale d&rsquo;Uriage<\/strong>, reconnue pour ses propri\u00e9t\u00e9s apaisantes et protectrices.<\/li>\n<li><strong>Sans rin\u00e7age<\/strong>, pratique pour une utilisation rapide et facile.<\/li>\n<li>Hypoallerg\u00e9nique, <strong>sans parab\u00e8nes<\/strong>, sans alcool et sans savon.<\/li>\n<\/ul>\n<h4><strong>B\u00e9n\u00e9fices :<\/strong><\/h4>\n<ul>\n<li><strong>Respecte la peau fragile<\/strong> des nourrissons et des jeunes enfants.<\/li>\n<li>Apaise et prot\u00e8ge contre les irritations et les rougeurs.<\/li>\n<li>Laisse la peau <strong>douce, hydrat\u00e9e et d\u00e9licatement parfum\u00e9e<\/strong>.<\/li>\n<li>Utilisable d\u00e8s la naissance, id\u00e9al pour un usage quotidien.<\/li>\n<\/ul>\n<h4><strong>Utilisation :<\/strong><\/h4>\n<p>Appliquez sur un coton et nettoyez d\u00e9licatement le visage, le corps ou la zone du si\u00e8ge. Inutile de rincer.<\/p>\n<p>Offrez \u00e0 votre b\u00e9b\u00e9 un soin doux et efficace avec l&rsquo;<strong>Eau Nettoyante Uriage 1er B\u00e9b\u00e9<\/strong>, un alli\u00e9 id\u00e9al pour une peau propre, apais\u00e9e et prot\u00e9g\u00e9e au quotidien.<\/p>\n","protected":false},"excerpt":{"rendered":"<p>L&rsquo;<strong>Eau Nettoyante Uriage 1er B\u00e9b\u00e9<\/strong> est sp\u00e9cialement con\u00e7ue pour la toilette quotidienne des tout-petits. Elle nettoie en douceur et \u00e9limine efficacement les impuret\u00e9s du visage, du corps et de la zone du si\u00e8ge, tout en respectant la peau fragile des b\u00e9b\u00e9s. Enrichie en <strong>Eau Thermale d&rsquo;Uriage<\/strong>, cette formule sans rin\u00e7age apaise, hydrate et prot\u00e8ge la peau d\u00e9licate, laissant une sensation de fra\u00eecheur et de confort.<\/p>\n","protected":false},"featured_media":13328,"comment_status":"open","ping_status":"closed","template":"","meta":{"inline_featured_image":false,"_monsterinsights_skip_tracking":false,"_monsterinsights_sitenote_active":false,"_monsterinsights_sitenote_note":"","_monsterinsights_sitenote_category":0,"_joinchat":[]},"product_cat":[153],"product_tag":[],"class_list":{"0":"post-13327","1":"product","2":"type-product","3":"status-publish","4":"has-post-thumbnail","6":"product_cat-uriage-bebe","8":"first","9":"instock","10":"shipping-taxable","11":"purchasable","12":"product-type-simple","13":"add-to-wishlist-after_add_to_cart"},"aioseo_notices":[],"_links":{"self":[{"href":"https:\/\/pararepublique.com\/index.php\/wp-json\/wp\/v2\/product\/13327","targetHints":{"allow":["GET"]}}],"collection":[{"href":"https:\/\/pararepublique.com\/index.php\/wp-json\/wp\/v2\/product"}],"about":[{"href":"https:\/\/pararepublique.com\/index.php\/wp-json\/wp\/v2\/types\/product"}],"replies":[{"embeddable":true,"href":"https:\/\/pararepublique.com\/index.php\/wp-json\/wp\/v2\/comments?post=13327"}],"version-history":[{"count":1,"href":"https:\/\/pararepublique.com\/index.php\/wp-json\/wp\/v2\/product\/13327\/revisions"}],"predecessor-version":[{"id":13329,"href":"https:\/\/pararepublique.com\/index.php\/wp-json\/wp\/v2\/product\/13327\/revisions\/13329"}],"wp:featuredmedia":[{"embeddable":true,"href":"https:\/\/pararepublique.com\/index.php\/wp-json\/wp\/v2\/media\/13328"}],"wp:attachment":[{"href":"https:\/\/pararepublique.com\/index.php\/wp-json\/wp\/v2\/media?parent=13327"}],"wp:term":[{"taxonomy":"product_cat","embeddable":true,"href":"https:\/\/pararepublique.com\/index.php\/wp-json\/wp\/v2\/product_cat?post=13327"},{"taxonomy":"product_tag","embeddable":true,"href":"https:\/\/pararepublique.com\/index.php\/wp-json\/wp\/v2\/product_tag?post=13327"}],"curies":[{"name":"wp","href":"https:\/\/api.w.org\/{rel}","templated":true}]}}