{"id":13336,"date":"2024-10-23T15:54:08","date_gmt":"2024-10-23T15:54:08","guid":{"rendered":"https:\/\/pararepublique.com\/?post_type=product&#038;p=13336"},"modified":"2024-10-23T15:54:08","modified_gmt":"2024-10-23T15:54:08","slug":"uriage-bariederm-cica-serum-30ml","status":"publish","type":"product","link":"https:\/\/pararepublique.com\/index.php\/product\/uriage-bariederm-cica-serum-30ml\/","title":{"rendered":"URIAGE BARIEDERM CICA SERUM  30ML"},"content":{"rendered":"<h3><strong>Uriage Bari\u00e9derm Cica-S\u00e9rum 30ml<\/strong><\/h3>\n<p>Le <strong>Bari\u00e9derm Cica-S\u00e9rum d\u2019Uriage<\/strong> est un soin r\u00e9parateur intensif con\u00e7u pour restaurer et prot\u00e9ger les peaux fragilis\u00e9es. Enrichi en <strong>Cuivre-Zinc<\/strong> et en <strong>Eau Thermale d\u2019Uriage<\/strong>, ce s\u00e9rum apaise les irritations, acc\u00e9l\u00e8re la r\u00e9paration cutan\u00e9e, et renforce la barri\u00e8re protectrice de la peau. Adapt\u00e9 aux peaux sensibles et agress\u00e9es (marques r\u00e9siduelles, rougeurs, irritations), ce s\u00e9rum \u00e0 la texture l\u00e9g\u00e8re p\u00e9n\u00e8tre rapidement, laissant la peau plus lisse, plus uniforme et apais\u00e9e.<\/p>\n<h4><strong>Caract\u00e9ristiques :<\/strong><\/h4>\n<ul>\n<li>Enrichi en <strong>Cuivre-Zinc<\/strong>, reconnu pour ses propri\u00e9t\u00e9s r\u00e9paratrices et purifiantes.<\/li>\n<li>Contient de l\u2019<strong>Eau Thermale d\u2019Uriage<\/strong>, apaisante et hydratante.<\/li>\n<li>Texture <strong>l\u00e9g\u00e8re et non collante<\/strong>, absorb\u00e9e rapidement par la peau.<\/li>\n<li>Hypoallerg\u00e9nique, sans parfum, <strong>sans parab\u00e8nes<\/strong>.<\/li>\n<\/ul>\n<h4><strong>B\u00e9n\u00e9fices :<\/strong><\/h4>\n<ul>\n<li><strong>R\u00e9pare et apaise<\/strong> les peaux irrit\u00e9es ou sensibilis\u00e9es (rougeurs, marques r\u00e9siduelles).<\/li>\n<li>Aide \u00e0 restaurer la <strong>barri\u00e8re cutan\u00e9e<\/strong> et \u00e0 uniformiser le teint.<\/li>\n<li><strong>Renforce<\/strong> la r\u00e9sistance de la peau contre les agressions ext\u00e9rieures.<\/li>\n<li>Favorise une <strong>cicatrisation rapide<\/strong> tout en apportant confort et douceur.<\/li>\n<\/ul>\n<h4><strong>Utilisation :<\/strong><\/h4>\n<p>Appliquez matin et soir sur une peau propre et s\u00e8che, avant votre soin quotidien. Peut \u00eatre utilis\u00e9 sur le visage et les zones sp\u00e9cifiques du corps n\u00e9cessitant une r\u00e9paration intense.<\/p>\n<p>Avec le <strong>Bari\u00e9derm Cica-S\u00e9rum<\/strong>, retrouvez une peau r\u00e9par\u00e9e, apais\u00e9e et visiblement plus uniforme gr\u00e2ce \u00e0 l\u2019expertise dermatologique d\u2019Uriage.<\/p>\n","protected":false},"excerpt":{"rendered":"<p>Le <strong>Bari\u00e9derm Cica-S\u00e9rum d\u2019Uriage<\/strong> est un soin r\u00e9parateur intensif con\u00e7u pour restaurer et prot\u00e9ger les peaux fragilis\u00e9es. Enrichi en <strong>Cuivre-Zinc<\/strong> et en <strong>Eau Thermale d\u2019Uriage<\/strong>, ce s\u00e9rum apaise les irritations, acc\u00e9l\u00e8re la r\u00e9paration cutan\u00e9e, et renforce la barri\u00e8re protectrice de la peau. Adapt\u00e9 aux peaux sensibles et agress\u00e9es (marques r\u00e9siduelles, rougeurs, irritations), ce s\u00e9rum \u00e0 la texture l\u00e9g\u00e8re p\u00e9n\u00e8tre rapidement, laissant la peau plus lisse, plus uniforme et apais\u00e9e.<\/p>\n","protected":false},"featured_media":13337,"comment_status":"open","ping_status":"closed","template":"","meta":{"inline_featured_image":false,"_monsterinsights_skip_tracking":false,"_monsterinsights_sitenote_active":false,"_monsterinsights_sitenote_note":"","_monsterinsights_sitenote_category":0,"_joinchat":[]},"product_cat":[153],"product_tag":[],"class_list":{"0":"post-13336","1":"product","2":"type-product","3":"status-publish","4":"has-post-thumbnail","6":"product_cat-uriage-bebe","8":"first","9":"instock","10":"shipping-taxable","11":"purchasable","12":"product-type-simple","13":"add-to-wishlist-after_add_to_cart"},"aioseo_notices":[],"_links":{"self":[{"href":"https:\/\/pararepublique.com\/index.php\/wp-json\/wp\/v2\/product\/13336","targetHints":{"allow":["GET"]}}],"collection":[{"href":"https:\/\/pararepublique.com\/index.php\/wp-json\/wp\/v2\/product"}],"about":[{"href":"https:\/\/pararepublique.com\/index.php\/wp-json\/wp\/v2\/types\/product"}],"replies":[{"embeddable":true,"href":"https:\/\/pararepublique.com\/index.php\/wp-json\/wp\/v2\/comments?post=13336"}],"version-history":[{"count":1,"href":"https:\/\/pararepublique.com\/index.php\/wp-json\/wp\/v2\/product\/13336\/revisions"}],"predecessor-version":[{"id":13338,"href":"https:\/\/pararepublique.com\/index.php\/wp-json\/wp\/v2\/product\/13336\/revisions\/13338"}],"wp:featuredmedia":[{"embeddable":true,"href":"https:\/\/pararepublique.com\/index.php\/wp-json\/wp\/v2\/media\/13337"}],"wp:attachment":[{"href":"https:\/\/pararepublique.com\/index.php\/wp-json\/wp\/v2\/media?parent=13336"}],"wp:term":[{"taxonomy":"product_cat","embeddable":true,"href":"https:\/\/pararepublique.com\/index.php\/wp-json\/wp\/v2\/product_cat?post=13336"},{"taxonomy":"product_tag","embeddable":true,"href":"https:\/\/pararepublique.com\/index.php\/wp-json\/wp\/v2\/product_tag?post=13336"}],"curies":[{"name":"wp","href":"https:\/\/api.w.org\/{rel}","templated":true}]}}