{"id":13339,"date":"2024-10-23T15:57:36","date_gmt":"2024-10-23T15:57:36","guid":{"rendered":"https:\/\/pararepublique.com\/?post_type=product&#038;p=13339"},"modified":"2024-10-23T15:57:37","modified_gmt":"2024-10-23T15:57:37","slug":"uriage-bariederm-cica-creme-40ml","status":"publish","type":"product","link":"https:\/\/pararepublique.com\/index.php\/product\/uriage-bariederm-cica-creme-40ml\/","title":{"rendered":"URIAGE BARIEDERM CICA CREME  40ML"},"content":{"rendered":"<p>La <strong>Cica-Cr\u00e8me R\u00e9paratrice Uriage Bari\u00e9derm<\/strong> est un soin multi-action con\u00e7u pour r\u00e9parer, apaiser et prot\u00e9ger les peaux fragilis\u00e9es ou irrit\u00e9es. Enrichie en <strong>Cuivre-Zinc<\/strong> et en <strong>Eau Thermale d\u2019Uriage<\/strong>, cette cr\u00e8me favorise la cicatrisation rapide des peaux ab\u00eem\u00e9es, tout en cr\u00e9ant une barri\u00e8re protectrice contre les agressions ext\u00e9rieures. Adapt\u00e9e aux zones sensibles du visage et du corps, elle apaise les rougeurs, r\u00e9pare les microfissures et prot\u00e8ge la peau des irritations.<\/p>\n<h4><strong>Caract\u00e9ristiques :<\/strong><\/h4>\n<ul>\n<li>Formul\u00e9e avec du <strong>Cuivre-Zinc<\/strong>, aux propri\u00e9t\u00e9s purifiantes et r\u00e9paratrices.<\/li>\n<li>Enrichie en <strong>Eau Thermale d\u2019Uriage<\/strong>, qui apaise et hydrate en profondeur.<\/li>\n<li><strong>Texture riche<\/strong> et non grasse, facile \u00e0 appliquer et rapidement absorb\u00e9e.<\/li>\n<li>Hypoallerg\u00e9nique, sans parfum, <strong>sans paraben<\/strong>.<\/li>\n<\/ul>\n<h4><strong>B\u00e9n\u00e9fices :<\/strong><\/h4>\n<ul>\n<li><strong>R\u00e9pare et apaise<\/strong> les peaux irrit\u00e9es, gerc\u00e9es ou ab\u00eem\u00e9es.<\/li>\n<li>Favorise une <strong>cicatrisation rapide<\/strong> tout en apaisant les rougeurs et les sensations d\u2019inconfort.<\/li>\n<li><strong>Prot\u00e8ge la peau<\/strong> des agressions ext\u00e9rieures en renfor\u00e7ant la barri\u00e8re cutan\u00e9e.<\/li>\n<li>Convient aux <strong>peaux sensibles<\/strong>, m\u00eame pour les nourrissons et enfants.<\/li>\n<li><strong>Format pratique de 40ml<\/strong>, id\u00e9al pour une utilisation cibl\u00e9e sur le visage et les zones sensibles du corps.<\/li>\n<\/ul>\n<h4><strong>Utilisation :<\/strong><\/h4>\n<p>Appliquez 1 \u00e0 2 fois par jour sur une peau propre et s\u00e8che, sur les zones fragilis\u00e9es ou irrit\u00e9es du visage et du corps. Convient \u00e0 toute la famille.<\/p>\n<p>Avec la <strong>Cica-Cr\u00e8me Uriage Bari\u00e9derm<\/strong>, r\u00e9parez, prot\u00e9gez et apaisez votre peau en un seul geste gr\u00e2ce \u00e0 une formule dermatologique experte.<\/p>\n","protected":false},"excerpt":{"rendered":"<p>La <strong>Cica-Cr\u00e8me R\u00e9paratrice Uriage Bari\u00e9derm<\/strong> est un soin multi-action con\u00e7u pour r\u00e9parer, apaiser et prot\u00e9ger les peaux fragilis\u00e9es ou irrit\u00e9es. Enrichie en <strong>Cuivre-Zinc<\/strong> et en <strong>Eau Thermale d\u2019Uriage<\/strong>, cette cr\u00e8me favorise la cicatrisation rapide des peaux ab\u00eem\u00e9es, tout en cr\u00e9ant une barri\u00e8re protectrice contre les agressions ext\u00e9rieures.<\/p>\n","protected":false},"featured_media":13340,"comment_status":"open","ping_status":"closed","template":"","meta":{"inline_featured_image":false,"_monsterinsights_skip_tracking":false,"_monsterinsights_sitenote_active":false,"_monsterinsights_sitenote_note":"","_monsterinsights_sitenote_category":0,"_joinchat":[]},"product_cat":[118],"product_tag":[],"class_list":{"0":"post-13339","1":"product","2":"type-product","3":"status-publish","4":"has-post-thumbnail","6":"product_cat-uriage","8":"first","9":"instock","10":"shipping-taxable","11":"purchasable","12":"product-type-simple","13":"add-to-wishlist-after_add_to_cart"},"aioseo_notices":[],"_links":{"self":[{"href":"https:\/\/pararepublique.com\/index.php\/wp-json\/wp\/v2\/product\/13339","targetHints":{"allow":["GET"]}}],"collection":[{"href":"https:\/\/pararepublique.com\/index.php\/wp-json\/wp\/v2\/product"}],"about":[{"href":"https:\/\/pararepublique.com\/index.php\/wp-json\/wp\/v2\/types\/product"}],"replies":[{"embeddable":true,"href":"https:\/\/pararepublique.com\/index.php\/wp-json\/wp\/v2\/comments?post=13339"}],"version-history":[{"count":1,"href":"https:\/\/pararepublique.com\/index.php\/wp-json\/wp\/v2\/product\/13339\/revisions"}],"predecessor-version":[{"id":13341,"href":"https:\/\/pararepublique.com\/index.php\/wp-json\/wp\/v2\/product\/13339\/revisions\/13341"}],"wp:featuredmedia":[{"embeddable":true,"href":"https:\/\/pararepublique.com\/index.php\/wp-json\/wp\/v2\/media\/13340"}],"wp:attachment":[{"href":"https:\/\/pararepublique.com\/index.php\/wp-json\/wp\/v2\/media?parent=13339"}],"wp:term":[{"taxonomy":"product_cat","embeddable":true,"href":"https:\/\/pararepublique.com\/index.php\/wp-json\/wp\/v2\/product_cat?post=13339"},{"taxonomy":"product_tag","embeddable":true,"href":"https:\/\/pararepublique.com\/index.php\/wp-json\/wp\/v2\/product_tag?post=13339"}],"curies":[{"name":"wp","href":"https:\/\/api.w.org\/{rel}","templated":true}]}}