{"id":13342,"date":"2024-10-23T16:00:25","date_gmt":"2024-10-23T16:00:25","guid":{"rendered":"https:\/\/pararepublique.com\/?post_type=product&#038;p=13342"},"modified":"2024-10-23T16:00:25","modified_gmt":"2024-10-23T16:00:25","slug":"uriage-bariederm-cica-gel-nett-200ml","status":"publish","type":"product","link":"https:\/\/pararepublique.com\/index.php\/product\/uriage-bariederm-cica-gel-nett-200ml\/","title":{"rendered":"URIAGE BARIEDERM CICA GEL NETT 200ML"},"content":{"rendered":"<p>Le <strong>Bari\u00e9derm Cica-Gel Nettoyant d&rsquo;Uriage<\/strong> est sp\u00e9cialement formul\u00e9 pour nettoyer en douceur et prot\u00e9ger les peaux irrit\u00e9es ou fragilis\u00e9es. Gr\u00e2ce \u00e0 sa formule au <strong>Cuivre-Zinc<\/strong> et \u00e0 l\u2019<strong>Eau Thermale d\u2019Uriage<\/strong>, ce gel nettoyant purifie la peau tout en respectant son \u00e9quilibre naturel. Il aide \u00e0 apaiser les sensations d&rsquo;inconfort tout en favorisant la r\u00e9paration cutan\u00e9e, ce qui le rend id\u00e9al pour une utilisation quotidienne sur le visage, le corps et m\u00eame le cuir chevelu.<\/p>\n<h4><strong>Caract\u00e9ristiques :<\/strong><\/h4>\n<ul>\n<li>Formul\u00e9 avec du <strong>Cuivre-Zinc<\/strong>, pour ses propri\u00e9t\u00e9s purifiantes et r\u00e9paratrices.<\/li>\n<li>Enrichi en <strong>Eau Thermale d&rsquo;Uriage<\/strong>, qui apaise et prot\u00e8ge la peau.<\/li>\n<li><strong>Gel moussant<\/strong> doux, non dess\u00e9chant, qui respecte la barri\u00e8re cutan\u00e9e.<\/li>\n<li>Hypoallerg\u00e9nique, sans parfum, <strong>sans savon<\/strong> et sans paraben.<\/li>\n<\/ul>\n<h4><strong>B\u00e9n\u00e9fices :<\/strong><\/h4>\n<ul>\n<li><strong>Nettoie en douceur<\/strong> tout en respectant l&rsquo;int\u00e9grit\u00e9 de la peau.<\/li>\n<li><strong>Purifie<\/strong> et aide \u00e0 <strong>r\u00e9parer<\/strong> les peaux irrit\u00e9es ou ab\u00eem\u00e9es.<\/li>\n<li>Apaise les rougeurs et les sensations de tiraillement.<\/li>\n<li>Adapt\u00e9 aux zones sensibles du corps, du visage et m\u00eame du cuir chevelu.<\/li>\n<li><strong>Format de 200ml<\/strong>, pratique pour une utilisation quotidienne.<\/li>\n<\/ul>\n<h4><strong>Utilisation :<\/strong><\/h4>\n<p>Appliquez le gel nettoyant sur une peau mouill\u00e9e, faites mousser d\u00e9licatement, puis rincez abondamment. Utilisable sur le visage, le corps et le cuir chevelu, aussi souvent que n\u00e9cessaire.<\/p>\n<p>Avec le <strong>Cica-Gel Nettoyant Bari\u00e9derm d&rsquo;Uriage<\/strong>, purifiez et apaisez votre peau tout en douceur, gr\u00e2ce \u00e0 une formule adapt\u00e9e aux peaux fragilis\u00e9es et irrit\u00e9es.<\/p>\n","protected":false},"excerpt":{"rendered":"<p>Le <strong>Bari\u00e9derm Cica-Gel Nettoyant d&rsquo;Uriage<\/strong> est sp\u00e9cialement formul\u00e9 pour nettoyer en douceur et prot\u00e9ger les peaux irrit\u00e9es ou fragilis\u00e9es. Gr\u00e2ce \u00e0 sa formule au <strong>Cuivre-Zinc<\/strong> et \u00e0 l\u2019<strong>Eau Thermale d\u2019Uriage<\/strong>, ce gel nettoyant purifie la peau tout en respectant son \u00e9quilibre naturel.<\/p>\n","protected":false},"featured_media":13343,"comment_status":"open","ping_status":"closed","template":"","meta":{"inline_featured_image":false,"_monsterinsights_skip_tracking":false,"_monsterinsights_sitenote_active":false,"_monsterinsights_sitenote_note":"","_monsterinsights_sitenote_category":0,"_joinchat":[]},"product_cat":[118],"product_tag":[],"class_list":{"0":"post-13342","1":"product","2":"type-product","3":"status-publish","4":"has-post-thumbnail","6":"product_cat-uriage","8":"first","9":"instock","10":"shipping-taxable","11":"purchasable","12":"product-type-simple","13":"add-to-wishlist-after_add_to_cart"},"aioseo_notices":[],"_links":{"self":[{"href":"https:\/\/pararepublique.com\/index.php\/wp-json\/wp\/v2\/product\/13342","targetHints":{"allow":["GET"]}}],"collection":[{"href":"https:\/\/pararepublique.com\/index.php\/wp-json\/wp\/v2\/product"}],"about":[{"href":"https:\/\/pararepublique.com\/index.php\/wp-json\/wp\/v2\/types\/product"}],"replies":[{"embeddable":true,"href":"https:\/\/pararepublique.com\/index.php\/wp-json\/wp\/v2\/comments?post=13342"}],"version-history":[{"count":1,"href":"https:\/\/pararepublique.com\/index.php\/wp-json\/wp\/v2\/product\/13342\/revisions"}],"predecessor-version":[{"id":13344,"href":"https:\/\/pararepublique.com\/index.php\/wp-json\/wp\/v2\/product\/13342\/revisions\/13344"}],"wp:featuredmedia":[{"embeddable":true,"href":"https:\/\/pararepublique.com\/index.php\/wp-json\/wp\/v2\/media\/13343"}],"wp:attachment":[{"href":"https:\/\/pararepublique.com\/index.php\/wp-json\/wp\/v2\/media?parent=13342"}],"wp:term":[{"taxonomy":"product_cat","embeddable":true,"href":"https:\/\/pararepublique.com\/index.php\/wp-json\/wp\/v2\/product_cat?post=13342"},{"taxonomy":"product_tag","embeddable":true,"href":"https:\/\/pararepublique.com\/index.php\/wp-json\/wp\/v2\/product_tag?post=13342"}],"curies":[{"name":"wp","href":"https:\/\/api.w.org\/{rel}","templated":true}]}}