{"id":13349,"date":"2024-10-23T16:06:58","date_gmt":"2024-10-23T16:06:58","guid":{"rendered":"https:\/\/pararepublique.com\/?post_type=product&#038;p=13349"},"modified":"2024-10-23T16:06:59","modified_gmt":"2024-10-23T16:06:59","slug":"uriage-bariederm-ci-spf50-40ml","status":"publish","type":"product","link":"https:\/\/pararepublique.com\/index.php\/product\/uriage-bariederm-ci-spf50-40ml\/","title":{"rendered":"URIAGE BARIEDERM CI SPF50  +40ML"},"content":{"rendered":"<p>La <strong>Bari\u00e9derm Cica Cr\u00e8me SPF50+<\/strong> d\u2019Uriage est un soin r\u00e9parateur et protecteur \u00e0 haute protection solaire, sp\u00e9cialement con\u00e7u pour les peaux fragilis\u00e9es et irrit\u00e9es. Enrichie en <strong>Cuivre-Zinc<\/strong> et en <strong>Eau Thermale d\u2019Uriage<\/strong>, cette cr\u00e8me favorise la r\u00e9paration de la barri\u00e8re cutan\u00e9e tout en offrant une protection solaire maximale contre les UV. Sa formule innovante aide \u00e0 pr\u00e9venir les marques r\u00e9siduelles et \u00e0 prot\u00e9ger la peau des agressions ext\u00e9rieures telles que les rayons UV, le vent et la pollution.<\/p>\n<h4><strong>Caract\u00e9ristiques :<\/strong><\/h4>\n<ul>\n<li><strong>Haute protection solaire SPF50+<\/strong>, id\u00e9ale pour prot\u00e9ger les peaux fragilis\u00e9es des rayons UV.<\/li>\n<li>Enrichie en <strong>Cuivre-Zinc<\/strong> pour ses propri\u00e9t\u00e9s r\u00e9paratrices et purifiantes.<\/li>\n<li>Contient de l\u2019<strong>Eau Thermale d\u2019Uriage<\/strong>, apaisante et hydratante.<\/li>\n<li>Texture <strong>non grasse<\/strong>, rapidement absorb\u00e9e, qui ne laisse pas de film blanc.<\/li>\n<li>Hypoallerg\u00e9nique, sans parfum, <strong>sans parab\u00e8nes<\/strong>.<\/li>\n<\/ul>\n<h4><strong>B\u00e9n\u00e9fices :<\/strong><\/h4>\n<ul>\n<li><strong>R\u00e9pare et prot\u00e8ge<\/strong> les peaux irrit\u00e9es, ab\u00eem\u00e9es ou fragilis\u00e9es.<\/li>\n<li>Assure une <strong>protection maximale contre les rayons UV<\/strong> (SPF50+).<\/li>\n<li>Pr\u00e9serve la peau des <strong>agressions ext\u00e9rieures<\/strong> (UV, pollution, vent).<\/li>\n<li>Aide \u00e0 <strong>pr\u00e9venir les marques r\u00e9siduelles<\/strong> apr\u00e8s des irritations cutan\u00e9es.<\/li>\n<li>Id\u00e9ale pour une utilisation quotidienne sur le visage et les zones expos\u00e9es.<\/li>\n<\/ul>\n<h4><strong>Utilisation :<\/strong><\/h4>\n<p>Appliquez g\u00e9n\u00e9reusement sur les zones concern\u00e9es avant l&rsquo;exposition au soleil. Renouvelez fr\u00e9quemment l\u2019application, surtout apr\u00e8s avoir transpir\u00e9, nag\u00e9 ou vous \u00eatre essuy\u00e9.<\/p>\n<p>Avec la <strong>Bari\u00e9derm Cica Cr\u00e8me SPF50+<\/strong>, prot\u00e9gez et r\u00e9parez votre peau tout en lui offrant une haute protection solaire.<\/p>\n<hr \/>\n<p>&nbsp;<\/p>\n","protected":false},"excerpt":{"rendered":"<p>La <strong>Bari\u00e9derm Cica Cr\u00e8me SPF50+<\/strong> d\u2019Uriage est un soin r\u00e9parateur et protecteur \u00e0 haute protection solaire, sp\u00e9cialement con\u00e7u pour les peaux fragilis\u00e9es et irrit\u00e9es. Enrichie en <strong>Cuivre-Zinc<\/strong> et en <strong>Eau Thermale d\u2019Uriage<\/strong>, cette cr\u00e8me favorise la r\u00e9paration de la barri\u00e8re cutan\u00e9e tout en offrant une protection solaire maximale contre les UV.<\/p>\n","protected":false},"featured_media":13350,"comment_status":"open","ping_status":"closed","template":"","meta":{"inline_featured_image":false,"_monsterinsights_skip_tracking":false,"_monsterinsights_sitenote_active":false,"_monsterinsights_sitenote_note":"","_monsterinsights_sitenote_category":0,"_joinchat":[]},"product_cat":[118],"product_tag":[],"class_list":{"0":"post-13349","1":"product","2":"type-product","3":"status-publish","4":"has-post-thumbnail","6":"product_cat-uriage","8":"first","9":"instock","10":"shipping-taxable","11":"purchasable","12":"product-type-simple","13":"add-to-wishlist-after_add_to_cart"},"aioseo_notices":[],"_links":{"self":[{"href":"https:\/\/pararepublique.com\/index.php\/wp-json\/wp\/v2\/product\/13349","targetHints":{"allow":["GET"]}}],"collection":[{"href":"https:\/\/pararepublique.com\/index.php\/wp-json\/wp\/v2\/product"}],"about":[{"href":"https:\/\/pararepublique.com\/index.php\/wp-json\/wp\/v2\/types\/product"}],"replies":[{"embeddable":true,"href":"https:\/\/pararepublique.com\/index.php\/wp-json\/wp\/v2\/comments?post=13349"}],"version-history":[{"count":1,"href":"https:\/\/pararepublique.com\/index.php\/wp-json\/wp\/v2\/product\/13349\/revisions"}],"predecessor-version":[{"id":13351,"href":"https:\/\/pararepublique.com\/index.php\/wp-json\/wp\/v2\/product\/13349\/revisions\/13351"}],"wp:featuredmedia":[{"embeddable":true,"href":"https:\/\/pararepublique.com\/index.php\/wp-json\/wp\/v2\/media\/13350"}],"wp:attachment":[{"href":"https:\/\/pararepublique.com\/index.php\/wp-json\/wp\/v2\/media?parent=13349"}],"wp:term":[{"taxonomy":"product_cat","embeddable":true,"href":"https:\/\/pararepublique.com\/index.php\/wp-json\/wp\/v2\/product_cat?post=13349"},{"taxonomy":"product_tag","embeddable":true,"href":"https:\/\/pararepublique.com\/index.php\/wp-json\/wp\/v2\/product_tag?post=13349"}],"curies":[{"name":"wp","href":"https:\/\/api.w.org\/{rel}","templated":true}]}}