{"id":13352,"date":"2024-10-23T16:10:17","date_gmt":"2024-10-23T16:10:17","guid":{"rendered":"https:\/\/pararepublique.com\/?post_type=product&#038;p=13352"},"modified":"2024-10-23T16:10:17","modified_gmt":"2024-10-23T16:10:17","slug":"uriage-bariesun50fluide-anti-taches","status":"publish","type":"product","link":"https:\/\/pararepublique.com\/index.php\/product\/uriage-bariesun50fluide-anti-taches\/","title":{"rendered":"URIAGE BARIESUN50+FLUIDE ANTI TACHES"},"content":{"rendered":"<p>Le <strong>Bari\u00e9sun Fluide Anti-Taches SPF50+<\/strong> d\u2019Uriage est un soin solaire \u00e0 tr\u00e8s haute protection, sp\u00e9cialement formul\u00e9 pour pr\u00e9venir et corriger les taches pigmentaires tout en prot\u00e9geant la peau des rayons UV. Enrichi en <strong>Eau Thermale d\u2019Uriage<\/strong> et en actifs anti-taches, ce fluide l\u00e9ger prot\u00e8ge la peau tout en unifiant le teint. Sa formule innovante assure une protection renforc\u00e9e contre les UVA\/UVB et les radicaux libres, tout en pr\u00e9venant l\u2019apparition des taches brunes li\u00e9es au soleil.<\/p>\n<h4><strong>Caract\u00e9ristiques :<\/strong><\/h4>\n<ul>\n<li><strong>Tr\u00e8s haute protection solaire SPF50+<\/strong>, contre les UVA\/UVB.<\/li>\n<li>Enrichi en <strong>Eau Thermale d\u2019Uriage<\/strong>, hydratante et apaisante.<\/li>\n<li>Formule avec des <strong>actifs anti-taches<\/strong> qui pr\u00e9viennent et r\u00e9duisent les taches pigmentaires.<\/li>\n<li><strong>Texture fluide<\/strong>, l\u00e9g\u00e8re et non grasse, rapidement absorb\u00e9e.<\/li>\n<li>Hypoallerg\u00e9nique, non com\u00e9dog\u00e8ne, sans parfum, <strong>sans parab\u00e8nes<\/strong>.<\/li>\n<\/ul>\n<h4><strong>B\u00e9n\u00e9fices :<\/strong><\/h4>\n<ul>\n<li>Prot\u00e8ge efficacement la peau contre les <strong>dommages li\u00e9s au soleil<\/strong>.<\/li>\n<li>Pr\u00e9vient et <strong>corrige les taches pigmentaires<\/strong>.<\/li>\n<li>Hydrate et apaise la peau, tout en laissant un <strong>teint unifi\u00e9<\/strong>.<\/li>\n<li>Id\u00e9ale pour les peaux sujettes aux taches brunes ou \u00e0 hyperpigmentation.<\/li>\n<li><strong>Convient \u00e0 tous les types de peau<\/strong>, m\u00eame les plus sensibles.<\/li>\n<\/ul>\n<h4><strong>Utilisation :<\/strong><\/h4>\n<p>Appliquez g\u00e9n\u00e9reusement avant l&rsquo;exposition au soleil. Renouvelez fr\u00e9quemment l\u2019application, surtout apr\u00e8s avoir nag\u00e9, transpir\u00e9 ou vous \u00eatre essuy\u00e9. \u00c9vitez de vous exposer trop longtemps au soleil, m\u00eame avec une protection.<\/p>\n<p>Avec le <strong>Bari\u00e9sun Fluide Anti-Taches SPF50+<\/strong>, prot\u00e9gez votre peau des rayons UV tout en pr\u00e9venant l\u2019apparition des taches, pour un teint uniforme et lumineux.<\/p>\n","protected":false},"excerpt":{"rendered":"<p>Le <strong>Bari\u00e9sun Fluide Anti-Taches SPF50+<\/strong> d\u2019Uriage est un soin solaire \u00e0 tr\u00e8s haute protection, sp\u00e9cialement formul\u00e9 pour pr\u00e9venir et corriger les taches pigmentaires tout en prot\u00e9geant la peau des rayons UV<\/p>\n","protected":false},"featured_media":13353,"comment_status":"open","ping_status":"closed","template":"","meta":{"inline_featured_image":false,"_monsterinsights_skip_tracking":false,"_monsterinsights_sitenote_active":false,"_monsterinsights_sitenote_note":"","_monsterinsights_sitenote_category":0,"_joinchat":[]},"product_cat":[118],"product_tag":[],"class_list":{"0":"post-13352","1":"product","2":"type-product","3":"status-publish","4":"has-post-thumbnail","6":"product_cat-uriage","8":"first","9":"instock","10":"shipping-taxable","11":"purchasable","12":"product-type-simple","13":"add-to-wishlist-after_add_to_cart"},"aioseo_notices":[],"_links":{"self":[{"href":"https:\/\/pararepublique.com\/index.php\/wp-json\/wp\/v2\/product\/13352","targetHints":{"allow":["GET"]}}],"collection":[{"href":"https:\/\/pararepublique.com\/index.php\/wp-json\/wp\/v2\/product"}],"about":[{"href":"https:\/\/pararepublique.com\/index.php\/wp-json\/wp\/v2\/types\/product"}],"replies":[{"embeddable":true,"href":"https:\/\/pararepublique.com\/index.php\/wp-json\/wp\/v2\/comments?post=13352"}],"version-history":[{"count":1,"href":"https:\/\/pararepublique.com\/index.php\/wp-json\/wp\/v2\/product\/13352\/revisions"}],"predecessor-version":[{"id":13354,"href":"https:\/\/pararepublique.com\/index.php\/wp-json\/wp\/v2\/product\/13352\/revisions\/13354"}],"wp:featuredmedia":[{"embeddable":true,"href":"https:\/\/pararepublique.com\/index.php\/wp-json\/wp\/v2\/media\/13353"}],"wp:attachment":[{"href":"https:\/\/pararepublique.com\/index.php\/wp-json\/wp\/v2\/media?parent=13352"}],"wp:term":[{"taxonomy":"product_cat","embeddable":true,"href":"https:\/\/pararepublique.com\/index.php\/wp-json\/wp\/v2\/product_cat?post=13352"},{"taxonomy":"product_tag","embeddable":true,"href":"https:\/\/pararepublique.com\/index.php\/wp-json\/wp\/v2\/product_tag?post=13352"}],"curies":[{"name":"wp","href":"https:\/\/api.w.org\/{rel}","templated":true}]}}