{"id":13386,"date":"2024-10-28T10:05:24","date_gmt":"2024-10-28T10:05:24","guid":{"rendered":"https:\/\/pararepublique.com\/?post_type=product&#038;p=13386"},"modified":"2024-10-28T10:05:24","modified_gmt":"2024-10-28T10:05:24","slug":"uriage-cold-creme-100ml","status":"publish","type":"product","link":"https:\/\/pararepublique.com\/index.php\/product\/uriage-cold-creme-100ml\/","title":{"rendered":"URIAGE COLD CREME 100ML"},"content":{"rendered":"<p><strong>URIAGE COLD CREME 100ML<\/strong> est un soin hydratant et protecteur sp\u00e9cialement con\u00e7u pour les peaux s\u00e8ches \u00e0 tr\u00e8s s\u00e8ches, particuli\u00e8rement celles sujettes aux agressions ext\u00e9rieures telles que le froid, le vent, ou des conditions climatiques rigoureuses. Sa formule enrichie en eau thermale d\u2019Uriage, reconnue pour ses propri\u00e9t\u00e9s apaisantes et hydratantes, aide \u00e0 restaurer la barri\u00e8re cutan\u00e9e naturelle de la peau, offrant ainsi une protection durable et intense.<\/p>\n<p>La cr\u00e8me contient des actifs nourrissants tels que la cire d&rsquo;abeille et des huiles \u00e9mollientes, qui renforcent l\u2019hydratation tout en apaisant les sensations de tiraillement et d\u2019inconfort souvent ressenties par les peaux sensibles. Elle forme un film protecteur non occlusif qui aide \u00e0 pr\u00e9venir la d\u00e9shydratation et \u00e0 prot\u00e9ger la peau des agressions environnementales.<\/p>\n<p>Cette Cold Cream est id\u00e9ale pour une utilisation sur le visage, les mains et les zones du corps particuli\u00e8rement s\u00e8ches, et elle convient \u00e0 toute la famille, y compris les b\u00e9b\u00e9s. Appliqu\u00e9e quotidiennement, elle apporte confort et douceur \u00e0 la peau, tout en am\u00e9liorant son \u00e9lasticit\u00e9. Elle est particuli\u00e8rement recommand\u00e9e pendant les p\u00e9riodes de froid ou pour les personnes vivant dans des environnements o\u00f9 la peau est fr\u00e9quemment expos\u00e9e aux \u00e9l\u00e9ments ext\u00e9rieurs. De plus, sa texture riche et onctueuse p\u00e9n\u00e8tre rapidement sans laisser de film gras, offrant un usage agr\u00e9able au quotidien.<\/p>\n<p>Gr\u00e2ce \u00e0 sa formulation douce et sans parfum, elle est \u00e9galement adapt\u00e9e aux peaux sensibles ou r\u00e9actives.<\/p>\n","protected":false},"excerpt":{"rendered":"<p><strong>URIAGE COLD CREME 100ML<\/strong> est un soin hydratant et protecteur sp\u00e9cialement con\u00e7u pour les peaux s\u00e8ches \u00e0 tr\u00e8s s\u00e8ches, particuli\u00e8rement celles sujettes aux agressions ext\u00e9rieures telles que le froid, le vent, ou des conditions climatiques rigoureuses. Sa formule enrichie en eau thermale d\u2019Uriage, reconnue pour ses propri\u00e9t\u00e9s apaisantes et hydratantes, aide \u00e0 restaurer la barri\u00e8re cutan\u00e9e naturelle de la peau, offrant ainsi une protection durable et intense.<\/p>\n","protected":false},"featured_media":13387,"comment_status":"open","ping_status":"closed","template":"","meta":{"inline_featured_image":false,"_monsterinsights_skip_tracking":false,"_monsterinsights_sitenote_active":false,"_monsterinsights_sitenote_note":"","_monsterinsights_sitenote_category":0,"_joinchat":[]},"product_cat":[118],"product_tag":[],"class_list":{"0":"post-13386","1":"product","2":"type-product","3":"status-publish","4":"has-post-thumbnail","6":"product_cat-uriage","8":"first","9":"instock","10":"shipping-taxable","11":"purchasable","12":"product-type-simple","13":"add-to-wishlist-after_add_to_cart"},"aioseo_notices":[],"_links":{"self":[{"href":"https:\/\/pararepublique.com\/index.php\/wp-json\/wp\/v2\/product\/13386","targetHints":{"allow":["GET"]}}],"collection":[{"href":"https:\/\/pararepublique.com\/index.php\/wp-json\/wp\/v2\/product"}],"about":[{"href":"https:\/\/pararepublique.com\/index.php\/wp-json\/wp\/v2\/types\/product"}],"replies":[{"embeddable":true,"href":"https:\/\/pararepublique.com\/index.php\/wp-json\/wp\/v2\/comments?post=13386"}],"version-history":[{"count":2,"href":"https:\/\/pararepublique.com\/index.php\/wp-json\/wp\/v2\/product\/13386\/revisions"}],"predecessor-version":[{"id":13389,"href":"https:\/\/pararepublique.com\/index.php\/wp-json\/wp\/v2\/product\/13386\/revisions\/13389"}],"wp:featuredmedia":[{"embeddable":true,"href":"https:\/\/pararepublique.com\/index.php\/wp-json\/wp\/v2\/media\/13387"}],"wp:attachment":[{"href":"https:\/\/pararepublique.com\/index.php\/wp-json\/wp\/v2\/media?parent=13386"}],"wp:term":[{"taxonomy":"product_cat","embeddable":true,"href":"https:\/\/pararepublique.com\/index.php\/wp-json\/wp\/v2\/product_cat?post=13386"},{"taxonomy":"product_tag","embeddable":true,"href":"https:\/\/pararepublique.com\/index.php\/wp-json\/wp\/v2\/product_tag?post=13386"}],"curies":[{"name":"wp","href":"https:\/\/api.w.org\/{rel}","templated":true}]}}