{"id":13390,"date":"2024-10-28T10:08:22","date_gmt":"2024-10-28T10:08:22","guid":{"rendered":"https:\/\/pararepublique.com\/?post_type=product&#038;p=13390"},"modified":"2024-10-28T10:08:23","modified_gmt":"2024-10-28T10:08:23","slug":"uriage-creme-lavante-1000ml","status":"publish","type":"product","link":"https:\/\/pararepublique.com\/index.php\/product\/uriage-creme-lavante-1000ml\/","title":{"rendered":"URIAGE CREME LAVANTE 1000ML"},"content":{"rendered":"<p><strong>URIAGE CREME LAVANTE 1000ML<\/strong> est un soin d\u2019hygi\u00e8ne quotidien sp\u00e9cialement formul\u00e9 pour nettoyer et prot\u00e9ger en douceur la peau de toute la famille. Gr\u00e2ce \u00e0 sa formule sans savon et au pH physiologique, cette cr\u00e8me lavante respecte l\u2019\u00e9quilibre naturel de la peau tout en \u00e9liminant les impuret\u00e9s. Enrichie en Eau Thermale d\u2019Uriage, elle hydrate intens\u00e9ment la peau tout en apaisant les irritations et en renfor\u00e7ant la barri\u00e8re cutan\u00e9e.<\/p>\n<p>Sa texture onctueuse se transforme en une mousse l\u00e9g\u00e8re et agr\u00e9able qui laisse la peau douce, souple et parfaitement hydrat\u00e9e apr\u00e8s chaque utilisation. Convient aussi bien pour le visage que pour le corps, cette cr\u00e8me lavante est id\u00e9ale pour les peaux sensibles, s\u00e8ches ou irrit\u00e9es, y compris celles des b\u00e9b\u00e9s et des enfants.<\/p>\n<p>Avec une contenance g\u00e9n\u00e9reuse de 1000ml, ce format familial est parfait pour un usage quotidien, offrant une hydratation continue et un confort durable. Elle est id\u00e9ale pour les personnes recherchant un soin lavant \u00e0 la fois efficace et respectueux des peaux sensibles. Test\u00e9e dermatologiquement, cette cr\u00e8me lavante peut \u00eatre utilis\u00e9e par tous les types de peaux, m\u00eame les plus d\u00e9licates.<\/p>\n","protected":false},"excerpt":{"rendered":"<p><strong>URIAGE CREME LAVANTE 1000ML<\/strong> est un soin d\u2019hygi\u00e8ne quotidien sp\u00e9cialement formul\u00e9 pour nettoyer et prot\u00e9ger en douceur la peau de toute la famille. Gr\u00e2ce \u00e0 sa formule sans savon et au pH physiologique, cette cr\u00e8me lavante respecte l\u2019\u00e9quilibre naturel de la peau tout en \u00e9liminant les impuret\u00e9s. Enrichie en Eau Thermale d\u2019Uriage, elle hydrate intens\u00e9ment la peau tout en apaisant les irritations et en renfor\u00e7ant la barri\u00e8re cutan\u00e9e.<\/p>\n","protected":false},"featured_media":13391,"comment_status":"open","ping_status":"closed","template":"","meta":{"inline_featured_image":false,"_monsterinsights_skip_tracking":false,"_monsterinsights_sitenote_active":false,"_monsterinsights_sitenote_note":"","_monsterinsights_sitenote_category":0,"_joinchat":[]},"product_cat":[118],"product_tag":[],"class_list":{"0":"post-13390","1":"product","2":"type-product","3":"status-publish","4":"has-post-thumbnail","6":"product_cat-uriage","8":"first","9":"instock","10":"shipping-taxable","11":"purchasable","12":"product-type-simple","13":"add-to-wishlist-after_add_to_cart"},"aioseo_notices":[],"_links":{"self":[{"href":"https:\/\/pararepublique.com\/index.php\/wp-json\/wp\/v2\/product\/13390","targetHints":{"allow":["GET"]}}],"collection":[{"href":"https:\/\/pararepublique.com\/index.php\/wp-json\/wp\/v2\/product"}],"about":[{"href":"https:\/\/pararepublique.com\/index.php\/wp-json\/wp\/v2\/types\/product"}],"replies":[{"embeddable":true,"href":"https:\/\/pararepublique.com\/index.php\/wp-json\/wp\/v2\/comments?post=13390"}],"version-history":[{"count":1,"href":"https:\/\/pararepublique.com\/index.php\/wp-json\/wp\/v2\/product\/13390\/revisions"}],"predecessor-version":[{"id":13392,"href":"https:\/\/pararepublique.com\/index.php\/wp-json\/wp\/v2\/product\/13390\/revisions\/13392"}],"wp:featuredmedia":[{"embeddable":true,"href":"https:\/\/pararepublique.com\/index.php\/wp-json\/wp\/v2\/media\/13391"}],"wp:attachment":[{"href":"https:\/\/pararepublique.com\/index.php\/wp-json\/wp\/v2\/media?parent=13390"}],"wp:term":[{"taxonomy":"product_cat","embeddable":true,"href":"https:\/\/pararepublique.com\/index.php\/wp-json\/wp\/v2\/product_cat?post=13390"},{"taxonomy":"product_tag","embeddable":true,"href":"https:\/\/pararepublique.com\/index.php\/wp-json\/wp\/v2\/product_tag?post=13390"}],"curies":[{"name":"wp","href":"https:\/\/api.w.org\/{rel}","templated":true}]}}