{"id":13393,"date":"2024-10-28T10:10:44","date_gmt":"2024-10-28T10:10:44","guid":{"rendered":"https:\/\/pararepublique.com\/?post_type=product&#038;p=13393"},"modified":"2024-10-28T10:10:44","modified_gmt":"2024-10-28T10:10:44","slug":"uriage-creme-lavante-500ml","status":"publish","type":"product","link":"https:\/\/pararepublique.com\/index.php\/product\/uriage-creme-lavante-500ml\/","title":{"rendered":"URIAGE CREME LAVANTE 500ML"},"content":{"rendered":"<div class=\"flex max-w-full flex-col flex-grow\">\n<div class=\"min-h-8 text-message flex w-full flex-col items-end gap-2 whitespace-normal break-words [.text-message+&amp;]:mt-5\" dir=\"auto\" data-message-author-role=\"assistant\" data-message-id=\"6552b83b-c717-49dd-847f-a97271cc7ab6\" data-message-model-slug=\"gpt-4o\">\n<div class=\"flex w-full flex-col gap-1 empty:hidden first:pt-[3px]\">\n<div class=\"markdown prose w-full break-words dark:prose-invert dark\">\n<p><strong>URIAGE CR\u00c8ME LAVANTE 500ML<\/strong> est un soin d&rsquo;hygi\u00e8ne quotidien doux et protecteur con\u00e7u pour nettoyer et hydrater les peaux sensibles de toute la famille. Sa formule sans savon, enrichie en Eau Thermale d&rsquo;Uriage, respecte le film hydrolipidique de la peau et prot\u00e8ge contre le dess\u00e8chement. Cette cr\u00e8me lavante nettoie d\u00e9licatement tout en maintenant l&rsquo;\u00e9quilibre naturel de la peau gr\u00e2ce \u00e0 son pH physiologique.<\/p>\n<p>Convient pour le visage, le corps et m\u00eame les cheveux, elle est id\u00e9ale pour les peaux sensibles, s\u00e8ches ou sujettes aux irritations, y compris celles des b\u00e9b\u00e9s et des enfants. La texture cr\u00e9meuse se transforme en une mousse onctueuse qui laisse la peau douce, hydrat\u00e9e et apais\u00e9e apr\u00e8s chaque utilisation.<\/p>\n<p>Le format de 500ml est pratique pour une utilisation quotidienne et convient parfaitement pour toute la famille. Test\u00e9e sous contr\u00f4le dermatologique, elle offre confort et protection tout au long de la journ\u00e9e, en maintenant la peau hydrat\u00e9e et prot\u00e9g\u00e9e des agressions ext\u00e9rieures.<\/p>\n<\/div>\n<\/div>\n<\/div>\n<\/div>\n<div class=\"mb-2 flex gap-3 empty:hidden -ml-2\">\n<div class=\"items-center justify-start rounded-xl p-1 flex\">\n<div class=\"flex items-center\"><button class=\"rounded-lg text-token-text-secondary hover:bg-token-main-surface-secondary\" aria-label=\"Read aloud\" data-testid=\"voice-play-turn-action-button\"><\/button><button class=\"rounded-lg text-token-text-secondary hover:bg-token-main-surface-secondary\" aria-label=\"Copier\" data-testid=\"copy-turn-action-button\"><\/button><\/p>\n<div class=\"flex\"><\/div>\n<div class=\"flex items-center pb-0\"><span class=\"overflow-hidden text-clip whitespace-nowrap text-sm\">4o<\/span><\/div>\n<\/div>\n<\/div>\n<\/div>\n","protected":false},"excerpt":{"rendered":"<p><strong>URIAGE CR\u00c8ME LAVANTE 500ML<\/strong> est un soin d&rsquo;hygi\u00e8ne quotidien doux et protecteur con\u00e7u pour nettoyer et hydrater les peaux sensibles de toute la famille. Sa formule sans savon, enrichie en Eau Thermale d&rsquo;Uriage, respecte le film hydrolipidique de la peau et prot\u00e8ge contre le dess\u00e8chement. Cette cr\u00e8me lavante nettoie d\u00e9licatement tout en maintenant l&rsquo;\u00e9quilibre naturel de la peau gr\u00e2ce \u00e0 son pH physiologique.<\/p>\n","protected":false},"featured_media":13394,"comment_status":"open","ping_status":"closed","template":"","meta":{"inline_featured_image":false,"_monsterinsights_skip_tracking":false,"_monsterinsights_sitenote_active":false,"_monsterinsights_sitenote_note":"","_monsterinsights_sitenote_category":0,"_joinchat":[]},"product_cat":[118],"product_tag":[],"class_list":{"0":"post-13393","1":"product","2":"type-product","3":"status-publish","4":"has-post-thumbnail","6":"product_cat-uriage","8":"first","9":"instock","10":"shipping-taxable","11":"purchasable","12":"product-type-simple","13":"add-to-wishlist-after_add_to_cart"},"aioseo_notices":[],"_links":{"self":[{"href":"https:\/\/pararepublique.com\/index.php\/wp-json\/wp\/v2\/product\/13393","targetHints":{"allow":["GET"]}}],"collection":[{"href":"https:\/\/pararepublique.com\/index.php\/wp-json\/wp\/v2\/product"}],"about":[{"href":"https:\/\/pararepublique.com\/index.php\/wp-json\/wp\/v2\/types\/product"}],"replies":[{"embeddable":true,"href":"https:\/\/pararepublique.com\/index.php\/wp-json\/wp\/v2\/comments?post=13393"}],"version-history":[{"count":1,"href":"https:\/\/pararepublique.com\/index.php\/wp-json\/wp\/v2\/product\/13393\/revisions"}],"predecessor-version":[{"id":13395,"href":"https:\/\/pararepublique.com\/index.php\/wp-json\/wp\/v2\/product\/13393\/revisions\/13395"}],"wp:featuredmedia":[{"embeddable":true,"href":"https:\/\/pararepublique.com\/index.php\/wp-json\/wp\/v2\/media\/13394"}],"wp:attachment":[{"href":"https:\/\/pararepublique.com\/index.php\/wp-json\/wp\/v2\/media?parent=13393"}],"wp:term":[{"taxonomy":"product_cat","embeddable":true,"href":"https:\/\/pararepublique.com\/index.php\/wp-json\/wp\/v2\/product_cat?post=13393"},{"taxonomy":"product_tag","embeddable":true,"href":"https:\/\/pararepublique.com\/index.php\/wp-json\/wp\/v2\/product_tag?post=13393"}],"curies":[{"name":"wp","href":"https:\/\/api.w.org\/{rel}","templated":true}]}}