{"id":13396,"date":"2024-10-28T11:08:13","date_gmt":"2024-10-28T11:08:13","guid":{"rendered":"https:\/\/pararepublique.com\/?post_type=product&#038;p=13396"},"modified":"2024-10-28T11:08:14","modified_gmt":"2024-10-28T11:08:14","slug":"uriage-creme-main-50ml","status":"publish","type":"product","link":"https:\/\/pararepublique.com\/index.php\/product\/uriage-creme-main-50ml\/","title":{"rendered":"URIAGE CREME MAIN 50ML"},"content":{"rendered":"<p><strong>URIAGE CR\u00c8ME MAINS 50ML<\/strong> est un soin hydratant, nourrissant et protecteur sp\u00e9cialement formul\u00e9 pour les mains s\u00e8ches, ab\u00eem\u00e9es ou expos\u00e9es aux agressions ext\u00e9rieures. Cette cr\u00e8me enrichie en <strong>Eau Thermale d&rsquo;Uriage<\/strong>, connue pour ses vertus apaisantes et protectrices, offre une solution id\u00e9ale pour r\u00e9parer et prot\u00e9ger la peau sensible des mains.<\/p>\n<p>Gr\u00e2ce \u00e0 ses actifs hydratants tels que le <strong>Beurre de Karit\u00e9<\/strong> et la <strong>Glyc\u00e9rine<\/strong>, la Cr\u00e8me Mains d&rsquo;Uriage p\u00e9n\u00e8tre rapidement pour nourrir intens\u00e9ment l&rsquo;\u00e9piderme sans laisser de film gras. Elle restaure la barri\u00e8re cutan\u00e9e et renforce les d\u00e9fenses naturelles de la peau, r\u00e9duisant ainsi les risques de ger\u00e7ures, irritations et dess\u00e8chements souvent provoqu\u00e9s par le froid, les lavages fr\u00e9quents ou les produits m\u00e9nagers agressifs.<\/p>\n<p>Sa texture l\u00e9g\u00e8re et fondante assure un confort imm\u00e9diat d\u00e8s l&rsquo;application, tout en apportant une hydratation longue dur\u00e9e. La cr\u00e8me laisse vos mains douces, souples et agr\u00e9ablement parfum\u00e9es, tout en formant un film protecteur invisible contre les agressions quotidiennes.<\/p>\n<p>Le format pratique de <strong>50ml<\/strong> permet de l\u2019emporter partout avec soi, que ce soit dans un sac \u00e0 main ou dans une poche, pour une utilisation \u00e0 tout moment de la journ\u00e9e. Que vous soyez en ville, au bureau, ou \u00e0 la maison, cette cr\u00e8me deviendra un alli\u00e9 incontournable pour prendre soin de vos mains au quotidien.<\/p>\n<p>Recommand\u00e9e pour tous types de peaux, m\u00eame les plus sensibles, la Cr\u00e8me Mains Uriage est hypoallerg\u00e9nique, test\u00e9e sous contr\u00f4le dermatologique et formul\u00e9e sans paraben, pour une tol\u00e9rance optimale. Elle convient aussi bien aux adultes qu\u2019aux enfants, assurant protection et r\u00e9paration aux mains fatigu\u00e9es par les agressions externes.<\/p>\n<p>Adoptez la Cr\u00e8me Mains Uriage 50ml pour des mains douces, prot\u00e9g\u00e9es et parfaitement hydrat\u00e9es tout au long de la journ\u00e9e.<\/p>\n","protected":false},"excerpt":{"rendered":"<p><strong>URIAGE CR\u00c8ME MAINS 50ML<\/strong> est un soin hydratant, nourrissant et protecteur sp\u00e9cialement formul\u00e9 pour les mains s\u00e8ches, ab\u00eem\u00e9es ou expos\u00e9es aux agressions ext\u00e9rieures. Cette cr\u00e8me enrichie en <strong>Eau Thermale d&rsquo;Uriage<\/strong>, connue pour ses vertus apaisantes et protectrices,<\/p>\n","protected":false},"featured_media":13397,"comment_status":"open","ping_status":"closed","template":"","meta":{"inline_featured_image":false,"_monsterinsights_skip_tracking":false,"_monsterinsights_sitenote_active":false,"_monsterinsights_sitenote_note":"","_monsterinsights_sitenote_category":0,"_joinchat":[]},"product_cat":[118],"product_tag":[],"class_list":{"0":"post-13396","1":"product","2":"type-product","3":"status-publish","4":"has-post-thumbnail","6":"product_cat-uriage","8":"first","9":"instock","10":"shipping-taxable","11":"purchasable","12":"product-type-simple","13":"add-to-wishlist-after_add_to_cart"},"aioseo_notices":[],"_links":{"self":[{"href":"https:\/\/pararepublique.com\/index.php\/wp-json\/wp\/v2\/product\/13396","targetHints":{"allow":["GET"]}}],"collection":[{"href":"https:\/\/pararepublique.com\/index.php\/wp-json\/wp\/v2\/product"}],"about":[{"href":"https:\/\/pararepublique.com\/index.php\/wp-json\/wp\/v2\/types\/product"}],"replies":[{"embeddable":true,"href":"https:\/\/pararepublique.com\/index.php\/wp-json\/wp\/v2\/comments?post=13396"}],"version-history":[{"count":1,"href":"https:\/\/pararepublique.com\/index.php\/wp-json\/wp\/v2\/product\/13396\/revisions"}],"predecessor-version":[{"id":13398,"href":"https:\/\/pararepublique.com\/index.php\/wp-json\/wp\/v2\/product\/13396\/revisions\/13398"}],"wp:featuredmedia":[{"embeddable":true,"href":"https:\/\/pararepublique.com\/index.php\/wp-json\/wp\/v2\/media\/13397"}],"wp:attachment":[{"href":"https:\/\/pararepublique.com\/index.php\/wp-json\/wp\/v2\/media?parent=13396"}],"wp:term":[{"taxonomy":"product_cat","embeddable":true,"href":"https:\/\/pararepublique.com\/index.php\/wp-json\/wp\/v2\/product_cat?post=13396"},{"taxonomy":"product_tag","embeddable":true,"href":"https:\/\/pararepublique.com\/index.php\/wp-json\/wp\/v2\/product_tag?post=13396"}],"curies":[{"name":"wp","href":"https:\/\/api.w.org\/{rel}","templated":true}]}}