{"id":13402,"date":"2024-10-28T11:14:20","date_gmt":"2024-10-28T11:14:20","guid":{"rendered":"https:\/\/pararepublique.com\/?post_type=product&#038;p=13402"},"modified":"2024-10-28T11:14:20","modified_gmt":"2024-10-28T11:14:20","slug":"uriage-deo-puiss-3-roll-on-50ml","status":"publish","type":"product","link":"https:\/\/pararepublique.com\/index.php\/product\/uriage-deo-puiss-3-roll-on-50ml\/","title":{"rendered":"URIAGE DEO PUISS 3 ROLL ON  50ML"},"content":{"rendered":"<p><strong>URIAGE D\u00c9ODORANT PUISSANCE 3 ROLL-ON 50ML<\/strong> est un d\u00e9odorant haute efficacit\u00e9 qui offre une protection durable contre les odeurs et la transpiration excessive, tout en respectant les peaux sensibles. Ce soin d\u00e9odorant innovant assure une triple action d\u00e9odorante, anti-transpirante et apaisante, pour une efficacit\u00e9 renforc\u00e9e pendant 24 heures.<\/p>\n<p>Formul\u00e9 \u00e0 base d&rsquo;<strong>Eau Thermale d&rsquo;Uriage<\/strong>, il apaise la peau et pr\u00e9vient les irritations, m\u00eame apr\u00e8s l&rsquo;\u00e9pilation ou le rasage. Gr\u00e2ce \u00e0 sa <strong>formule anti-traces blanches et jaunes<\/strong>, ce d\u00e9odorant vous garantit une protection contre les odeurs sans laisser de r\u00e9sidu sur les v\u00eatements.<\/p>\n<p>Les actifs anti-transpirants pr\u00e9sents dans ce roll-on aident \u00e0 r\u00e9guler efficacement la production de transpiration, tout en maintenant la peau s\u00e8che et fra\u00eeche tout au long de la journ\u00e9e. Enrichi en agents antibact\u00e9riens, il neutralise les bact\u00e9ries responsables des mauvaises odeurs, assurant ainsi une fra\u00eecheur durable.<\/p>\n<p>Sa texture fluide et non collante permet une application facile et rapide, et son format <strong>50ml<\/strong> pratique est id\u00e9al \u00e0 emporter partout avec vous pour un usage quotidien.<\/p>\n<p>Sans alcool, ce d\u00e9odorant est hypoallerg\u00e9nique et test\u00e9 sous contr\u00f4le dermatologique, garantissant une tol\u00e9rance optimale m\u00eame pour les peaux les plus sensibles. Il convient \u00e0 tous les types de peau, y compris celles sujettes \u00e0 des irritations ou allergies, tout en offrant une <strong>protection longue dur\u00e9e<\/strong> sans compromis sur le confort.<\/p>\n<p>Avec Uriage D\u00e9odorant Puissance 3, optez pour une efficacit\u00e9 renforc\u00e9e, un confort optimal, et une fra\u00eecheur continue tout au long de la journ\u00e9e.<\/p>\n","protected":false},"excerpt":{"rendered":"<p><strong>URIAGE D\u00c9ODORANT PUISSANCE 3 ROLL-ON 50ML<\/strong> est un d\u00e9odorant haute efficacit\u00e9 qui offre une protection durable contre les odeurs et la transpiration excessive, tout en respectant les peaux sensibles. Ce soin d\u00e9odorant innovant assure une triple action d\u00e9odorante, anti-transpirante et apaisante, pour une efficacit\u00e9 renforc\u00e9e pendant 24 heures.<\/p>\n","protected":false},"featured_media":13403,"comment_status":"open","ping_status":"closed","template":"","meta":{"inline_featured_image":false,"_monsterinsights_skip_tracking":false,"_monsterinsights_sitenote_active":false,"_monsterinsights_sitenote_note":"","_monsterinsights_sitenote_category":0,"_joinchat":[]},"product_cat":[118],"product_tag":[],"class_list":{"0":"post-13402","1":"product","2":"type-product","3":"status-publish","4":"has-post-thumbnail","6":"product_cat-uriage","8":"first","9":"instock","10":"shipping-taxable","11":"purchasable","12":"product-type-simple","13":"add-to-wishlist-after_add_to_cart"},"aioseo_notices":[],"_links":{"self":[{"href":"https:\/\/pararepublique.com\/index.php\/wp-json\/wp\/v2\/product\/13402","targetHints":{"allow":["GET"]}}],"collection":[{"href":"https:\/\/pararepublique.com\/index.php\/wp-json\/wp\/v2\/product"}],"about":[{"href":"https:\/\/pararepublique.com\/index.php\/wp-json\/wp\/v2\/types\/product"}],"replies":[{"embeddable":true,"href":"https:\/\/pararepublique.com\/index.php\/wp-json\/wp\/v2\/comments?post=13402"}],"version-history":[{"count":1,"href":"https:\/\/pararepublique.com\/index.php\/wp-json\/wp\/v2\/product\/13402\/revisions"}],"predecessor-version":[{"id":13404,"href":"https:\/\/pararepublique.com\/index.php\/wp-json\/wp\/v2\/product\/13402\/revisions\/13404"}],"wp:featuredmedia":[{"embeddable":true,"href":"https:\/\/pararepublique.com\/index.php\/wp-json\/wp\/v2\/media\/13403"}],"wp:attachment":[{"href":"https:\/\/pararepublique.com\/index.php\/wp-json\/wp\/v2\/media?parent=13402"}],"wp:term":[{"taxonomy":"product_cat","embeddable":true,"href":"https:\/\/pararepublique.com\/index.php\/wp-json\/wp\/v2\/product_cat?post=13402"},{"taxonomy":"product_tag","embeddable":true,"href":"https:\/\/pararepublique.com\/index.php\/wp-json\/wp\/v2\/product_tag?post=13402"}],"curies":[{"name":"wp","href":"https:\/\/api.w.org\/{rel}","templated":true}]}}