{"id":13409,"date":"2024-10-28T11:39:34","date_gmt":"2024-10-28T11:39:34","guid":{"rendered":"https:\/\/pararepublique.com\/?post_type=product&#038;p=13409"},"modified":"2024-10-28T11:39:34","modified_gmt":"2024-10-28T11:39:34","slug":"uriage-depiderm-mousse-nettoyant","status":"publish","type":"product","link":"https:\/\/pararepublique.com\/index.php\/product\/uriage-depiderm-mousse-nettoyant\/","title":{"rendered":"URIAGE DEPIDERM MOUSSE NETTOYANT"},"content":{"rendered":"<p><strong>URIAGE DEPIDERM MOUSSE NETTOYANTE<\/strong> est un soin doux et \u00e9claircissant con\u00e7u pour nettoyer et purifier la peau tout en att\u00e9nuant les irr\u00e9gularit\u00e9s pigmentaires. Formul\u00e9e \u00e0 base d&rsquo;<strong>Eau Thermale d&rsquo;Uriage<\/strong>, cette mousse nettoyante respecte l&rsquo;\u00e9quilibre naturel de la peau, apportant fra\u00eecheur et confort d\u00e8s la premi\u00e8re utilisation.<\/p>\n<p>La mousse d\u00e9pigmentante associe des actifs \u00e9claircissants pour uniformiser le teint et r\u00e9duire l&rsquo;apparence des taches brunes caus\u00e9es par l&rsquo;hyperpigmentation, ainsi que des agents hydratants et apaisants pour pr\u00e9server la souplesse et l&rsquo;hydratation de la peau. Adapt\u00e9e \u00e0 un usage quotidien, elle \u00e9limine efficacement les impuret\u00e9s et l&rsquo;exc\u00e8s de s\u00e9bum tout en illuminant le teint.<\/p>\n<p>Gr\u00e2ce \u00e0 sa texture l\u00e9g\u00e8re et onctueuse, <strong>Depiderm Mousse Nettoyante<\/strong> se transforme en une mousse fine qui nettoie la peau en profondeur sans l&rsquo;ass\u00e9cher. Elle laisse la peau douce, lisse et parfaitement nettoy\u00e9e, tout en offrant un effet \u00e9clatant et unifi\u00e9.<\/p>\n<p>Test\u00e9e sous contr\u00f4le dermatologique, elle est adapt\u00e9e \u00e0 tous les types de peaux, m\u00eame les plus sensibles, et s&rsquo;int\u00e8gre facilement dans une routine de soins d\u00e9pigmentants pour un nettoyage tout en douceur.<\/p>\n<p><strong>R\u00e9sultats<\/strong> : une peau purifi\u00e9e, lumineuse et un teint plus uniforme, avec une r\u00e9duction visible des taches pigmentaires jour apr\u00e8s jour.<\/p>\n","protected":false},"excerpt":{"rendered":"<p><strong>URIAGE DEPIDERM MOUSSE NETTOYANTE<\/strong> est un soin doux et \u00e9claircissant con\u00e7u pour nettoyer et purifier la peau tout en att\u00e9nuant les irr\u00e9gularit\u00e9s pigmentaires. Formul\u00e9e \u00e0 base d&rsquo;<strong>Eau Thermale d&rsquo;Uriage<\/strong>, cette mousse nettoyante respecte l&rsquo;\u00e9quilibre naturel de la peau, apportant fra\u00eecheur et confort d\u00e8s la premi\u00e8re utilisation.<\/p>\n","protected":false},"featured_media":13410,"comment_status":"open","ping_status":"closed","template":"","meta":{"inline_featured_image":false,"_monsterinsights_skip_tracking":false,"_monsterinsights_sitenote_active":false,"_monsterinsights_sitenote_note":"","_monsterinsights_sitenote_category":0,"_joinchat":[]},"product_cat":[118],"product_tag":[],"class_list":{"0":"post-13409","1":"product","2":"type-product","3":"status-publish","4":"has-post-thumbnail","6":"product_cat-uriage","8":"first","9":"instock","10":"shipping-taxable","11":"purchasable","12":"product-type-simple","13":"add-to-wishlist-after_add_to_cart"},"aioseo_notices":[],"_links":{"self":[{"href":"https:\/\/pararepublique.com\/index.php\/wp-json\/wp\/v2\/product\/13409","targetHints":{"allow":["GET"]}}],"collection":[{"href":"https:\/\/pararepublique.com\/index.php\/wp-json\/wp\/v2\/product"}],"about":[{"href":"https:\/\/pararepublique.com\/index.php\/wp-json\/wp\/v2\/types\/product"}],"replies":[{"embeddable":true,"href":"https:\/\/pararepublique.com\/index.php\/wp-json\/wp\/v2\/comments?post=13409"}],"version-history":[{"count":1,"href":"https:\/\/pararepublique.com\/index.php\/wp-json\/wp\/v2\/product\/13409\/revisions"}],"predecessor-version":[{"id":13411,"href":"https:\/\/pararepublique.com\/index.php\/wp-json\/wp\/v2\/product\/13409\/revisions\/13411"}],"wp:featuredmedia":[{"embeddable":true,"href":"https:\/\/pararepublique.com\/index.php\/wp-json\/wp\/v2\/media\/13410"}],"wp:attachment":[{"href":"https:\/\/pararepublique.com\/index.php\/wp-json\/wp\/v2\/media?parent=13409"}],"wp:term":[{"taxonomy":"product_cat","embeddable":true,"href":"https:\/\/pararepublique.com\/index.php\/wp-json\/wp\/v2\/product_cat?post=13409"},{"taxonomy":"product_tag","embeddable":true,"href":"https:\/\/pararepublique.com\/index.php\/wp-json\/wp\/v2\/product_tag?post=13409"}],"curies":[{"name":"wp","href":"https:\/\/api.w.org\/{rel}","templated":true}]}}