{"id":13522,"date":"2024-10-30T10:57:59","date_gmt":"2024-10-30T10:57:59","guid":{"rendered":"https:\/\/pararepublique.com\/?post_type=product&#038;p=13522"},"modified":"2024-10-30T10:58:00","modified_gmt":"2024-10-30T10:58:00","slug":"depiwhite-adv-contour-yeux","status":"publish","type":"product","link":"https:\/\/pararepublique.com\/index.php\/product\/depiwhite-adv-contour-yeux\/","title":{"rendered":"DEPIWHITE ADV +CONTOUR YEUX"},"content":{"rendered":"<p>Le <strong>D\u00e9piwhite Advanced + Contour des Yeux<\/strong> est un soin sp\u00e9cifique con\u00e7u pour \u00e9claircir et r\u00e9duire visiblement les cernes et les taches pigmentaires autour des yeux. Enrichi en actifs d\u00e9pigmentants puissants et hydratants, il aide \u00e0 estomper les zones sombres sous les yeux tout en offrant une hydratation intense \u00e0 cette zone d\u00e9licate et sensible.<\/p>\n<p>Gr\u00e2ce \u00e0 sa formule avanc\u00e9e, ce soin contour des yeux lutte contre les signes de fatigue et de vieillissement pr\u00e9matur\u00e9, tout en stimulant la microcirculation pour r\u00e9duire les poches et illuminer le regard. Sa texture l\u00e9g\u00e8re et non grasse p\u00e9n\u00e8tre rapidement pour un confort imm\u00e9diat, laissant la peau douce, lisse et visiblement plus lumineuse.<\/p>\n<h3><strong>Caract\u00e9ristiques principales :<\/strong><\/h3>\n<ul>\n<li><strong>Action d\u00e9pigmentante<\/strong> : estompe les taches brunes et les cernes sous les yeux, redonnant \u00e9clat et uniformit\u00e9 au regard.<\/li>\n<li><strong>Hydratation intense<\/strong> : hydrate en profondeur la peau fragile du contour des yeux.<\/li>\n<li><strong>R\u00e9duction des poches<\/strong> : gr\u00e2ce \u00e0 des actifs stimulants, il aide \u00e0 d\u00e9congestionner et \u00e0 r\u00e9duire les poches.<\/li>\n<li><strong>Pr\u00e9vention des signes de vieillissement<\/strong> : contribue \u00e0 att\u00e9nuer les ridules et les signes de fatigue, tout en raffermissant la peau.<\/li>\n<li><strong>Texture l\u00e9g\u00e8re et rapide \u00e0 absorber<\/strong> : ne laisse pas de film gras et est id\u00e9ale pour une application sous le maquillage.<\/li>\n<\/ul>\n<h3><strong>Conseils d&rsquo;utilisation :<\/strong><\/h3>\n<p>Appliquer matin et soir une petite quantit\u00e9 de <strong>D\u00e9piwhite Advanced + Contour des Yeux<\/strong> sur une peau propre, en tapotant doucement avec le bout des doigts autour des yeux, jusqu&rsquo;\u00e0 absorption compl\u00e8te. Utiliser r\u00e9guli\u00e8rement pour des r\u00e9sultats visibles.<\/p>\n<h3><strong>Indications<\/strong> :<\/h3>\n<ul>\n<li>Convient pour le soin du <strong>contour des yeux<\/strong> avec des cernes, des poches et des taches pigmentaires.<\/li>\n<li>Id\u00e9al pour tous types de peaux, m\u00eame sensibles.<\/li>\n<\/ul>\n<h3><strong>Contenance<\/strong> :<\/h3>\n<p>Tube de 15ml, facile \u00e0 transporter et \u00e0 utiliser au quotidien.<\/p>\n","protected":false},"excerpt":{"rendered":"<p>Le <strong>D\u00e9piwhite Advanced + Contour des Yeux<\/strong> est un soin sp\u00e9cifique con\u00e7u pour \u00e9claircir et r\u00e9duire visiblement les cernes et les taches pigmentaires autour des yeux. Enrichi en actifs d\u00e9pigmentants puissants et hydratants, il aide \u00e0 estomper les zones sombres sous les yeux tout en offrant une hydratation intense \u00e0 cette zone d\u00e9licate et sensible.<\/p>\n","protected":false},"featured_media":13523,"comment_status":"open","ping_status":"closed","template":"","meta":{"inline_featured_image":false,"_monsterinsights_skip_tracking":false,"_monsterinsights_sitenote_active":false,"_monsterinsights_sitenote_note":"","_monsterinsights_sitenote_category":0,"_joinchat":[]},"product_cat":[143],"product_tag":[],"class_list":{"0":"post-13522","1":"product","2":"type-product","3":"status-publish","4":"has-post-thumbnail","6":"product_cat-acm","8":"first","9":"instock","10":"shipping-taxable","11":"purchasable","12":"product-type-simple","13":"add-to-wishlist-after_add_to_cart"},"aioseo_notices":[],"_links":{"self":[{"href":"https:\/\/pararepublique.com\/index.php\/wp-json\/wp\/v2\/product\/13522","targetHints":{"allow":["GET"]}}],"collection":[{"href":"https:\/\/pararepublique.com\/index.php\/wp-json\/wp\/v2\/product"}],"about":[{"href":"https:\/\/pararepublique.com\/index.php\/wp-json\/wp\/v2\/types\/product"}],"replies":[{"embeddable":true,"href":"https:\/\/pararepublique.com\/index.php\/wp-json\/wp\/v2\/comments?post=13522"}],"version-history":[{"count":1,"href":"https:\/\/pararepublique.com\/index.php\/wp-json\/wp\/v2\/product\/13522\/revisions"}],"predecessor-version":[{"id":13525,"href":"https:\/\/pararepublique.com\/index.php\/wp-json\/wp\/v2\/product\/13522\/revisions\/13525"}],"wp:featuredmedia":[{"embeddable":true,"href":"https:\/\/pararepublique.com\/index.php\/wp-json\/wp\/v2\/media\/13523"}],"wp:attachment":[{"href":"https:\/\/pararepublique.com\/index.php\/wp-json\/wp\/v2\/media?parent=13522"}],"wp:term":[{"taxonomy":"product_cat","embeddable":true,"href":"https:\/\/pararepublique.com\/index.php\/wp-json\/wp\/v2\/product_cat?post=13522"},{"taxonomy":"product_tag","embeddable":true,"href":"https:\/\/pararepublique.com\/index.php\/wp-json\/wp\/v2\/product_tag?post=13522"}],"curies":[{"name":"wp","href":"https:\/\/api.w.org\/{rel}","templated":true}]}}