{"id":13526,"date":"2024-10-30T11:03:26","date_gmt":"2024-10-30T11:03:26","guid":{"rendered":"https:\/\/pararepublique.com\/?post_type=product&#038;p=13526"},"modified":"2024-10-30T11:03:55","modified_gmt":"2024-10-30T11:03:55","slug":"depiwhite-lait-promo-50-sur-le-2eme","status":"publish","type":"product","link":"https:\/\/pararepublique.com\/index.php\/product\/depiwhite-lait-promo-50-sur-le-2eme\/","title":{"rendered":"DEPIWHITE LAIT PROMO -50% SUR  LE 2EME"},"content":{"rendered":"<p>Profitez de l&rsquo;offre exceptionnelle sur le <strong>D\u00e9piwhite Lait Corporel<\/strong> ! B\u00e9n\u00e9ficiez de <strong>-50% sur le 2\u00e8me produit<\/strong> pour encore plus de soin et de douceur au quotidien. Le <strong>D\u00e9piwhite Lait Corporel<\/strong> est sp\u00e9cialement formul\u00e9 pour hydrater, nourrir et \u00e9claircir la peau en douceur. Il aide \u00e0 r\u00e9duire les taches pigmentaires et uniformise le teint, tout en offrant une hydratation prolong\u00e9e pour une peau douce et lisse.<\/p>\n<p>Enrichi en actifs d\u00e9pigmentants et hydratants, ce lait corporel convient parfaitement aux peaux pr\u00e9sentant des taches brunes ou une pigmentation irr\u00e9guli\u00e8re. Gr\u00e2ce \u00e0 sa texture fluide et l\u00e9g\u00e8re, il p\u00e9n\u00e8tre rapidement sans laisser de film gras, laissant la peau souple, hydrat\u00e9e et visiblement plus lumineuse.<\/p>\n<h3><strong>Caract\u00e9ristiques principales :<\/strong><\/h3>\n<ul>\n<li><strong>Action d\u00e9pigmentante<\/strong> : estompe les taches brunes et favorise un teint plus uniforme.<\/li>\n<li><strong>Hydratation longue dur\u00e9e<\/strong> : hydrate intens\u00e9ment la peau pour une sensation de confort durable.<\/li>\n<li><strong>Texture l\u00e9g\u00e8re<\/strong> : s&rsquo;absorbe rapidement, ne laisse pas de r\u00e9sidus gras et permet de s&rsquo;habiller imm\u00e9diatement apr\u00e8s application.<\/li>\n<li><strong>Promo exclusive<\/strong> : <strong>-50% sur le 2\u00e8me produit<\/strong>, id\u00e9al pour prolonger votre routine beaut\u00e9 \u00e0 petit prix.<\/li>\n<\/ul>\n<h3><strong>Conseils d&rsquo;utilisation :<\/strong><\/h3>\n<p>Appliquer quotidiennement sur une peau propre et s\u00e8che. Masser d\u00e9licatement jusqu&rsquo;\u00e0 absorption compl\u00e8te, en insistant sur les zones pr\u00e9sentant des taches ou une pigmentation irr\u00e9guli\u00e8re.<\/p>\n<h3><strong>Indications<\/strong> :<\/h3>\n<ul>\n<li>Convient aux <strong>peaux normales \u00e0 s\u00e8ches<\/strong>, ou sujettes aux taches pigmentaires.<\/li>\n<li>Adapt\u00e9 pour une utilisation sur tout le corps.<\/li>\n<\/ul>\n<h3><strong>Contenance<\/strong> :<\/h3>\n<p>Disponible en flacon de 200ml, parfait pour une utilisation quotidienne.<\/p>\n","protected":false},"excerpt":{"rendered":"<p>Profitez de l&rsquo;offre exceptionnelle sur le <strong>D\u00e9piwhite Lait Corporel<\/strong> ! B\u00e9n\u00e9ficiez de <strong>-50% sur le 2\u00e8me produit<\/strong> pour encore plus de soin et de douceur au quotidien. Le <strong>D\u00e9piwhite Lait Corporel<\/strong> est sp\u00e9cialement formul\u00e9 pour hydrater, nourrir et \u00e9claircir la peau en douceur. Il aide \u00e0 r\u00e9duire les taches pigmentaires et uniformise le teint, tout en offrant une hydratation prolong\u00e9e pour une peau douce et lisse.<\/p>\n","protected":false},"featured_media":13528,"comment_status":"open","ping_status":"closed","template":"","meta":{"inline_featured_image":false,"_monsterinsights_skip_tracking":false,"_monsterinsights_sitenote_active":false,"_monsterinsights_sitenote_note":"","_monsterinsights_sitenote_category":0,"_joinchat":[]},"product_cat":[143],"product_tag":[],"class_list":{"0":"post-13526","1":"product","2":"type-product","3":"status-publish","4":"has-post-thumbnail","6":"product_cat-acm","8":"first","9":"instock","10":"shipping-taxable","11":"purchasable","12":"product-type-simple","13":"add-to-wishlist-after_add_to_cart"},"aioseo_notices":[],"_links":{"self":[{"href":"https:\/\/pararepublique.com\/index.php\/wp-json\/wp\/v2\/product\/13526","targetHints":{"allow":["GET"]}}],"collection":[{"href":"https:\/\/pararepublique.com\/index.php\/wp-json\/wp\/v2\/product"}],"about":[{"href":"https:\/\/pararepublique.com\/index.php\/wp-json\/wp\/v2\/types\/product"}],"replies":[{"embeddable":true,"href":"https:\/\/pararepublique.com\/index.php\/wp-json\/wp\/v2\/comments?post=13526"}],"version-history":[{"count":1,"href":"https:\/\/pararepublique.com\/index.php\/wp-json\/wp\/v2\/product\/13526\/revisions"}],"predecessor-version":[{"id":13527,"href":"https:\/\/pararepublique.com\/index.php\/wp-json\/wp\/v2\/product\/13526\/revisions\/13527"}],"wp:featuredmedia":[{"embeddable":true,"href":"https:\/\/pararepublique.com\/index.php\/wp-json\/wp\/v2\/media\/13528"}],"wp:attachment":[{"href":"https:\/\/pararepublique.com\/index.php\/wp-json\/wp\/v2\/media?parent=13526"}],"wp:term":[{"taxonomy":"product_cat","embeddable":true,"href":"https:\/\/pararepublique.com\/index.php\/wp-json\/wp\/v2\/product_cat?post=13526"},{"taxonomy":"product_tag","embeddable":true,"href":"https:\/\/pararepublique.com\/index.php\/wp-json\/wp\/v2\/product_tag?post=13526"}],"curies":[{"name":"wp","href":"https:\/\/api.w.org\/{rel}","templated":true}]}}