{"id":13573,"date":"2024-10-30T12:28:24","date_gmt":"2024-10-30T12:28:24","guid":{"rendered":"https:\/\/pararepublique.com\/?post_type=product&#038;p=13573"},"modified":"2024-10-30T12:28:24","modified_gmt":"2024-10-30T12:28:24","slug":"laino-baume-riche-levres-inten-10ml","status":"publish","type":"product","link":"https:\/\/pararepublique.com\/index.php\/product\/laino-baume-riche-levres-inten-10ml\/","title":{"rendered":"LAINO BAUME RICHE LEVRES INTEN  10ML"},"content":{"rendered":"<h3><strong>Laino Baume Riche L\u00e8vres Intense &#8211; 10 ml<\/strong><\/h3>\n<p>Offrez \u00e0 vos l\u00e8vres le soin qu&rsquo;elles m\u00e9ritent avec le <strong>Laino Baume Riche L\u00e8vres Intense<\/strong>. Sp\u00e9cialement formul\u00e9 pour hydrater, nourrir et prot\u00e9ger les l\u00e8vres s\u00e8ches et gerc\u00e9es, ce baume est un incontournable pour un confort optimal tout au long de la journ\u00e9e.<\/p>\n<h3><strong>Caract\u00e9ristiques principales :<\/strong><\/h3>\n<ul>\n<li><strong>Hydratation intense<\/strong> : Enrichi en agents hydratants et en huiles nourrissantes, ce baume p\u00e9n\u00e8tre profond\u00e9ment pour restaurer l&rsquo;hydratation des l\u00e8vres, les rendant douces et souples.<\/li>\n<li><strong>Protection durable<\/strong> : Sa texture riche forme un film protecteur sur les l\u00e8vres, les d\u00e9fendant contre les agressions ext\u00e9rieures telles que le froid, le vent et la pollution.<\/li>\n<li><strong>Formule naturelle<\/strong> : Compos\u00e9 d\u2019ingr\u00e9dients soigneusement s\u00e9lectionn\u00e9s, ce baume est sans paraben et convient \u00e0 tous les types de peaux, y compris les peaux sensibles.<\/li>\n<li><strong>Facilit\u00e9 d&rsquo;application<\/strong> : Sa texture cr\u00e9meuse s\u2019\u00e9tale facilement et laisse un fini agr\u00e9able, sans effet collant.<\/li>\n<\/ul>\n<h3><strong>Conseils d&rsquo;utilisation :<\/strong><\/h3>\n<p>Appliquer g\u00e9n\u00e9reusement sur les l\u00e8vres aussi souvent que n\u00e9cessaire, en particulier avant d&rsquo;exposer vos l\u00e8vres \u00e0 des conditions climatiques difficiles ou apr\u00e8s avoir mang\u00e9. Utilisez-le \u00e9galement comme base pour votre rouge \u00e0 l\u00e8vres pour une meilleure tenue.<\/p>\n<h3><strong>Indications<\/strong> :<\/h3>\n<ul>\n<li>Id\u00e9al pour les <strong>l\u00e8vres s\u00e8ches<\/strong> et <strong>gerc\u00e9es<\/strong>.<\/li>\n<li>Recommand\u00e9 pour un usage quotidien, particuli\u00e8rement pendant les saisons froides ou s\u00e8ches.<\/li>\n<\/ul>\n<h3><strong>Contenance<\/strong> :<\/h3>\n<p>Tube de 10 ml, pratique \u00e0 glisser dans votre sac \u00e0 main, pour un soin des l\u00e8vres \u00e0 port\u00e9e de main \u00e0 tout moment.<\/p>\n","protected":false},"excerpt":{"rendered":"<p>Offrez \u00e0 vos l\u00e8vres le soin qu&rsquo;elles m\u00e9ritent avec le <strong>Laino Baume Riche L\u00e8vres Intense<\/strong>. Sp\u00e9cialement formul\u00e9 pour hydrater, nourrir et prot\u00e9ger les l\u00e8vres s\u00e8ches et gerc\u00e9es, ce baume est un incontournable pour un confort optimal tout au long de la journ\u00e9e.<\/p>\n","protected":false},"featured_media":13574,"comment_status":"open","ping_status":"closed","template":"","meta":{"inline_featured_image":false,"_monsterinsights_skip_tracking":false,"_monsterinsights_sitenote_active":false,"_monsterinsights_sitenote_note":"","_monsterinsights_sitenote_category":0,"_joinchat":[]},"product_cat":[139],"product_tag":[],"class_list":{"0":"post-13573","1":"product","2":"type-product","3":"status-publish","4":"has-post-thumbnail","6":"product_cat-laino","8":"first","9":"instock","10":"shipping-taxable","11":"purchasable","12":"product-type-simple","13":"add-to-wishlist-after_add_to_cart"},"aioseo_notices":[],"_links":{"self":[{"href":"https:\/\/pararepublique.com\/index.php\/wp-json\/wp\/v2\/product\/13573","targetHints":{"allow":["GET"]}}],"collection":[{"href":"https:\/\/pararepublique.com\/index.php\/wp-json\/wp\/v2\/product"}],"about":[{"href":"https:\/\/pararepublique.com\/index.php\/wp-json\/wp\/v2\/types\/product"}],"replies":[{"embeddable":true,"href":"https:\/\/pararepublique.com\/index.php\/wp-json\/wp\/v2\/comments?post=13573"}],"version-history":[{"count":1,"href":"https:\/\/pararepublique.com\/index.php\/wp-json\/wp\/v2\/product\/13573\/revisions"}],"predecessor-version":[{"id":13575,"href":"https:\/\/pararepublique.com\/index.php\/wp-json\/wp\/v2\/product\/13573\/revisions\/13575"}],"wp:featuredmedia":[{"embeddable":true,"href":"https:\/\/pararepublique.com\/index.php\/wp-json\/wp\/v2\/media\/13574"}],"wp:attachment":[{"href":"https:\/\/pararepublique.com\/index.php\/wp-json\/wp\/v2\/media?parent=13573"}],"wp:term":[{"taxonomy":"product_cat","embeddable":true,"href":"https:\/\/pararepublique.com\/index.php\/wp-json\/wp\/v2\/product_cat?post=13573"},{"taxonomy":"product_tag","embeddable":true,"href":"https:\/\/pararepublique.com\/index.php\/wp-json\/wp\/v2\/product_tag?post=13573"}],"curies":[{"name":"wp","href":"https:\/\/api.w.org\/{rel}","templated":true}]}}