{"id":13595,"date":"2024-10-30T13:10:10","date_gmt":"2024-10-30T13:10:10","guid":{"rendered":"https:\/\/pararepublique.com\/?post_type=product&#038;p=13595"},"modified":"2024-10-30T13:10:11","modified_gmt":"2024-10-30T13:10:11","slug":"laino-eau-de-rose-gilb-fl-250ml","status":"publish","type":"product","link":"https:\/\/pararepublique.com\/index.php\/product\/laino-eau-de-rose-gilb-fl-250ml\/","title":{"rendered":"LAINO EAU DE ROSE GILB FL 250ML"},"content":{"rendered":"<p>D\u00e9couvrez la <strong>Laino Eau de Rose<\/strong>, une d\u00e9licate lotion florale qui apporte \u00e0 votre peau douceur et \u00e9clat. R\u00e9put\u00e9e pour ses propri\u00e9t\u00e9s apaisantes et hydratantes, cette eau de rose est un indispensable de votre routine beaut\u00e9 pour un teint frais et radieux.<\/p>\n<h3><strong>Caract\u00e9ristiques principales :<\/strong><\/h3>\n<ul>\n<li><strong>Propri\u00e9t\u00e9s apaisantes<\/strong> : L&rsquo;eau de rose est connue pour ses vertus calmantes, id\u00e9ale pour apaiser les peaux sensibles et r\u00e9duire les rougeurs. Elle procure une sensation de confort imm\u00e9diate, parfaite apr\u00e8s le nettoyage.<\/li>\n<li><strong>Hydratation l\u00e9g\u00e8re<\/strong> : Sa formule l\u00e9g\u00e8re et fluide offre une hydratation douce, laissant la peau fra\u00eeche et revitalis\u00e9e sans aucun effet gras. Elle est parfaite pour tous les types de peau, m\u00eame les plus sensibles.<\/li>\n<li><strong>Effet tonifiant<\/strong> : Utilis\u00e9e comme lotion tonique, elle aide \u00e0 resserrer les pores et \u00e0 tonifier la peau, lui conf\u00e9rant un aspect plus lisse et plus uniforme.<\/li>\n<li><strong>Parfum d\u00e9licat<\/strong> : En plus de ses bienfaits pour la peau, l&rsquo;eau de rose d\u00e9gage un parfum floral subtil qui enveloppe vos sens et rend votre routine de soin encore plus agr\u00e9able.<\/li>\n<\/ul>\n<h3><strong>Conseils d&rsquo;utilisation :<\/strong><\/h3>\n<p>Vaporisez l\u2019Eau de Rose sur le visage et le cou apr\u00e8s le nettoyage, ou \u00e0 tout moment de la journ\u00e9e pour rafra\u00eechir votre peau. Elle peut \u00e9galement \u00eatre utilis\u00e9e en compresse sur les yeux pour apaiser et hydrater le contour de l&rsquo;\u0153il.<\/p>\n<h3><strong>Indications<\/strong> :<\/h3>\n<ul>\n<li>Convient \u00e0 tous les types de peau, en particulier les peaux sensibles ou sujettes aux rougeurs.<\/li>\n<li>Id\u00e9ale pour un usage quotidien dans votre routine de soins.<\/li>\n<\/ul>\n<h3><strong>Contenance<\/strong> :<\/h3>\n<p>Flacon de 250 ml, pratique et facile \u00e0 transporter, parfait pour une utilisation \u00e0 la maison ou en voyage.<\/p>\n","protected":false},"excerpt":{"rendered":"<p>D\u00e9couvrez la <strong>Laino Eau de Rose<\/strong>, une d\u00e9licate lotion florale qui apporte \u00e0 votre peau douceur et \u00e9clat. R\u00e9put\u00e9e pour ses propri\u00e9t\u00e9s apaisantes et hydratantes, cette eau de rose est un indispensable de votre routine beaut\u00e9 pour un teint frais et radieux.<\/p>\n","protected":false},"featured_media":13596,"comment_status":"open","ping_status":"closed","template":"","meta":{"inline_featured_image":false,"_monsterinsights_skip_tracking":false,"_monsterinsights_sitenote_active":false,"_monsterinsights_sitenote_note":"","_monsterinsights_sitenote_category":0,"_joinchat":[]},"product_cat":[139],"product_tag":[],"class_list":{"0":"post-13595","1":"product","2":"type-product","3":"status-publish","4":"has-post-thumbnail","6":"product_cat-laino","8":"first","9":"instock","10":"shipping-taxable","11":"purchasable","12":"product-type-simple","13":"add-to-wishlist-after_add_to_cart"},"aioseo_notices":[],"_links":{"self":[{"href":"https:\/\/pararepublique.com\/index.php\/wp-json\/wp\/v2\/product\/13595","targetHints":{"allow":["GET"]}}],"collection":[{"href":"https:\/\/pararepublique.com\/index.php\/wp-json\/wp\/v2\/product"}],"about":[{"href":"https:\/\/pararepublique.com\/index.php\/wp-json\/wp\/v2\/types\/product"}],"replies":[{"embeddable":true,"href":"https:\/\/pararepublique.com\/index.php\/wp-json\/wp\/v2\/comments?post=13595"}],"version-history":[{"count":1,"href":"https:\/\/pararepublique.com\/index.php\/wp-json\/wp\/v2\/product\/13595\/revisions"}],"predecessor-version":[{"id":13597,"href":"https:\/\/pararepublique.com\/index.php\/wp-json\/wp\/v2\/product\/13595\/revisions\/13597"}],"wp:featuredmedia":[{"embeddable":true,"href":"https:\/\/pararepublique.com\/index.php\/wp-json\/wp\/v2\/media\/13596"}],"wp:attachment":[{"href":"https:\/\/pararepublique.com\/index.php\/wp-json\/wp\/v2\/media?parent=13595"}],"wp:term":[{"taxonomy":"product_cat","embeddable":true,"href":"https:\/\/pararepublique.com\/index.php\/wp-json\/wp\/v2\/product_cat?post=13595"},{"taxonomy":"product_tag","embeddable":true,"href":"https:\/\/pararepublique.com\/index.php\/wp-json\/wp\/v2\/product_tag?post=13595"}],"curies":[{"name":"wp","href":"https:\/\/api.w.org\/{rel}","templated":true}]}}