{"id":13598,"date":"2024-10-30T13:36:16","date_gmt":"2024-10-30T13:36:16","guid":{"rendered":"https:\/\/pararepublique.com\/?post_type=product&#038;p=13598"},"modified":"2024-10-30T13:37:55","modified_gmt":"2024-10-30T13:37:55","slug":"laino-eau-fleur-oranger-fl-250ml","status":"publish","type":"product","link":"https:\/\/pararepublique.com\/index.php\/product\/laino-eau-fleur-oranger-fl-250ml\/","title":{"rendered":"LAINO EAU FLEUR ORANGER FL  250ML"},"content":{"rendered":"<h3><strong>Laino Eau de Fleur d&rsquo;Oranger &#8211; 250 ml<\/strong><\/h3>\n<p>\u00c9veillez vos sens et offrez \u00e0 votre peau un souffle de fra\u00eecheur avec l\u2019<strong>Eau de Fleur d&rsquo;Oranger Laino<\/strong>. Connue pour ses propri\u00e9t\u00e9s apaisantes et tonifiantes, cette eau florale est un v\u00e9ritable soin de beaut\u00e9, parfait pour tous les types de peau.<\/p>\n<h3><strong>Caract\u00e9ristiques principales :<\/strong><\/h3>\n<ul>\n<li><strong>Propri\u00e9t\u00e9s apaisantes<\/strong> : L&rsquo;eau de fleur d&rsquo;oranger est reconnue pour ses vertus relaxantes, aidant \u00e0 apaiser les irritations cutan\u00e9es et \u00e0 calmer les rougeurs, tout en procurant une sensation de bien-\u00eatre.<\/li>\n<li><strong>Hydratation douce<\/strong> : Sa formule l\u00e9g\u00e8re hydrate la peau en profondeur sans laisser de film gras, la rendant douce et souple. Id\u00e9ale pour un usage quotidien, elle apporte une touche de fra\u00eecheur \u00e0 votre routine de soin.<\/li>\n<li><strong>Effet tonifiant<\/strong> : Utilis\u00e9e comme lotion tonique, elle resserre les pores et pr\u00e9pare la peau \u00e0 recevoir d&rsquo;autres soins, tout en offrant un \u00e9clat naturel et sain.<\/li>\n<li><strong>Parfum d\u00e9licat<\/strong> : Son parfum floral subtil et enivrant enveloppe votre peau d&rsquo;un parfum agr\u00e9able, apportant une touche de s\u00e9r\u00e9nit\u00e9 \u00e0 votre quotidien.<\/li>\n<\/ul>\n<h3><strong>Conseils d&rsquo;utilisation :<\/strong><\/h3>\n<p>Vaporisez l\u2019Eau de Fleur d&rsquo;Oranger sur le visage et le cou apr\u00e8s le nettoyage, ou \u00e0 tout moment de la journ\u00e9e pour rafra\u00eechir votre peau. Vous pouvez \u00e9galement l&rsquo;utiliser en compresse sur le visage pour un effet apaisant et relaxant.<\/p>\n<h3><strong>Indications<\/strong> :<\/h3>\n<ul>\n<li>Convient \u00e0 tous les types de peau, y compris les peaux sensibles.<\/li>\n<li>Id\u00e9ale pour un usage quotidien afin de revitaliser et apaiser la peau.<\/li>\n<\/ul>\n<h3><strong>Contenance<\/strong> :<\/h3>\n<p>Flacon de 250 ml, pratique et facile \u00e0 transporter, parfait pour une utilisation \u00e0 la maison ou lors de vos d\u00e9placements.<\/p>\n","protected":false},"excerpt":{"rendered":"<p>\u00c9veillez vos sens et offrez \u00e0 votre peau un souffle de fra\u00eecheur avec l\u2019<strong>Eau de Fleur d&rsquo;Oranger Laino<\/strong>. Connue pour ses propri\u00e9t\u00e9s apaisantes et tonifiantes, cette eau florale est un v\u00e9ritable soin de beaut\u00e9, parfait pour tous les types de peau.<\/p>\n","protected":false},"featured_media":13599,"comment_status":"open","ping_status":"closed","template":"","meta":{"inline_featured_image":false,"_monsterinsights_skip_tracking":false,"_monsterinsights_sitenote_active":false,"_monsterinsights_sitenote_note":"","_monsterinsights_sitenote_category":0,"_joinchat":[]},"product_cat":[139],"product_tag":[],"class_list":{"0":"post-13598","1":"product","2":"type-product","3":"status-publish","4":"has-post-thumbnail","6":"product_cat-laino","8":"first","9":"instock","10":"shipping-taxable","11":"purchasable","12":"product-type-simple","13":"add-to-wishlist-after_add_to_cart"},"aioseo_notices":[],"_links":{"self":[{"href":"https:\/\/pararepublique.com\/index.php\/wp-json\/wp\/v2\/product\/13598","targetHints":{"allow":["GET"]}}],"collection":[{"href":"https:\/\/pararepublique.com\/index.php\/wp-json\/wp\/v2\/product"}],"about":[{"href":"https:\/\/pararepublique.com\/index.php\/wp-json\/wp\/v2\/types\/product"}],"replies":[{"embeddable":true,"href":"https:\/\/pararepublique.com\/index.php\/wp-json\/wp\/v2\/comments?post=13598"}],"version-history":[{"count":1,"href":"https:\/\/pararepublique.com\/index.php\/wp-json\/wp\/v2\/product\/13598\/revisions"}],"predecessor-version":[{"id":13613,"href":"https:\/\/pararepublique.com\/index.php\/wp-json\/wp\/v2\/product\/13598\/revisions\/13613"}],"wp:featuredmedia":[{"embeddable":true,"href":"https:\/\/pararepublique.com\/index.php\/wp-json\/wp\/v2\/media\/13599"}],"wp:attachment":[{"href":"https:\/\/pararepublique.com\/index.php\/wp-json\/wp\/v2\/media?parent=13598"}],"wp:term":[{"taxonomy":"product_cat","embeddable":true,"href":"https:\/\/pararepublique.com\/index.php\/wp-json\/wp\/v2\/product_cat?post=13598"},{"taxonomy":"product_tag","embeddable":true,"href":"https:\/\/pararepublique.com\/index.php\/wp-json\/wp\/v2\/product_tag?post=13598"}],"curies":[{"name":"wp","href":"https:\/\/api.w.org\/{rel}","templated":true}]}}