{"id":13631,"date":"2024-11-19T14:05:42","date_gmt":"2024-11-19T14:05:42","guid":{"rendered":"https:\/\/pararepublique.com\/?post_type=product&#038;p=13631"},"modified":"2024-11-20T16:48:42","modified_gmt":"2024-11-20T16:48:42","slug":"laino-gel-crem-hydrat-anti-oxydant","status":"publish","type":"product","link":"https:\/\/pararepublique.com\/index.php\/product\/laino-gel-crem-hydrat-anti-oxydant\/","title":{"rendered":"LAINO GEL CREM HYDRAT ANTI OXYDANT"},"content":{"rendered":"<div class=\"o-layout__item u-1\/2@desk\">\n<div class=\"u-margin-bottom u-color__black\">\n<p>\u00ab <em>Exc\u00e8s de s\u00e9bum sur la zone T (front, nez, menton), joues qui s\u2019ass\u00e8chent durant la journ\u00e9e, imperfections qui apparaissent sur le visage : la peau mixte peine souvent \u00e0 trouver des soins adapt\u00e9s \u00e0 ses besoins. Et quand s\u2019ajoutent picotements et sensations de tiraillement ou de chaleur, choisir sa cr\u00e8me de jour devient un v\u00e9ritable casse-t\u00eate !<\/em> \u00bb<\/p>\n<p>Sp\u00e9cialement formul\u00e9 pour diffuser aux <strong>peaux mixtes sensibles et r\u00e9actives<\/strong> une hydratation pendant 24h*, le gel-cr\u00e8me hydratant anti-oxydant <strong>pr\u00e9vient de l\u2019apparition de brillances <\/strong>et <strong>apaise la peau<\/strong>.<\/p>\n<p>Son <strong>complexe phyto-actif<\/strong> de miel de Provence BIO et extrait de lavande booste l\u2019\u00e9nergie cellulaire de la peau. L\u2019<strong>acide hyaluronique<\/strong> et la lanoline v\u00e9g\u00e9tale hydratent et adoucissent la peau pour un confort imm\u00e9diat : les traits sont liss\u00e9s et l\u2019apparition des rides att\u00e9nu\u00e9e.<\/p>\n<p>L\u2019<strong>extrait de lavande<\/strong>, riche en anti-oxydants, joue un r\u00f4le de bouclier contre les agressions ext\u00e9rieures du quotidien et prot\u00e8ge du vieillissement cutan\u00e9 tandis que l\u2019<strong>extrait de miel de lavande bio<\/strong> connu pour ses vertus apaisantes, purifiantes et hautement r\u00e9g\u00e9n\u00e9rantes, permet de booster l\u2019\u00e9nergie cellulaire de la peau et donc de raviver son \u00e9clat.<\/p>\n<p><strong>Non com\u00e9dog\u00e8ne<\/strong>, le gel-cr\u00e8me hydratant anti-oxydant LAINO offre une texture l\u00e9g\u00e8re et fra\u00eeche au <strong>fini mat<\/strong> pour que les peaux mixtes sensibles et r\u00e9actives puissent r\u00e9v\u00e9ler leur teint \u00e9clatant et lumineux.<\/p>\n<p><em>*Hydratation des couches sup\u00e9rieures de l\u2019\u00e9piderme. Test instrumental effectu\u00e9 sur 10 volontaires pendant 24h.\u00a0<\/em><\/p>\n<\/div>\n<\/div>\n","protected":false},"excerpt":{"rendered":"<div class=\"u-color__black c-product__excerpt\">\n<ul>\n<li>Peaux normales \u00e0 mixtes &amp; sensibles<\/li>\n<li>24h d\u2019hydratation continue<\/li>\n<li>Peau matifi\u00e9e et douce<\/li>\n<li>Non com\u00e9dog\u00e8ne<\/li>\n<li>97% d\u2019ingr\u00e9dients d\u2019origine naturelle<\/li>\n<li>Excellent sur Yuka<\/li>\n<li>Test\u00e9 sous contr\u00f4le dermatologique<\/li>\n<li>Made in France<\/li>\n<\/ul>\n<\/div>\n","protected":false},"featured_media":13669,"comment_status":"open","ping_status":"closed","template":"","meta":{"inline_featured_image":false,"_monsterinsights_skip_tracking":false,"_monsterinsights_sitenote_active":false,"_monsterinsights_sitenote_note":"","_monsterinsights_sitenote_category":0,"_joinchat":[]},"product_cat":[139],"product_tag":[],"class_list":{"0":"post-13631","1":"product","2":"type-product","3":"status-publish","4":"has-post-thumbnail","6":"product_cat-laino","8":"first","9":"instock","10":"shipping-taxable","11":"purchasable","12":"product-type-simple","13":"add-to-wishlist-after_add_to_cart"},"aioseo_notices":[],"_links":{"self":[{"href":"https:\/\/pararepublique.com\/index.php\/wp-json\/wp\/v2\/product\/13631","targetHints":{"allow":["GET"]}}],"collection":[{"href":"https:\/\/pararepublique.com\/index.php\/wp-json\/wp\/v2\/product"}],"about":[{"href":"https:\/\/pararepublique.com\/index.php\/wp-json\/wp\/v2\/types\/product"}],"replies":[{"embeddable":true,"href":"https:\/\/pararepublique.com\/index.php\/wp-json\/wp\/v2\/comments?post=13631"}],"version-history":[{"count":2,"href":"https:\/\/pararepublique.com\/index.php\/wp-json\/wp\/v2\/product\/13631\/revisions"}],"predecessor-version":[{"id":13634,"href":"https:\/\/pararepublique.com\/index.php\/wp-json\/wp\/v2\/product\/13631\/revisions\/13634"}],"wp:featuredmedia":[{"embeddable":true,"href":"https:\/\/pararepublique.com\/index.php\/wp-json\/wp\/v2\/media\/13669"}],"wp:attachment":[{"href":"https:\/\/pararepublique.com\/index.php\/wp-json\/wp\/v2\/media?parent=13631"}],"wp:term":[{"taxonomy":"product_cat","embeddable":true,"href":"https:\/\/pararepublique.com\/index.php\/wp-json\/wp\/v2\/product_cat?post=13631"},{"taxonomy":"product_tag","embeddable":true,"href":"https:\/\/pararepublique.com\/index.php\/wp-json\/wp\/v2\/product_tag?post=13631"}],"curies":[{"name":"wp","href":"https:\/\/api.w.org\/{rel}","templated":true}]}}