{"id":13635,"date":"2024-11-19T14:23:33","date_gmt":"2024-11-19T14:23:33","guid":{"rendered":"https:\/\/pararepublique.com\/?post_type=product&#038;p=13635"},"modified":"2024-11-20T16:51:06","modified_gmt":"2024-11-20T16:51:06","slug":"laino-gel-douche-exfoliant-coco-200ml","status":"publish","type":"product","link":"https:\/\/pararepublique.com\/index.php\/product\/laino-gel-douche-exfoliant-coco-200ml\/","title":{"rendered":"LAINO GEL DOUCHE EXFOLIANT COCO 200ML"},"content":{"rendered":"<div id=\"lfy_indications\" class=\"data item content\" role=\"tabpanel\" aria-labelledby=\"tab-label-lfy_indications\" data-role=\"content\" aria-hidden=\"false\">\n<div class=\"product attribute toto lfy-indication\">\n<div class=\"value\">\n<p>Le Gel Douche Exfoliant \u00e0 l&rsquo;Eclat de Coco Laino des laboratoires Gilbert? ??est un soin pour le corps enrichi en extrait de coco d&rsquo;origine naturelle qui hydrate instantan\u00e9ment les peaux les plus s\u00e8ches gr\u00e2ce aux acides gras qui favorisent le renouvellement cellulaire.<\/p>\n<p>Le Gel Douche Exfoliant \u00e0 l&rsquo;Eclat de Coco Laino des laboratoires Gilbert nettoie et hydrate intens\u00e9ment les couches sup\u00e9rieures de l&rsquo;\u00e9piderme et restaure le film hydrolipidique sensibilis\u00e9.<\/p>\n<p>Le Gel Douche Exfoliant \u00e0 l&rsquo;Eclat de Coco Laino des laboratoires Gilbert laisse un d\u00e9licat parfum de coco sur votre peau propre, douce et souple.<\/p>\n<p>Le Gel Douche Exfoliant \u00e0 l&rsquo;Eclat de Coco Laino des laboratoires Gilbert respecte l&rsquo;int\u00e9grit\u00e9 de la barri\u00e8re cutan\u00e9e en rendant votre peau propre, hydrat\u00e9e, douce et souple.<\/p>\n<\/div>\n<\/div>\n<\/div>\n","protected":false},"excerpt":{"rendered":"<p>Formul\u00e9 sans savon, sans colorant et \u00e0 pH physiologique, ce gel douche exfoliant lave et \u00e9limine en douceur les cellules mortes tout en respectant l\u2019\u00e9quilibre naturel de l\u2019\u00e9piderme. Les \u00e9clats de noix de coco, exfoliants naturels, laissent la peau lisse et douce. La d\u00e9licieuse senteur gourmande coco parfume d\u00e9licatement la peau.<\/p>\n","protected":false},"featured_media":13670,"comment_status":"open","ping_status":"closed","template":"","meta":{"inline_featured_image":false,"_monsterinsights_skip_tracking":false,"_monsterinsights_sitenote_active":false,"_monsterinsights_sitenote_note":"","_monsterinsights_sitenote_category":0,"_joinchat":[]},"product_cat":[139],"product_tag":[],"class_list":{"0":"post-13635","1":"product","2":"type-product","3":"status-publish","4":"has-post-thumbnail","6":"product_cat-laino","8":"first","9":"instock","10":"shipping-taxable","11":"purchasable","12":"product-type-simple","13":"add-to-wishlist-after_add_to_cart"},"aioseo_notices":[],"_links":{"self":[{"href":"https:\/\/pararepublique.com\/index.php\/wp-json\/wp\/v2\/product\/13635","targetHints":{"allow":["GET"]}}],"collection":[{"href":"https:\/\/pararepublique.com\/index.php\/wp-json\/wp\/v2\/product"}],"about":[{"href":"https:\/\/pararepublique.com\/index.php\/wp-json\/wp\/v2\/types\/product"}],"replies":[{"embeddable":true,"href":"https:\/\/pararepublique.com\/index.php\/wp-json\/wp\/v2\/comments?post=13635"}],"version-history":[{"count":1,"href":"https:\/\/pararepublique.com\/index.php\/wp-json\/wp\/v2\/product\/13635\/revisions"}],"predecessor-version":[{"id":13637,"href":"https:\/\/pararepublique.com\/index.php\/wp-json\/wp\/v2\/product\/13635\/revisions\/13637"}],"wp:featuredmedia":[{"embeddable":true,"href":"https:\/\/pararepublique.com\/index.php\/wp-json\/wp\/v2\/media\/13670"}],"wp:attachment":[{"href":"https:\/\/pararepublique.com\/index.php\/wp-json\/wp\/v2\/media?parent=13635"}],"wp:term":[{"taxonomy":"product_cat","embeddable":true,"href":"https:\/\/pararepublique.com\/index.php\/wp-json\/wp\/v2\/product_cat?post=13635"},{"taxonomy":"product_tag","embeddable":true,"href":"https:\/\/pararepublique.com\/index.php\/wp-json\/wp\/v2\/product_tag?post=13635"}],"curies":[{"name":"wp","href":"https:\/\/api.w.org\/{rel}","templated":true}]}}