{"id":13638,"date":"2024-11-19T14:41:29","date_gmt":"2024-11-19T14:41:29","guid":{"rendered":"https:\/\/pararepublique.com\/?post_type=product&#038;p=13638"},"modified":"2024-11-20T18:22:35","modified_gmt":"2024-11-20T18:22:35","slug":"laino-gel-douche-vanille-ambre-200ml","status":"publish","type":"product","link":"https:\/\/pararepublique.com\/index.php\/product\/laino-gel-douche-vanille-ambre-200ml\/","title":{"rendered":"LAINO GEL DOUCHE VANILLE AMBRE  200ML"},"content":{"rendered":"<p>Enrichi en alo\u00e9 vera apaisante et glyc\u00e9rine hydratante*, le gel douche parfum vanille ambr\u00e9e nettoie en douceur et respecte l?\u00e9quilibre naturel de la peau gr\u00e2ce \u00e0 son pH physiologique. Son parfum gourmand et raffin\u00e9 aux notes douces et sucr\u00e9es laisse la peau souple et d\u00e9licatement parfum\u00e9e. O % Paraben &#8211; O % Ph\u00e9noxy\u00e9thanol &#8211; 0% Huile min\u00e9rale.<br \/>\n*des couches sup\u00e9rieures de l?\u00e9piderme.UtilisationFaire mousser sur la peau puis rincer abondamment.CompositionAQUA (WATER), AMMONIUM LAURYL SULFATE, GLYCERIN, COCO-GLUCOSIDE, DECYL GLUCOSIDE, COCAMIDOPROPYL<br \/>\nBETAINE, PARFUM (FRAGRANCE), ALOE BARBADENSIS LEAF JUICE, GLYCERYL OLEATE, PANTHENOL, TOCOPHEROL,<br \/>\nHYDROGENATED PALM GLYCERIDES CITRATE, TETRASODIUM GLUTAMATE DIACETATE, CITRIC ACID, SODIUM CHLORIDE,<br \/>\nSODIUM BENZOATE.<\/p>\n","protected":false},"excerpt":{"rendered":"<ul class=\"a-unordered-list a-vertical a-spacing-mini\">\n<li class=\"a-spacing-mini\"><span class=\"a-list-item\"> Texture: Gel, Gel Moussant <\/span><\/li>\n<li class=\"a-spacing-mini\"><span class=\"a-list-item\"> Types de Peau: Normale <\/span><\/li>\n<li class=\"a-spacing-mini\"><span class=\"a-list-item\"> Contenance: 200 \u00e0 499ml <\/span><\/li>\n<li class=\"a-spacing-mini\"><span class=\"a-list-item\"> R\u00e9gion: Corps <\/span><\/li>\n<li class=\"a-spacing-mini\"><span class=\"a-list-item\"> Formulation: Sans huile min\u00e9rale <\/span><\/li>\n<\/ul>\n","protected":false},"featured_media":13671,"comment_status":"open","ping_status":"closed","template":"","meta":{"inline_featured_image":false,"_monsterinsights_skip_tracking":false,"_monsterinsights_sitenote_active":false,"_monsterinsights_sitenote_note":"","_monsterinsights_sitenote_category":0,"_joinchat":[]},"product_cat":[139],"product_tag":[],"class_list":{"0":"post-13638","1":"product","2":"type-product","3":"status-publish","4":"has-post-thumbnail","6":"product_cat-laino","8":"first","9":"instock","10":"shipping-taxable","11":"purchasable","12":"product-type-simple","13":"add-to-wishlist-after_add_to_cart"},"aioseo_notices":[],"_links":{"self":[{"href":"https:\/\/pararepublique.com\/index.php\/wp-json\/wp\/v2\/product\/13638","targetHints":{"allow":["GET"]}}],"collection":[{"href":"https:\/\/pararepublique.com\/index.php\/wp-json\/wp\/v2\/product"}],"about":[{"href":"https:\/\/pararepublique.com\/index.php\/wp-json\/wp\/v2\/types\/product"}],"replies":[{"embeddable":true,"href":"https:\/\/pararepublique.com\/index.php\/wp-json\/wp\/v2\/comments?post=13638"}],"version-history":[{"count":1,"href":"https:\/\/pararepublique.com\/index.php\/wp-json\/wp\/v2\/product\/13638\/revisions"}],"predecessor-version":[{"id":13640,"href":"https:\/\/pararepublique.com\/index.php\/wp-json\/wp\/v2\/product\/13638\/revisions\/13640"}],"wp:featuredmedia":[{"embeddable":true,"href":"https:\/\/pararepublique.com\/index.php\/wp-json\/wp\/v2\/media\/13671"}],"wp:attachment":[{"href":"https:\/\/pararepublique.com\/index.php\/wp-json\/wp\/v2\/media?parent=13638"}],"wp:term":[{"taxonomy":"product_cat","embeddable":true,"href":"https:\/\/pararepublique.com\/index.php\/wp-json\/wp\/v2\/product_cat?post=13638"},{"taxonomy":"product_tag","embeddable":true,"href":"https:\/\/pararepublique.com\/index.php\/wp-json\/wp\/v2\/product_tag?post=13638"}],"curies":[{"name":"wp","href":"https:\/\/api.w.org\/{rel}","templated":true}]}}