{"id":13647,"date":"2024-11-19T15:13:23","date_gmt":"2024-11-19T15:13:23","guid":{"rendered":"https:\/\/pararepublique.com\/?post_type=product&#038;p=13647"},"modified":"2024-11-20T18:30:16","modified_gmt":"2024-11-20T18:30:16","slug":"laino-gommage-visage-eclat-50ml","status":"publish","type":"product","link":"https:\/\/pararepublique.com\/index.php\/product\/laino-gommage-visage-eclat-50ml\/","title":{"rendered":"LAINO GOMMAGE VISAGE ECLAT 50ML"},"content":{"rendered":"<p>Le gommage Douceur Eclat de LAINO est \u00e9labor\u00e9 pour les peaux sensibles en qu\u00eate de naturalit\u00e9.<br \/>\nLes perles de jojoba et la poudre de noyaux d&rsquo;olive exercent une exfoliation m\u00e9canique des cellules mortes et \u00e9liminent les impuret\u00e9s incrust\u00e9es, tout en faisant profiter la peau de leurs propri\u00e9t\u00e9s nourrissantes.<br \/>\nDouce, propre et nette, la peau est pr\u00eate \u00e0 recevoir un soin ou \u00e0 r\u00e9v\u00e9ler tout son \u00e9clat \u00e0 l&rsquo;\u00e9tat pur.<\/p>\n<p>Ses principes actifs :<br \/>\n&#8211; Perles de Jojoba : exfoliant et r\u00e9v\u00e9lateur d&rsquo;\u00e9clat<br \/>\n&#8211; Poudre de noyaux d&rsquo;Olive : exfoliant<br \/>\n&#8211; Extrait de Feuilles de Th\u00e9 Blanc : source d&rsquo;\u00e9clat en prot\u00e9geant contre la fatigue, le stress et la pollution.<\/p>\n<p>Sans parabens.<br \/>\nHypoallerg\u00e9nique.<br \/>\nTest\u00e9e sous contr\u00f4le dermatologique.<\/p>\n","protected":false},"excerpt":{"rendered":"<p>Le gommage Douceur Eclat de LAINO est \u00e9labor\u00e9 pour les peaux sensibles en qu\u00eate de naturalit\u00e9. Les perles de jojoba et la poudre de noyaux d&rsquo;olive exercent une exfoliation m\u00e9canique des cellules mortes et \u00e9liminent les impuret\u00e9s incrust\u00e9es, tout en faisant profiter la peau de leurs propri\u00e9t\u00e9s nourrissantes. Douce, propre et nette, la peau est pr\u00eate \u00e0 recevoir un soin ou \u00e0 r\u00e9v\u00e9ler tout son \u00e9clat \u00e0 l&rsquo;\u00e9tat pur. Ses principes actifs :- Perles de Jojoba : exfoliant et r\u00e9v\u00e9lateur d&rsquo;\u00e9clat- Poudre de noyaux d&rsquo;Olive : exfoliant- Extrait de Feuilles de Th\u00e9 Blanc : source d&rsquo;\u00e9clat en prot\u00e9geant contre la fatigue, le stress et la pollution. Sans parabens. Hypoallerg\u00e9nique. Test\u00e9e sous contr\u00f4le dermatologique.<\/p>\n","protected":false},"featured_media":13674,"comment_status":"open","ping_status":"closed","template":"","meta":{"inline_featured_image":false,"_monsterinsights_skip_tracking":false,"_monsterinsights_sitenote_active":false,"_monsterinsights_sitenote_note":"","_monsterinsights_sitenote_category":0,"_joinchat":[]},"product_cat":[139],"product_tag":[],"class_list":{"0":"post-13647","1":"product","2":"type-product","3":"status-publish","4":"has-post-thumbnail","6":"product_cat-laino","8":"first","9":"instock","10":"shipping-taxable","11":"purchasable","12":"product-type-simple","13":"add-to-wishlist-after_add_to_cart"},"aioseo_notices":[],"_links":{"self":[{"href":"https:\/\/pararepublique.com\/index.php\/wp-json\/wp\/v2\/product\/13647","targetHints":{"allow":["GET"]}}],"collection":[{"href":"https:\/\/pararepublique.com\/index.php\/wp-json\/wp\/v2\/product"}],"about":[{"href":"https:\/\/pararepublique.com\/index.php\/wp-json\/wp\/v2\/types\/product"}],"replies":[{"embeddable":true,"href":"https:\/\/pararepublique.com\/index.php\/wp-json\/wp\/v2\/comments?post=13647"}],"version-history":[{"count":1,"href":"https:\/\/pararepublique.com\/index.php\/wp-json\/wp\/v2\/product\/13647\/revisions"}],"predecessor-version":[{"id":13649,"href":"https:\/\/pararepublique.com\/index.php\/wp-json\/wp\/v2\/product\/13647\/revisions\/13649"}],"wp:featuredmedia":[{"embeddable":true,"href":"https:\/\/pararepublique.com\/index.php\/wp-json\/wp\/v2\/media\/13674"}],"wp:attachment":[{"href":"https:\/\/pararepublique.com\/index.php\/wp-json\/wp\/v2\/media?parent=13647"}],"wp:term":[{"taxonomy":"product_cat","embeddable":true,"href":"https:\/\/pararepublique.com\/index.php\/wp-json\/wp\/v2\/product_cat?post=13647"},{"taxonomy":"product_tag","embeddable":true,"href":"https:\/\/pararepublique.com\/index.php\/wp-json\/wp\/v2\/product_tag?post=13647"}],"curies":[{"name":"wp","href":"https:\/\/api.w.org\/{rel}","templated":true}]}}