{"id":13653,"date":"2024-11-19T15:22:41","date_gmt":"2024-11-19T15:22:41","guid":{"rendered":"https:\/\/pararepublique.com\/?post_type=product&#038;p=13653"},"modified":"2024-11-20T18:36:45","modified_gmt":"2024-11-20T18:36:45","slug":"laino-lait-hydrat-amande-douce-400ml","status":"publish","type":"product","link":"https:\/\/pararepublique.com\/index.php\/product\/laino-lait-hydrat-amande-douce-400ml\/","title":{"rendered":"LAINO LAIT HYDRAT AMANDE DOUCE 400ML"},"content":{"rendered":"<div class=\"o-layout__item u-1\/2@desk\">\n<div class=\"u-margin-bottom u-color__black\">\n<p>Ce lait corps hydratant Amande douce Laino vous offre une texture <strong>fra\u00eeche et l\u00e9g\u00e8re<\/strong> qui hydrate imm\u00e9diatement et durablement les<strong> peaux s\u00e8ches<\/strong> pendant 24h*.<\/p>\n<p>Le <strong>complexe phyto-actif d\u2019huile d\u2019amande douce BIO et de glyc\u00e9rine<\/strong> nourrit et prot\u00e8ge la peau des agressions ext\u00e9rieures.<\/p>\n<p>R\u00e9sultats : d\u00e9licatement parfum\u00e9e aux <strong>notes d\u2019amande douce<\/strong>, la peau est apais\u00e9e et souple.<\/p>\n<p>Le confort naturel de la peau est restaur\u00e9, la peau est envelopp\u00e9e dans un cocoon de douceur.<\/p>\n<p><em>*Hydratation des couches sup\u00e9rieures de l\u2019\u00e9piderme. Test instrumental r\u00e9alis\u00e9 sur 10 volontaires pendant 24h.<\/em><\/p>\n<\/div>\n<\/div>\n","protected":false},"excerpt":{"rendered":"<div class=\"u-color__black c-product__excerpt\">\n<ul>\n<li>Peaux s\u00e8ches<\/li>\n<li>24h d\u2019hydratation continue<\/li>\n<li>96% d\u2019ingr\u00e9dients d\u2019origine naturelle<\/li>\n<li>Pr\u00e9vient du dess\u00e8chement<\/li>\n<li>Texture l\u00e9g\u00e8re<\/li>\n<li>35% de plastique recycl\u00e9<\/li>\n<li>Excellent sur Yuka<\/li>\n<li>Made in France<\/li>\n<\/ul>\n<\/div>\n","protected":false},"featured_media":13676,"comment_status":"open","ping_status":"closed","template":"","meta":{"inline_featured_image":false,"_monsterinsights_skip_tracking":false,"_monsterinsights_sitenote_active":false,"_monsterinsights_sitenote_note":"","_monsterinsights_sitenote_category":0,"_joinchat":[]},"product_cat":[139],"product_tag":[],"class_list":{"0":"post-13653","1":"product","2":"type-product","3":"status-publish","4":"has-post-thumbnail","6":"product_cat-laino","8":"first","9":"instock","10":"shipping-taxable","11":"purchasable","12":"product-type-simple","13":"add-to-wishlist-after_add_to_cart"},"aioseo_notices":[],"_links":{"self":[{"href":"https:\/\/pararepublique.com\/index.php\/wp-json\/wp\/v2\/product\/13653","targetHints":{"allow":["GET"]}}],"collection":[{"href":"https:\/\/pararepublique.com\/index.php\/wp-json\/wp\/v2\/product"}],"about":[{"href":"https:\/\/pararepublique.com\/index.php\/wp-json\/wp\/v2\/types\/product"}],"replies":[{"embeddable":true,"href":"https:\/\/pararepublique.com\/index.php\/wp-json\/wp\/v2\/comments?post=13653"}],"version-history":[{"count":1,"href":"https:\/\/pararepublique.com\/index.php\/wp-json\/wp\/v2\/product\/13653\/revisions"}],"predecessor-version":[{"id":13655,"href":"https:\/\/pararepublique.com\/index.php\/wp-json\/wp\/v2\/product\/13653\/revisions\/13655"}],"wp:featuredmedia":[{"embeddable":true,"href":"https:\/\/pararepublique.com\/index.php\/wp-json\/wp\/v2\/media\/13676"}],"wp:attachment":[{"href":"https:\/\/pararepublique.com\/index.php\/wp-json\/wp\/v2\/media?parent=13653"}],"wp:term":[{"taxonomy":"product_cat","embeddable":true,"href":"https:\/\/pararepublique.com\/index.php\/wp-json\/wp\/v2\/product_cat?post=13653"},{"taxonomy":"product_tag","embeddable":true,"href":"https:\/\/pararepublique.com\/index.php\/wp-json\/wp\/v2\/product_tag?post=13653"}],"curies":[{"name":"wp","href":"https:\/\/api.w.org\/{rel}","templated":true}]}}