{"id":13661,"date":"2024-11-19T16:42:45","date_gmt":"2024-11-19T16:42:45","guid":{"rendered":"https:\/\/pararepublique.com\/?post_type=product&#038;p=13661"},"modified":"2024-11-20T18:45:39","modified_gmt":"2024-11-20T18:45:39","slug":"laino-lait-nutri-fermete-400ml","status":"publish","type":"product","link":"https:\/\/pararepublique.com\/index.php\/product\/laino-lait-nutri-fermete-400ml\/","title":{"rendered":"LAINO LAIT NUTRI FERMETE 400ML"},"content":{"rendered":"<p>Ce lait corps nutritif fermet\u00e9 Laino vous offre une texture <strong>velout\u00e9e<\/strong> qui hydrate* durablement la peau pendant 8h et lui redonne tonus et fermet\u00e9.<\/p>\n<p>Le complexe <strong>phyto-actif d\u2019huile d\u2019argan BIO, de tr\u00e8fle d\u2019eau et du complexe fermet\u00e9<\/strong> (algue rouge &amp; marronnier d\u2019Inde) retend les contours de la peau d\u00e8s 4 semaines**, am\u00e9liore sa texture et son toucher et pr\u00e9vient du vieillissement cutan\u00e9.<\/p>\n<p>R\u00e9sultats :<strong> d\u00e9licatement parfum\u00e9e, la peau est douce, souple et confortable.<\/strong><\/p>\n<p><em>*Hydratation des couches sup\u00e9rieures de l\u2019\u00e9piderme. Test instrumental r\u00e9alis\u00e9 sur 12 volontaires pendant 8h. **Pourcentage de satisfaction. Test d\u2019usage r\u00e9alis\u00e9 sous contr\u00f4le dermatologique sur 20 volontaires apr\u00e8s 2 applications par jour pendant 28 jours.<\/em><\/p>\n","protected":false},"excerpt":{"rendered":"<div class=\"u-color__black c-product__excerpt\">\n<ul>\n<li>Tous types de peaux<\/li>\n<li>8h d\u2019hydratation continue<\/li>\n<li>98% d\u2019ingr\u00e9dients d\u2019origine naturelle<\/li>\n<li>Efficacit\u00e9 prouv\u00e9e d\u00e8s 4 semaines<\/li>\n<li>35% de plastique recycl\u00e9<\/li>\n<li>Excellent sur Yuka<\/li>\n<li>Made in France<\/li>\n<\/ul>\n<\/div>\n","protected":false},"featured_media":13678,"comment_status":"open","ping_status":"closed","template":"","meta":{"inline_featured_image":false,"_monsterinsights_skip_tracking":false,"_monsterinsights_sitenote_active":false,"_monsterinsights_sitenote_note":"","_monsterinsights_sitenote_category":0,"_joinchat":[]},"product_cat":[139],"product_tag":[],"class_list":{"0":"post-13661","1":"product","2":"type-product","3":"status-publish","4":"has-post-thumbnail","6":"product_cat-laino","8":"first","9":"instock","10":"shipping-taxable","11":"purchasable","12":"product-type-simple","13":"add-to-wishlist-after_add_to_cart"},"aioseo_notices":[],"_links":{"self":[{"href":"https:\/\/pararepublique.com\/index.php\/wp-json\/wp\/v2\/product\/13661","targetHints":{"allow":["GET"]}}],"collection":[{"href":"https:\/\/pararepublique.com\/index.php\/wp-json\/wp\/v2\/product"}],"about":[{"href":"https:\/\/pararepublique.com\/index.php\/wp-json\/wp\/v2\/types\/product"}],"replies":[{"embeddable":true,"href":"https:\/\/pararepublique.com\/index.php\/wp-json\/wp\/v2\/comments?post=13661"}],"version-history":[{"count":1,"href":"https:\/\/pararepublique.com\/index.php\/wp-json\/wp\/v2\/product\/13661\/revisions"}],"predecessor-version":[{"id":13663,"href":"https:\/\/pararepublique.com\/index.php\/wp-json\/wp\/v2\/product\/13661\/revisions\/13663"}],"wp:featuredmedia":[{"embeddable":true,"href":"https:\/\/pararepublique.com\/index.php\/wp-json\/wp\/v2\/media\/13678"}],"wp:attachment":[{"href":"https:\/\/pararepublique.com\/index.php\/wp-json\/wp\/v2\/media?parent=13661"}],"wp:term":[{"taxonomy":"product_cat","embeddable":true,"href":"https:\/\/pararepublique.com\/index.php\/wp-json\/wp\/v2\/product_cat?post=13661"},{"taxonomy":"product_tag","embeddable":true,"href":"https:\/\/pararepublique.com\/index.php\/wp-json\/wp\/v2\/product_tag?post=13661"}],"curies":[{"name":"wp","href":"https:\/\/api.w.org\/{rel}","templated":true}]}}