{"id":13683,"date":"2024-11-20T18:59:13","date_gmt":"2024-11-20T18:59:13","guid":{"rendered":"https:\/\/pararepublique.com\/?post_type=product&#038;p=13683"},"modified":"2024-11-20T18:59:13","modified_gmt":"2024-11-20T18:59:13","slug":"laino-lait-nutritif-confort-karite","status":"publish","type":"product","link":"https:\/\/pararepublique.com\/index.php\/product\/laino-lait-nutritif-confort-karite\/","title":{"rendered":"LAINO LAIT NUTRITIF CONFORT KARITE"},"content":{"rendered":"<div class=\"o-layout__item u-1\/2@desk\">\n<div class=\"u-margin-bottom u-color__black\">\n<p>Ce lait corps nutritif confort Laino vous offre une texture agr\u00e9able <strong>hypoallerg\u00e9nique<\/strong>* qui hydrate** durablement la peau <strong>pendant 24h<\/strong> et la prot\u00e8ge des agressions ext\u00e9rieures.<\/p>\n<p>Le complexe <strong>phyto-actif de beurre de karit\u00e9, d\u2019huile de s\u00e9same BIO et d\u2019extrait de fleur d\u2019hibiscus blanc<\/strong> nourrit et apaise la peau qui tiraille.<\/p>\n<p>R\u00e9sultats : les sensations d\u2019inconfort sont diminu\u00e9es. <strong>D\u00e9licatement parfum\u00e9e, la peau est douce, souple et r\u00e9par\u00e9e<\/strong>.<\/p>\n<p><em>*Formul\u00e9 pour minimiser les risques d\u2019allergies. **Hydratation des couches sup\u00e9rieures de l\u2019\u00e9piderme. Test instrumental r\u00e9alis\u00e9 sur 10 volontaires pendant 24h.<\/em><\/p>\n<\/div>\n<\/div>\n","protected":false},"excerpt":{"rendered":"<div class=\"u-color__black c-product__excerpt\">\n<ul>\n<li>Peaux tr\u00e8s s\u00e8ches<\/li>\n<li>24h d\u2019hydratation continue<\/li>\n<li>97% d\u2019ingr\u00e9dients d\u2019origine naturelle<\/li>\n<li>Nourrit et apaise les tiraillements<\/li>\n<li>Hypoallerg\u00e9nique<\/li>\n<li>35% de plastique recycl\u00e9<\/li>\n<li>Excellent sur Yuka<\/li>\n<li>Made in France<\/li>\n<\/ul>\n<p>&nbsp;<\/p>\n<p><strong>Contenance : <\/strong> 400 ml<\/p>\n<\/div>\n","protected":false},"featured_media":13684,"comment_status":"open","ping_status":"closed","template":"","meta":{"inline_featured_image":false,"_monsterinsights_skip_tracking":false,"_monsterinsights_sitenote_active":false,"_monsterinsights_sitenote_note":"","_monsterinsights_sitenote_category":0,"_joinchat":[]},"product_cat":[139],"product_tag":[],"class_list":{"0":"post-13683","1":"product","2":"type-product","3":"status-publish","4":"has-post-thumbnail","6":"product_cat-laino","8":"first","9":"instock","10":"shipping-taxable","11":"purchasable","12":"product-type-simple","13":"add-to-wishlist-after_add_to_cart"},"aioseo_notices":[],"_links":{"self":[{"href":"https:\/\/pararepublique.com\/index.php\/wp-json\/wp\/v2\/product\/13683","targetHints":{"allow":["GET"]}}],"collection":[{"href":"https:\/\/pararepublique.com\/index.php\/wp-json\/wp\/v2\/product"}],"about":[{"href":"https:\/\/pararepublique.com\/index.php\/wp-json\/wp\/v2\/types\/product"}],"replies":[{"embeddable":true,"href":"https:\/\/pararepublique.com\/index.php\/wp-json\/wp\/v2\/comments?post=13683"}],"version-history":[{"count":1,"href":"https:\/\/pararepublique.com\/index.php\/wp-json\/wp\/v2\/product\/13683\/revisions"}],"predecessor-version":[{"id":13685,"href":"https:\/\/pararepublique.com\/index.php\/wp-json\/wp\/v2\/product\/13683\/revisions\/13685"}],"wp:featuredmedia":[{"embeddable":true,"href":"https:\/\/pararepublique.com\/index.php\/wp-json\/wp\/v2\/media\/13684"}],"wp:attachment":[{"href":"https:\/\/pararepublique.com\/index.php\/wp-json\/wp\/v2\/media?parent=13683"}],"wp:term":[{"taxonomy":"product_cat","embeddable":true,"href":"https:\/\/pararepublique.com\/index.php\/wp-json\/wp\/v2\/product_cat?post=13683"},{"taxonomy":"product_tag","embeddable":true,"href":"https:\/\/pararepublique.com\/index.php\/wp-json\/wp\/v2\/product_tag?post=13683"}],"curies":[{"name":"wp","href":"https:\/\/api.w.org\/{rel}","templated":true}]}}