{"id":13686,"date":"2024-11-20T19:05:45","date_gmt":"2024-11-20T19:05:45","guid":{"rendered":"https:\/\/pararepublique.com\/?post_type=product&#038;p=13686"},"modified":"2024-11-20T19:05:45","modified_gmt":"2024-11-20T19:05:45","slug":"laino-lait-nutritif-douceur","status":"publish","type":"product","link":"https:\/\/pararepublique.com\/index.php\/product\/laino-lait-nutritif-douceur\/","title":{"rendered":"LAINO LAIT NUTRITIF DOUCEUR"},"content":{"rendered":"<div class=\"accordion__transition\">\n<div class=\"accordion-details\">\n<div class=\"\">\n<div class=\"prose mb-3.5 whitespace-normal text-s last:mb-0\">\n<p>Laino a s\u00e9lectionn\u00e9 le meilleur des actifs du bassin m\u00e9diterran\u00e9en pour formuler le Lait Nutritif Douceur \u00e0 destination des peaux sensibles.<\/p>\n<p>Adoucie, la peau d\u00e9licatement parfum\u00e9e est prot\u00e9g\u00e9e.<\/p>\n<p><strong>B\u00e9n\u00e9fices<\/strong><br \/>\nLe produit assouplit la peau : 92 % (1)<br \/>\nLe produit adoucit la peau : 94 % (1)<\/p>\n<p>(1) Pourcentage de satisfaction. Test d\u2019usage r\u00e9alis\u00e9 sous contr\u00f4le dermatologique sur 51 volontaires. Utilisation une fois par jour minimum pendant 21 jours.<\/p>\n<p><strong>Indications<br \/>\n<\/strong>Tous types de peaux.<\/p>\n<p><strong>Conseils d&rsquo;utilisation<\/strong><br \/>\nAppliquer matin et soir sur votre corps.<\/p>\n<p><strong>Principaux actifs<\/strong><br \/>\nGr\u00e2ce au miel de garrigue BIO et \u00e0 l\u2019association glyc\u00e9rine, cire d\u2019abeille et huile de tournesol BIO, ce soin hypoallerg\u00e9nique* assouplit les peaux sensibles et assure une hydratation** continue pendant 24H.<\/p>\n<p><strong>Composition<\/strong><br \/>\nAQUA (WATER) \/ EAU, GLYCERIN, CAPRYLIC\/CAPRIC TRIGLYCERIDE, HYDROGENATED COCONUT OIL, POLYGLYCERYL-6 DISTEARATE, C10-18 TRIGLYCERIDES, HELIANTHUS ANNUUS (SUNFLOWER) SEED OIL, DICAPRYLYL CARBONATE, CERA ALBA (BEESWAX) \/ CIRE D\u2019ABEILLE, TALC, JOJOBA ESTERS, MEL EXTRACT (HONEY EXTRACT) \/ EXTRAIT DE MIEL, POLYGLYCERYL-3 BEESWAX, SODIUM POLYACRYLATE, ETHYLHEXYLGLYCERIN, PARFUM (FRAGRANCE), POTASSIUM CETYL PHOSPHATE, CETYL ALCOHOL, CAPRYLYL GLYCOL, DECYLENE GLYCOL, XANTHAN GUM, CITRIC ACID, SODIUM BENZOATE, POTASSIUM SORBATE, TOCOPHEROL.<\/p>\n<p><strong>Conditionnement<\/strong><br \/>\nFlacon-pompe de 400 ml<\/p>\n<\/div>\n<\/div>\n<\/div>\n<\/div>\n","protected":false},"excerpt":{"rendered":"<p>Miel de garrigue BIO &amp; Tournesol BIO<br \/>\nAssouplit \u2013 Apaise la peau<br \/>\n24h hydratation* continue<br \/>\n97% d\u2019ingr\u00e9dients d\u2019origine naturelle<br \/>\n0% parab\u00e8ne \u2013 0% ph\u00e9noxy\u00e9thanol<br \/>\nHypoallerg\u00e9nique**<\/p>\n","protected":false},"featured_media":13687,"comment_status":"open","ping_status":"closed","template":"","meta":{"inline_featured_image":false,"_monsterinsights_skip_tracking":false,"_monsterinsights_sitenote_active":false,"_monsterinsights_sitenote_note":"","_monsterinsights_sitenote_category":0,"_joinchat":[]},"product_cat":[139],"product_tag":[],"class_list":{"0":"post-13686","1":"product","2":"type-product","3":"status-publish","4":"has-post-thumbnail","6":"product_cat-laino","8":"first","9":"instock","10":"shipping-taxable","11":"purchasable","12":"product-type-simple","13":"add-to-wishlist-after_add_to_cart"},"aioseo_notices":[],"_links":{"self":[{"href":"https:\/\/pararepublique.com\/index.php\/wp-json\/wp\/v2\/product\/13686","targetHints":{"allow":["GET"]}}],"collection":[{"href":"https:\/\/pararepublique.com\/index.php\/wp-json\/wp\/v2\/product"}],"about":[{"href":"https:\/\/pararepublique.com\/index.php\/wp-json\/wp\/v2\/types\/product"}],"replies":[{"embeddable":true,"href":"https:\/\/pararepublique.com\/index.php\/wp-json\/wp\/v2\/comments?post=13686"}],"version-history":[{"count":2,"href":"https:\/\/pararepublique.com\/index.php\/wp-json\/wp\/v2\/product\/13686\/revisions"}],"predecessor-version":[{"id":13689,"href":"https:\/\/pararepublique.com\/index.php\/wp-json\/wp\/v2\/product\/13686\/revisions\/13689"}],"wp:featuredmedia":[{"embeddable":true,"href":"https:\/\/pararepublique.com\/index.php\/wp-json\/wp\/v2\/media\/13687"}],"wp:attachment":[{"href":"https:\/\/pararepublique.com\/index.php\/wp-json\/wp\/v2\/media?parent=13686"}],"wp:term":[{"taxonomy":"product_cat","embeddable":true,"href":"https:\/\/pararepublique.com\/index.php\/wp-json\/wp\/v2\/product_cat?post=13686"},{"taxonomy":"product_tag","embeddable":true,"href":"https:\/\/pararepublique.com\/index.php\/wp-json\/wp\/v2\/product_tag?post=13686"}],"curies":[{"name":"wp","href":"https:\/\/api.w.org\/{rel}","templated":true}]}}