{"id":13693,"date":"2024-11-20T19:14:12","date_gmt":"2024-11-20T19:14:12","guid":{"rendered":"https:\/\/pararepublique.com\/?post_type=product&#038;p=13693"},"modified":"2024-11-20T19:14:13","modified_gmt":"2024-11-20T19:14:13","slug":"laino-lait-soin-intense-oliv-400ml","status":"publish","type":"product","link":"https:\/\/pararepublique.com\/index.php\/product\/laino-lait-soin-intense-oliv-400ml\/","title":{"rendered":"LAINO LAIT SOIN INTENSE OLIV 400ML"},"content":{"rendered":"<div class=\"product-blocks blocks-default\">\n<div class=\"tabs-container product_extra product_tabs product_tabs-default\">\n<div class=\"tab-content\">\n<div id=\"product_tabs-63dc4b0ee8939\" class=\"product_extra-242 tab-pane active\">\n<div class=\"block-body expand-block\">\n<div class=\"block-wrapper\">\n<div class=\"block-content\">\n<p><strong>La Cr\u00e8me de Soin Nutritif Intense Corps Olive Peaux Extra S\u00e8ches Atopiques Laino<\/strong> renferme une formule \u00ab 24 h d\u2019hydratation continue \u00bb \u00e0 destination des peaux extra s\u00e8ches \u00e0 tendance atopique. Parce que l\u2019hydratation est le geste cosm\u00e9tique essentiel pour apporter un effet b\u00e9n\u00e9fique sur la s\u00e9cheresse cutan\u00e9e, la Cr\u00e8me Laino puise sa force d\u00e9salt\u00e9rante et cicatrisante dans les meilleurs ingr\u00e9dients du bassin m\u00e9diterran\u00e9en. Gr\u00e2ce \u00e0 l\u2019extrait d\u2019olive vierge et \u00e0 l\u2019association de glyc\u00e9rine, de vitamine E et de racine de r\u00e9glisse, la Cr\u00e8me Laino nourrit intens\u00e9ment les peaux tr\u00e8s s\u00e8ches et aide \u00e0 apaiser les d\u00e9mangeaisons li\u00e9es \u00e0 l\u2019inflammation cutan\u00e9e. En s\u00e9lectionnant 95 % d\u2019ingr\u00e9dients d\u2019origine naturelle, Laino a \u00e9labor\u00e9 une formule ultra respectueuse de la nature fragile de l\u2019\u00e9piderme ab\u00eem\u00e9 pour lui procurer un confort imm\u00e9diat et durable.<\/p>\n<p>La composition de l\u2019huile d\u2019olive vierge est tr\u00e8s similaire \u00e0 celle du tissu adipeux sous-cutan\u00e9, ce qui lui permet de prot\u00e9ger la peau de la d\u00e9shydratation. Les vitamines A et E s\u2019associent \u00e0 la vitamine C pour freiner le processus de vieillissement de la peau en limitant le stress oxydatif. Gr\u00e2ce \u00e0 ses antioxydants tels que les flavono\u00efdes, l\u2019extrait d\u2019huile d\u2019olive contribue de mani\u00e8re significative \u00e0 la r\u00e9g\u00e9n\u00e9ration de la peau. L\u2019huile d\u2019olive est traditionnellement utilis\u00e9e dans de nombreux pays m\u00e9diterran\u00e9ens pour pr\u00e9venir et soulager les coups de soleil. La synergie de ses acides gras satur\u00e9s et de ses vitamines A, C et E a un effet positif sur la cicatrisation des irritations cutan\u00e9es et tend \u00e0 lisser l\u2019\u00e9piderme. La peau devient plus r\u00e9sistante et gagne en souplesse.<\/p>\n<p>La vitamine E poss\u00e8de un pouvoir anti-\u00e2ge puissant capable de bloquer l\u2019action des radicaux libres sur la peau et de r\u00e9duire les dommages cellulaires li\u00e9s \u00e0 l\u2019exposition aux UV et aux rigueurs de l\u2019hiver. Ses propri\u00e9t\u00e9s adoucissantes, protectrices et r\u00e9paratrices favorisent le maintien de l\u2019\u00e9lasticit\u00e9 et de l\u2019hydratation de la peau en renfor\u00e7ant son film hydrolipidique. L\u2019\u00e9noxolone est un actif apaisant issu de la racine de r\u00e9glisse. Il est dot\u00e9 de vertus anti-irritantes reconnues pour calmer les sensations d\u2019\u00e9chauffement et att\u00e9nuer les rougeurs diffuses des peaux r\u00e9actives. La glyc\u00e9rine est un agent \u00e9mollient qui pr\u00e9sente la particularit\u00e9 de pouvoir retenir plusieurs fois son poids en eau, ce qui en fait un alli\u00e9 id\u00e9al pour encourager la restauration des d\u00e9fenses naturelles de la peau face aux agressions ext\u00e9rieures.<\/p>\n<p>La Cr\u00e8me de Soin Nutritif Intense Corps Olive Peaux Extra S\u00e8ches Atopiques offre une texture \u00e0 la fois riche et l\u00e9g\u00e8re qui p\u00e9n\u00e8tre rapidement dans l\u2019\u00e9piderme sans laisser de film gras. Mieux prot\u00e9g\u00e9e et nourrie de l\u2019int\u00e9rieur, la peau retrouve sa souplesse et sa douceur naturelles.<\/p>\n<\/div>\n<\/div>\n<\/div>\n<\/div>\n<\/div>\n<\/div>\n<\/div>\n","protected":false},"excerpt":{"rendered":"<p><strong>La Cr\u00e8me de Soin Nutritif Intense Corps Olive Peaux Extra S\u00e8ches Atopiques Laino<\/strong> renferme une formule \u00ab 24 h d\u2019hydratation continue \u00bb \u00e0 destination des peaux extra s\u00e8ches \u00e0 tendance atopique. Parce que l\u2019hydratation est le geste cosm\u00e9tique essentiel pour apporter un effet b\u00e9n\u00e9fique sur la s\u00e9cheresse cutan\u00e9e, la Cr\u00e8me Laino puise sa force d\u00e9salt\u00e9rante et cicatrisante dans les meilleurs ingr\u00e9dients du bassin m\u00e9diterran\u00e9en. Gr\u00e2ce \u00e0 l\u2019extrait d\u2019olive vierge et \u00e0 l\u2019association de glyc\u00e9rine, de vitamine E et de racine de r\u00e9glisse, la Cr\u00e8me Laino nourrit intens\u00e9ment les peaux tr\u00e8s s\u00e8ches et aide \u00e0 apaiser les d\u00e9mangeaisons li\u00e9es \u00e0 l\u2019inflammation cutan\u00e9e. En s\u00e9lectionnant 95 % d\u2019ingr\u00e9dients d\u2019origine naturelle, Laino a \u00e9labor\u00e9 une formule ultra respectueuse de la nature fragile de l\u2019\u00e9piderme ab\u00eem\u00e9 pour lui procurer un confort imm\u00e9diat et durable.<\/p>\n","protected":false},"featured_media":13694,"comment_status":"open","ping_status":"closed","template":"","meta":{"inline_featured_image":false,"_monsterinsights_skip_tracking":false,"_monsterinsights_sitenote_active":false,"_monsterinsights_sitenote_note":"","_monsterinsights_sitenote_category":0,"_joinchat":[]},"product_cat":[139],"product_tag":[],"class_list":{"0":"post-13693","1":"product","2":"type-product","3":"status-publish","4":"has-post-thumbnail","6":"product_cat-laino","8":"first","9":"instock","10":"shipping-taxable","11":"purchasable","12":"product-type-simple","13":"add-to-wishlist-after_add_to_cart"},"aioseo_notices":[],"_links":{"self":[{"href":"https:\/\/pararepublique.com\/index.php\/wp-json\/wp\/v2\/product\/13693","targetHints":{"allow":["GET"]}}],"collection":[{"href":"https:\/\/pararepublique.com\/index.php\/wp-json\/wp\/v2\/product"}],"about":[{"href":"https:\/\/pararepublique.com\/index.php\/wp-json\/wp\/v2\/types\/product"}],"replies":[{"embeddable":true,"href":"https:\/\/pararepublique.com\/index.php\/wp-json\/wp\/v2\/comments?post=13693"}],"version-history":[{"count":1,"href":"https:\/\/pararepublique.com\/index.php\/wp-json\/wp\/v2\/product\/13693\/revisions"}],"predecessor-version":[{"id":13695,"href":"https:\/\/pararepublique.com\/index.php\/wp-json\/wp\/v2\/product\/13693\/revisions\/13695"}],"wp:featuredmedia":[{"embeddable":true,"href":"https:\/\/pararepublique.com\/index.php\/wp-json\/wp\/v2\/media\/13694"}],"wp:attachment":[{"href":"https:\/\/pararepublique.com\/index.php\/wp-json\/wp\/v2\/media?parent=13693"}],"wp:term":[{"taxonomy":"product_cat","embeddable":true,"href":"https:\/\/pararepublique.com\/index.php\/wp-json\/wp\/v2\/product_cat?post=13693"},{"taxonomy":"product_tag","embeddable":true,"href":"https:\/\/pararepublique.com\/index.php\/wp-json\/wp\/v2\/product_tag?post=13693"}],"curies":[{"name":"wp","href":"https:\/\/api.w.org\/{rel}","templated":true}]}}