{"id":13696,"date":"2024-11-20T19:17:52","date_gmt":"2024-11-20T19:17:52","guid":{"rendered":"https:\/\/pararepublique.com\/?post_type=product&#038;p=13696"},"modified":"2024-11-20T19:17:52","modified_gmt":"2024-11-20T19:17:52","slug":"laino-lotion-micellaire-eclat-500ml","status":"publish","type":"product","link":"https:\/\/pararepublique.com\/index.php\/product\/laino-lotion-micellaire-eclat-500ml\/","title":{"rendered":"LAINO LOTION MICELLAIRE ECLAT 500ML"},"content":{"rendered":"<p>La <strong>Lotion Micellaire Eclat de Laino <\/strong>est \u00e9labor\u00e9e pour les <strong>peaux sensibles<\/strong> en qu\u00eate de douceur.<br \/>\nElle peut les nettoyer le soir, les d\u00e9maquiller, et les r\u00e9veiller le matin.<br \/>\nLes traits du visage sont d\u00e9tendus, la peau est apais\u00e9e et le teint retrouve son \u00e9clat naturel.<\/p>\n<p>Ses principes actifs :<\/p>\n<p><strong>Extrait de Feuilles de Th\u00e9 Blanc<\/strong> : source d\u2019\u00e9clat en prot\u00e9geant contre la fatigue, le stress et la pollution.<\/p>\n<p>Sans parabens.<\/p>\n<p>Hypoallerg\u00e9nique.<\/p>\n<p>Test\u00e9e sous contr\u00f4le dermatologique.<\/p>\n<h2>Conseils d&rsquo;utilisation :<\/h2>\n<p>Appliquer matin et soir sur le visage, les yeux et le cou \u00e0 l\u2019aide d\u2019un coton.<\/p>\n<h2>Composition :<\/h2>\n<p>Aqua (Water), Propanediol, Aloe Barbadensis Leaf Juice Powder, Butylene Glycol, Camellia Sinensis Leaf Extract, Caprylyl\/Capryl Glucoside, Codium Tomentosum Extract, Inulin, Parfum (Fragrance), Citric Acid, Caprylyl Glycol, Sodium Benzoate.<\/p>\n<h2>Contenance :<\/h2>\n<p>500ml<\/p>\n","protected":false},"excerpt":{"rendered":"<div id=\"product-description-short-6760\" class=\"hit_description_short\">\n<p>Lotion micellaire \u00e9clat haute tol\u00e9rance<\/p>\n<p>Feuille de th\u00e9 blanc<\/p>\n<ul>\n<li>Nettoie et d\u00e9maquille en douceur le visage et les yeux, m\u00eame le maquillage waterproof !<\/li>\n<\/ul>\n<p>Sans rin\u00e7age<\/p>\n<p>95% d\u2019ingr\u00e9dients d\u2019origine naturelle<\/p>\n<p>Sans alcool<\/p>\n<\/div>\n","protected":false},"featured_media":13697,"comment_status":"open","ping_status":"closed","template":"","meta":{"inline_featured_image":false,"_monsterinsights_skip_tracking":false,"_monsterinsights_sitenote_active":false,"_monsterinsights_sitenote_note":"","_monsterinsights_sitenote_category":0,"_joinchat":[]},"product_cat":[139],"product_tag":[],"class_list":{"0":"post-13696","1":"product","2":"type-product","3":"status-publish","4":"has-post-thumbnail","6":"product_cat-laino","8":"first","9":"instock","10":"shipping-taxable","11":"purchasable","12":"product-type-simple","13":"add-to-wishlist-after_add_to_cart"},"aioseo_notices":[],"_links":{"self":[{"href":"https:\/\/pararepublique.com\/index.php\/wp-json\/wp\/v2\/product\/13696","targetHints":{"allow":["GET"]}}],"collection":[{"href":"https:\/\/pararepublique.com\/index.php\/wp-json\/wp\/v2\/product"}],"about":[{"href":"https:\/\/pararepublique.com\/index.php\/wp-json\/wp\/v2\/types\/product"}],"replies":[{"embeddable":true,"href":"https:\/\/pararepublique.com\/index.php\/wp-json\/wp\/v2\/comments?post=13696"}],"version-history":[{"count":2,"href":"https:\/\/pararepublique.com\/index.php\/wp-json\/wp\/v2\/product\/13696\/revisions"}],"predecessor-version":[{"id":13699,"href":"https:\/\/pararepublique.com\/index.php\/wp-json\/wp\/v2\/product\/13696\/revisions\/13699"}],"wp:featuredmedia":[{"embeddable":true,"href":"https:\/\/pararepublique.com\/index.php\/wp-json\/wp\/v2\/media\/13697"}],"wp:attachment":[{"href":"https:\/\/pararepublique.com\/index.php\/wp-json\/wp\/v2\/media?parent=13696"}],"wp:term":[{"taxonomy":"product_cat","embeddable":true,"href":"https:\/\/pararepublique.com\/index.php\/wp-json\/wp\/v2\/product_cat?post=13696"},{"taxonomy":"product_tag","embeddable":true,"href":"https:\/\/pararepublique.com\/index.php\/wp-json\/wp\/v2\/product_tag?post=13696"}],"curies":[{"name":"wp","href":"https:\/\/api.w.org\/{rel}","templated":true}]}}