{"id":13703,"date":"2024-11-20T19:27:04","date_gmt":"2024-11-20T19:27:04","guid":{"rendered":"https:\/\/pararepublique.com\/?post_type=product&#038;p=13703"},"modified":"2024-11-20T19:27:05","modified_gmt":"2024-11-20T19:27:05","slug":"laino-masque-soin-apaisant-16g","status":"publish","type":"product","link":"https:\/\/pararepublique.com\/index.php\/product\/laino-masque-soin-apaisant-16g\/","title":{"rendered":"LAINO MASQUE SOIN APAISANT 16G"},"content":{"rendered":"<div class=\"u-margin-bottom\">LAINO a s\u00e9lectionn\u00e9 le meilleur des actifs pour formuler le Masque Soin Apaisant \u00e0 destination des peaux sensibles. Gr\u00e2ce \u00e0 l\u2019argile rose et \u00e0 l\u2019association glyc\u00e9rine, huile de macadamia et huile essentielle d\u2019orange douce BIO, ce soin du visage r\u00e9\u00e9quilibre et apaise la peau.<\/div>\n<div><\/div>\n<p><strong>Conseil d&rsquo;utilisation\u00a0:<\/strong><\/p>\n<p>Avant toute premi\u00e8re utilisation, il est recommand\u00e9 de faire un essai sur votre avant-bras 24h avant.<br \/>\n\u00c0 appliquer 1 \u00e0 2 fois par semaine sur le visage pr\u00e9alablement nettoy\u00e9 en \u00e9vitant le contour des yeux. Laisser poser entre 5 et 10 minutes sans jamais laisser s\u00e9cher le masque \u00e0 l\u2019argile, puis rincer.<\/p>\n<p><strong>Composition\u00a0:<\/strong><\/p>\n<p>AQUA (WATER) \/ EAU, KAOLIN, ILLITE, CI 77891 (TITANIUM DIOXIDE), GLYCERIN, CETEARYL ALCOHOL, MACADAMIA INTEGRIFOLIA SEED OIL, DECYL OLEATE, CETYL ALCOHOL, CETEARYL GLUCOSIDE, PHENYLPROPANOL, CITRUS AURANTIUM DULCIS (ORANGE) PEEL OIL, PELARGONIUM GRAVEOLENS OIL, TOCOPHEROL, XANTHAN GUM, HYDROGENATED PALM GLYCERIDES CITRATE, ETHYLHEXYLGLYCERIN, TETRASODIUM GLUTAMATE DIACETATE, LACTIC ACID, CITRONELLOL, GERANIOL, LIMONENE, LINALOOL, CITRAL.<\/p>\n","protected":false},"excerpt":{"rendered":"<div id=\"product-description-short-5975\" class=\"product-description\">\n<div class=\"u-color__gray--dark c-product__ingredients-text\">Argile Rose &#8211; Huile essentielle d&rsquo;Orange Douce BIO<\/div>\n<ul>\n<li>Prot\u00e8ge \u2013\u00a0Adoucit<\/li>\n<li>Pr\u00eat \u00e0 l\u2019emploi<\/li>\n<li>Riche en oligo-\u00e9l\u00e9ments<\/li>\n<li>98% d\u2019ingr\u00e9dients d\u2019origine naturelle<\/li>\n<li>Sans parfum \u2013 Sans colorant<\/li>\n<li>0% parab\u00e8ne \u2013 0% ph\u00e9noxy\u00e9thanol<\/li>\n<\/ul>\n<\/div>\n","protected":false},"featured_media":13704,"comment_status":"open","ping_status":"closed","template":"","meta":{"inline_featured_image":false,"_monsterinsights_skip_tracking":false,"_monsterinsights_sitenote_active":false,"_monsterinsights_sitenote_note":"","_monsterinsights_sitenote_category":0,"_joinchat":[]},"product_cat":[139],"product_tag":[],"class_list":{"0":"post-13703","1":"product","2":"type-product","3":"status-publish","4":"has-post-thumbnail","6":"product_cat-laino","8":"first","9":"instock","10":"shipping-taxable","11":"purchasable","12":"product-type-simple","13":"add-to-wishlist-after_add_to_cart"},"aioseo_notices":[],"_links":{"self":[{"href":"https:\/\/pararepublique.com\/index.php\/wp-json\/wp\/v2\/product\/13703","targetHints":{"allow":["GET"]}}],"collection":[{"href":"https:\/\/pararepublique.com\/index.php\/wp-json\/wp\/v2\/product"}],"about":[{"href":"https:\/\/pararepublique.com\/index.php\/wp-json\/wp\/v2\/types\/product"}],"replies":[{"embeddable":true,"href":"https:\/\/pararepublique.com\/index.php\/wp-json\/wp\/v2\/comments?post=13703"}],"version-history":[{"count":1,"href":"https:\/\/pararepublique.com\/index.php\/wp-json\/wp\/v2\/product\/13703\/revisions"}],"predecessor-version":[{"id":13705,"href":"https:\/\/pararepublique.com\/index.php\/wp-json\/wp\/v2\/product\/13703\/revisions\/13705"}],"wp:featuredmedia":[{"embeddable":true,"href":"https:\/\/pararepublique.com\/index.php\/wp-json\/wp\/v2\/media\/13704"}],"wp:attachment":[{"href":"https:\/\/pararepublique.com\/index.php\/wp-json\/wp\/v2\/media?parent=13703"}],"wp:term":[{"taxonomy":"product_cat","embeddable":true,"href":"https:\/\/pararepublique.com\/index.php\/wp-json\/wp\/v2\/product_cat?post=13703"},{"taxonomy":"product_tag","embeddable":true,"href":"https:\/\/pararepublique.com\/index.php\/wp-json\/wp\/v2\/product_tag?post=13703"}],"curies":[{"name":"wp","href":"https:\/\/api.w.org\/{rel}","templated":true}]}}