{"id":13706,"date":"2024-11-21T10:24:42","date_gmt":"2024-11-21T10:24:42","guid":{"rendered":"https:\/\/pararepublique.com\/?post_type=product&#038;p=13706"},"modified":"2024-11-21T10:24:42","modified_gmt":"2024-11-21T10:24:42","slug":"laino-masque-soin-eclat-16g","status":"publish","type":"product","link":"https:\/\/pararepublique.com\/index.php\/product\/laino-masque-soin-eclat-16g\/","title":{"rendered":"LAINO MASQUE SOIN ECLAT 16G"},"content":{"rendered":"<div id=\"detail\">\n<div class=\"dp09\">\n<p>Le masque Soin \u00c9clat Laino nourrit la peau et apporte de l&rsquo;\u00e9clat au teint.<\/p>\n<p>Il agit gr\u00e2ce \u00e0 une formule qui contient :<\/p>\n<ul>\n<li>de l&rsquo;argile blanche,<\/li>\n<li>de la glyc\u00e9rine,<\/li>\n<li>de l&rsquo;huile de macadamia,<\/li>\n<li>de l&rsquo;huile essentielle de lavande bio.<\/li>\n<\/ul>\n<h2>Indications :<\/h2>\n<p>Masque pour peaux s\u00e8ches.<\/p>\n<h2>Conseils d&rsquo;utilisation :<\/h2>\n<p>Utiliser 1 \u00e0 2 fois par semaine.<\/p>\n<p>Appliquer sur l&rsquo;ensemble du visage. \u00c9viter le contour des yeux. Laisser poser 5 \u00e0 10 minutes, puis rincer.<\/p>\n<p>Avant la premi\u00e8re utilisation, faire un test d&rsquo;application 24 heures avant.<\/p>\n<h2>Composition :<\/h2>\n<p>Aqua (Water) \/Eau, kaolin, CI 77891 (titanium dioxide), glycerin, cetearyl alcohol, macadamia integrifolia seed oil, decyl alcohol, macadamia integrifolia seed oil, decyl oleate, cetyl alcohol, cetearyl glucoside, citrus aurantium dulcis (orange) peel oil, lavandula angustifolia (lavender) oil, tocopherol, caprylyl glycol, hydrogenated palm glycerides citrate, xanthan gum, ethylhexylglycerin, citric acid, limonene, linalool, citral, geraniol.<\/p>\n<\/div>\n<\/div>\n<div id=\"extra-info\">\n<p>La composition du produit peut \u00e9voluer et ne pas \u00eatre \u00e0 jour sur le site. Veuillez vous r\u00e9f\u00e9rer aux informations sur le produit. Au besoin n&rsquo;h\u00e9sitez pas \u00e0 nous contacter avant de passer commande.<\/p>\n<p>Photo non contractuelle.<\/p>\n<\/div>\n","protected":false},"excerpt":{"rendered":"<h2 class=\"pd00\">Masque Visage \u00e0 l&rsquo;argile blanche et \u00e0 l&rsquo;huile essentielle de lavande bio.<\/h2>\n","protected":false},"featured_media":13707,"comment_status":"open","ping_status":"closed","template":"","meta":{"inline_featured_image":false,"_monsterinsights_skip_tracking":false,"_monsterinsights_sitenote_active":false,"_monsterinsights_sitenote_note":"","_monsterinsights_sitenote_category":0,"_joinchat":[]},"product_cat":[139],"product_tag":[],"class_list":{"0":"post-13706","1":"product","2":"type-product","3":"status-publish","4":"has-post-thumbnail","6":"product_cat-laino","8":"first","9":"instock","10":"shipping-taxable","11":"purchasable","12":"product-type-simple","13":"add-to-wishlist-after_add_to_cart"},"aioseo_notices":[],"_links":{"self":[{"href":"https:\/\/pararepublique.com\/index.php\/wp-json\/wp\/v2\/product\/13706","targetHints":{"allow":["GET"]}}],"collection":[{"href":"https:\/\/pararepublique.com\/index.php\/wp-json\/wp\/v2\/product"}],"about":[{"href":"https:\/\/pararepublique.com\/index.php\/wp-json\/wp\/v2\/types\/product"}],"replies":[{"embeddable":true,"href":"https:\/\/pararepublique.com\/index.php\/wp-json\/wp\/v2\/comments?post=13706"}],"version-history":[{"count":1,"href":"https:\/\/pararepublique.com\/index.php\/wp-json\/wp\/v2\/product\/13706\/revisions"}],"predecessor-version":[{"id":13708,"href":"https:\/\/pararepublique.com\/index.php\/wp-json\/wp\/v2\/product\/13706\/revisions\/13708"}],"wp:featuredmedia":[{"embeddable":true,"href":"https:\/\/pararepublique.com\/index.php\/wp-json\/wp\/v2\/media\/13707"}],"wp:attachment":[{"href":"https:\/\/pararepublique.com\/index.php\/wp-json\/wp\/v2\/media?parent=13706"}],"wp:term":[{"taxonomy":"product_cat","embeddable":true,"href":"https:\/\/pararepublique.com\/index.php\/wp-json\/wp\/v2\/product_cat?post=13706"},{"taxonomy":"product_tag","embeddable":true,"href":"https:\/\/pararepublique.com\/index.php\/wp-json\/wp\/v2\/product_tag?post=13706"}],"curies":[{"name":"wp","href":"https:\/\/api.w.org\/{rel}","templated":true}]}}